{"id":4714,"date":"2024-10-07T16:54:20","date_gmt":"2024-10-07T14:54:20","guid":{"rendered":"https:\/\/unrivalled-manx-5b8ed1.instawp.xyz\/aviso-legal\/"},"modified":"2024-10-28T09:27:57","modified_gmt":"2024-10-28T08:27:57","slug":"legal-warning","status":"publish","type":"page","link":"https:\/\/www.huurreiberica.com\/en\/legal-warning\/","title":{"rendered":"Legal Warning"},"content":{"rendered":"\n<div style=\"height:100px\" aria-hidden=\"true\" class=\"wp-block-spacer\"><\/div>\n\n\n\n<div class=\"wp-block-group wrap simple-text-control\"><div class=\"wp-block-group__inner-container is-layout-constrained wp-block-group-is-layout-constrained\">\n<h1 class=\"wp-block-heading\">LEGAL WARNING<\/h1>\n\n\n\n<p>The website and the domain huurreiberica.com belongs to Huurre Ib\u00e9rica, S.A.U. (hereinafter HUURRE), with company tax code A17202375 and address of Carrer de Seriny\u00e0, 43, 17244 Cass\u00e0 de la Selva, Girona. Pol\u00edgono Industrial El Trust, email <a href=\"mailto:huurre@huurreiberica.com\">huurre@huurreiberica.com<\/a>, registered in the Mercantile Registry of Girona. Book 596, Volume 717, Folio 169, Page 10,444.<\/p>\n\n\n\n<h2 class=\"wp-block-heading\">INDUSTRIAL AND INTELLECTUAL PROPERTY<\/h2>\n\n\n\n<p>The rights concerning the contents of this site, including texts, images, graphic designs, trademarks and other distinctive signs (hereinafter the contents), belong to HUURRE or to third parties who have authorised their use.<br>HUURRE authorises the contents for non-commercial use as long as the source is always clearly indicated. If the contents are used on the web, a link to www.huurreiberica.com must be included.<br><\/p>\n\n\n\n<p>HUURRE reserves the right to start appropriate legal action in defence of its industrial or intellectual property rights.<br>Presentations of the contents of this site are not allowed in a window outside of www.huurreiberica.com (framing).<\/p>\n\n\n\n<h2 class=\"wp-block-heading\">RESPONSIBILITY CONCERNING CONTENTS<\/h2>\n\n\n\n<p>Although HUURRE acts as conscientiously as possible, the user may encounter times when some information or data is not completely up-to-date at the moment of consultation.<br>Therefore, HUURRE declares that any references to the services that are presented on its website are of a purely orientational basis and no obligation is placed on HUURRE until the express contracting of an order.<br>HUURRE reserves the right to unilaterally modify, at any time and without prior notice, the presentation, configuration and contents of the website.<br>HUURRE is not responsible for information that may be obtained through links included on the site.<\/p>\n\n\n\n<h2 class=\"wp-block-heading\">CONDITIONS OF USE<\/h2>\n\n\n\n<p>The use of this website implies full acceptance of the terms and conditions of this legal notice. Possible conflicts related to this website will be governed exclusively by Spanish State law.<br>Any user of the website, regardless of the territorial jurisdiction from which their access occurs, accepts compliance with and respect for these clauses with express waiver of any other legal privileges or exemptions that may correspond to them.<\/p>\n<\/div><\/div>\n\n\n\n<div style=\"height:100px\" aria-hidden=\"true\" class=\"wp-block-spacer\"><\/div>\n","protected":false},"excerpt":{"rendered":"<p>LEGAL WARNING The website and the domain huurreiberica.com belongs to Huurre Ib\u00e9rica, S.A.U. (hereinafter HUURRE), with company tax code A17202375 and address of Carrer de Seriny\u00e0, 43, 17244 Cass\u00e0 de la Selva, Girona. Pol\u00edgono Industrial El Trust, email huurre@huurreiberica.com, registered in the Mercantile Registry of Girona. Book 596, Volume 717, Folio 169, Page 10,444. INDUSTRIAL [&hellip;]<\/p>\n","protected":false},"author":1,"featured_media":0,"parent":0,"menu_order":0,"comment_status":"closed","ping_status":"closed","template":"page-templates\/page-full-width.php","meta":{"_acf_changed":false,"_oasis_is_in_workflow":0,"_oasis_original":0,"_oasis_task_priority":"2normal","_genesis_hide_title":false,"_genesis_hide_breadcrumbs":false,"_genesis_hide_singular_image":false,"_genesis_hide_footer_widgets":false,"_genesis_custom_body_class":"","_genesis_custom_post_class":"","_genesis_layout":"","footnotes":""},"class_list":{"0":"post-4714","1":"page","2":"type-page","3":"status-publish","5":"entry"},"acf":[],"yoast_head":"<!-- This site is optimized with the Yoast SEO plugin v27.3 - https:\/\/yoast.com\/product\/yoast-seo-wordpress\/ -->\n<title>Legal Warning - Huurre<\/title>\n<meta name=\"robots\" content=\"index, follow, max-snippet:-1, max-image-preview:large, max-video-preview:-1\" \/>\n<link rel=\"canonical\" href=\"https:\/\/www.huurreiberica.com\/en\/legal-warning\/\" \/>\n<meta property=\"og:locale\" content=\"en_US\" \/>\n<meta property=\"og:type\" content=\"article\" \/>\n<meta property=\"og:title\" content=\"Legal Warning - Huurre\" \/>\n<meta property=\"og:description\" content=\"LEGAL WARNING The website and the domain huurreiberica.com belongs to Huurre Ib\u00e9rica, S.A.U. (hereinafter HUURRE), with company tax code A17202375 and address of Carrer de Seriny\u00e0, 43, 17244 Cass\u00e0 de la Selva, Girona. Pol\u00edgono Industrial El Trust, email huurre@huurreiberica.com, registered in the Mercantile Registry of Girona. Book 596, Volume 717, Folio 169, Page 10,444. INDUSTRIAL [&hellip;]\" \/>\n<meta property=\"og:url\" content=\"https:\/\/www.huurreiberica.com\/en\/legal-warning\/\" \/>\n<meta property=\"og:site_name\" content=\"Huurre\" \/>\n<meta property=\"article:modified_time\" content=\"2024-10-28T08:27:57+00:00\" \/>\n<meta name=\"twitter:card\" content=\"summary_large_image\" \/>\n<meta name=\"twitter:label1\" content=\"Est. reading time\" \/>\n\t<meta name=\"twitter:data1\" content=\"2 minutes\" \/>\n<script type=\"application\/ld+json\" class=\"yoast-schema-graph\">{\"@context\":\"https:\\\/\\\/schema.org\",\"@graph\":[{\"@type\":\"WebPage\",\"@id\":\"https:\\\/\\\/www.huurreiberica.com\\\/en\\\/legal-warning\\\/\",\"url\":\"https:\\\/\\\/www.huurreiberica.com\\\/en\\\/legal-warning\\\/\",\"name\":\"Legal Warning - Huurre\",\"isPartOf\":{\"@id\":\"https:\\\/\\\/www.huurreiberica.com\\\/en\\\/#website\"},\"datePublished\":\"2024-10-07T14:54:20+00:00\",\"dateModified\":\"2024-10-28T08:27:57+00:00\",\"breadcrumb\":{\"@id\":\"https:\\\/\\\/www.huurreiberica.com\\\/en\\\/legal-warning\\\/#breadcrumb\"},\"inLanguage\":\"en-US\",\"potentialAction\":[{\"@type\":\"ReadAction\",\"target\":[\"https:\\\/\\\/www.huurreiberica.com\\\/en\\\/legal-warning\\\/\"]}]},{\"@type\":\"BreadcrumbList\",\"@id\":\"https:\\\/\\\/www.huurreiberica.com\\\/en\\\/legal-warning\\\/#breadcrumb\",\"itemListElement\":[{\"@type\":\"ListItem\",\"position\":1,\"name\":\"Home\",\"item\":\"https:\\\/\\\/www.huurreiberica.com\\\/en\\\/\"},{\"@type\":\"ListItem\",\"position\":2,\"name\":\"Legal Warning\"}]},{\"@type\":\"WebSite\",\"@id\":\"https:\\\/\\\/www.huurreiberica.com\\\/en\\\/#website\",\"url\":\"https:\\\/\\\/www.huurreiberica.com\\\/en\\\/\",\"name\":\"Huurre\",\"description\":\"Paneles aislantes para edificios eficientes y sostenibles | Fabricamos paneles para fachadas, paredes interiores,\",\"potentialAction\":[{\"@type\":\"SearchAction\",\"target\":{\"@type\":\"EntryPoint\",\"urlTemplate\":\"https:\\\/\\\/www.huurreiberica.com\\\/en\\\/?s={search_term_string}\"},\"query-input\":{\"@type\":\"PropertyValueSpecification\",\"valueRequired\":true,\"valueName\":\"search_term_string\"}}],\"inLanguage\":\"en-US\"}]}<\/script>\n<!-- \/ Yoast SEO plugin. -->","yoast_head_json":{"title":"Legal Warning - Huurre","robots":{"index":"index","follow":"follow","max-snippet":"max-snippet:-1","max-image-preview":"max-image-preview:large","max-video-preview":"max-video-preview:-1"},"canonical":"https:\/\/www.huurreiberica.com\/en\/legal-warning\/","og_locale":"en_US","og_type":"article","og_title":"Legal Warning - Huurre","og_description":"LEGAL WARNING The website and the domain huurreiberica.com belongs to Huurre Ib\u00e9rica, S.A.U. (hereinafter HUURRE), with company tax code A17202375 and address of Carrer de Seriny\u00e0, 43, 17244 Cass\u00e0 de la Selva, Girona. Pol\u00edgono Industrial El Trust, email huurre@huurreiberica.com, registered in the Mercantile Registry of Girona. Book 596, Volume 717, Folio 169, Page 10,444. INDUSTRIAL [&hellip;]","og_url":"https:\/\/www.huurreiberica.com\/en\/legal-warning\/","og_site_name":"Huurre","article_modified_time":"2024-10-28T08:27:57+00:00","twitter_card":"summary_large_image","twitter_misc":{"Est. reading time":"2 minutes"},"schema":{"@context":"https:\/\/schema.org","@graph":[{"@type":"WebPage","@id":"https:\/\/www.huurreiberica.com\/en\/legal-warning\/","url":"https:\/\/www.huurreiberica.com\/en\/legal-warning\/","name":"Legal Warning - Huurre","isPartOf":{"@id":"https:\/\/www.huurreiberica.com\/en\/#website"},"datePublished":"2024-10-07T14:54:20+00:00","dateModified":"2024-10-28T08:27:57+00:00","breadcrumb":{"@id":"https:\/\/www.huurreiberica.com\/en\/legal-warning\/#breadcrumb"},"inLanguage":"en-US","potentialAction":[{"@type":"ReadAction","target":["https:\/\/www.huurreiberica.com\/en\/legal-warning\/"]}]},{"@type":"BreadcrumbList","@id":"https:\/\/www.huurreiberica.com\/en\/legal-warning\/#breadcrumb","itemListElement":[{"@type":"ListItem","position":1,"name":"Home","item":"https:\/\/www.huurreiberica.com\/en\/"},{"@type":"ListItem","position":2,"name":"Legal Warning"}]},{"@type":"WebSite","@id":"https:\/\/www.huurreiberica.com\/en\/#website","url":"https:\/\/www.huurreiberica.com\/en\/","name":"Huurre","description":"Paneles aislantes para edificios eficientes y sostenibles | Fabricamos paneles para fachadas, paredes interiores,","potentialAction":[{"@type":"SearchAction","target":{"@type":"EntryPoint","urlTemplate":"https:\/\/www.huurreiberica.com\/en\/?s={search_term_string}"},"query-input":{"@type":"PropertyValueSpecification","valueRequired":true,"valueName":"search_term_string"}}],"inLanguage":"en-US"}]}},"featured_image_src":null,"featured_image_src_square":null,"_links":{"self":[{"href":"https:\/\/www.huurreiberica.com\/en\/wp-json\/wp\/v2\/pages\/4714","targetHints":{"allow":["GET"]}}],"collection":[{"href":"https:\/\/www.huurreiberica.com\/en\/wp-json\/wp\/v2\/pages"}],"about":[{"href":"https:\/\/www.huurreiberica.com\/en\/wp-json\/wp\/v2\/types\/page"}],"author":[{"embeddable":true,"href":"https:\/\/www.huurreiberica.com\/en\/wp-json\/wp\/v2\/users\/1"}],"replies":[{"embeddable":true,"href":"https:\/\/www.huurreiberica.com\/en\/wp-json\/wp\/v2\/comments?post=4714"}],"version-history":[{"count":4,"href":"https:\/\/www.huurreiberica.com\/en\/wp-json\/wp\/v2\/pages\/4714\/revisions"}],"predecessor-version":[{"id":11644,"href":"https:\/\/www.huurreiberica.com\/en\/wp-json\/wp\/v2\/pages\/4714\/revisions\/11644"}],"wp:attachment":[{"href":"https:\/\/www.huurreiberica.com\/en\/wp-json\/wp\/v2\/media?parent=4714"}],"curies":[{"name":"wp","href":"https:\/\/api.w.org\/{rel}","templated":true}]}}