{"id":10607,"date":"2024-11-21T16:59:27","date_gmt":"2024-11-21T15:59:27","guid":{"rendered":"https:\/\/www.huurreiberica.com\/?page_id=10607"},"modified":"2026-04-16T17:25:47","modified_gmt":"2026-04-16T15:25:47","slug":"comportement-au-feu","status":"publish","type":"page","link":"https:\/\/www.huurreiberica.com\/fr\/comportement-au-feu\/","title":{"rendered":"Not all insulation is the same"},"content":{"rendered":"\n<!-- French Translation -->\n<header>\n    <h1>Approche du comportement au feu des panneaux sandwich<\/h1>\n<\/header>\n\n<section id=\"presentation\">\n    <p>Huurre poss\u00e8de plus de 30 ans d&rsquo;exp\u00e9rience dans la fourniture de panneaux isolants \u00e0 \u00e2me en PIR et en laine de roche, con\u00e7us pour r\u00e9pondre aux exigences applicables en mati\u00e8re de comportement au feu.\nL&rsquo;entreprise applique une m\u00e9thodologie d&rsquo;essai visant \u00e0 \u00e9valuer le comportement au feu des panneaux \u00e0 l&rsquo;aide de tests r\u00e9alis\u00e9s conform\u00e9ment aux normes et aux syst\u00e8mes de classification reconnus, dans le but de disposer d&rsquo;informations techniques v\u00e9rifi\u00e9es sur leurs performances en cas d&rsquo;incendie.<\/p>\n\n    <p>Les syst\u00e8mes de construction de Huurre sont test\u00e9s en suivant des guides de montage qui reproduisent des configurations repr\u00e9sentatives de l&rsquo;utilisation r\u00e9elle. Ces guides d\u00e9finissent les diff\u00e9rents \u00e9l\u00e9ments de construction et les accessoires n\u00e9cessaires \u00e0 leur installation correcte, conform\u00e9ment aux exigences de chaque application. L&rsquo;analyse des r\u00e9sultats des essais et des certifications de comportement au feu contribue \u00e0 la r\u00e9vision et \u00e0 la mise \u00e0 jour des solutions propos\u00e9es, dans le cadre d&rsquo;un processus d&rsquo;am\u00e9lioration continue.<\/p>\n\n    <p>La philosophie d&rsquo;entreprise \u00ab Not all insulation is the same \u00bb se refl\u00e8te dans la commercialisation de syst\u00e8mes certifi\u00e9s par des organismes externes ind\u00e9pendants. De m\u00eame, l&rsquo;entreprise encourage la collecte et l&rsquo;analyse d&rsquo;informations issues d&rsquo;incendies r\u00e9els, lorsqu&rsquo;elles sont disponibles, afin de documenter de mani\u00e8re objective le comportement au feu de ses panneaux dans des conditions d&rsquo;utilisation r\u00e9elles.<\/p>\n<\/section>\n\n\n\n<h2 class=\"wp-block-heading\"><\/h2>\n\n\n\n<div class=\"wp-block-buttons is-content-justification-center is-layout-flex wp-container-core-buttons-is-layout-16018d1d wp-block-buttons-is-layout-flex\">\n<div class=\"wp-block-button is-style-fill\"><a class=\"wp-block-button__link has-background has-text-align-center wp-element-button\" href=\"\/wp-content\/uploads\/2024\/10\/Huurre-NAIIS-fire-dossier-es-es.pdf\" style=\"border-radius:0px;background-color:#004289\" target=\"_blank\" rel=\"noreferrer noopener\">\u00ab\u00a0Not all insulation is the same\u00a0\u00bb Catalogue<\/a><\/div>\n<\/div>\n\n\n\n<hr class=\"wp-block-separator has-alpha-channel-opacity\"\/>\n\n\n\n<div style=\"height:100px\" aria-hidden=\"true\" class=\"wp-block-spacer\"><\/div>\n\n\n\n<div class=\"wp-block-columns is-layout-flex wp-container-core-columns-is-layout-9d6595d7 wp-block-columns-is-layout-flex\">\n<div class=\"wp-block-column is-layout-flow wp-block-column-is-layout-flow\" style=\"flex-basis:66.66%\">\n<h4 class=\"wp-block-heading\">R\u00e9action et r\u00e9sistance au feu<\/h4>\n\n\n\n<p>Les deux param\u00e8tres les plus courants pour d\u00e9terminer le comportement d\u2019un panneau isolant en cas d\u2019incendie sont sa r\u00e9action au feu et sa r\u00e9sistance au feu. La r\u00e9action caract\u00e9rise la r\u00e9ponse du panneau lorsqu&rsquo;il est soumis \u00e0 un incendie et est importante pendant les premiers stades de l&rsquo;incendie. La r\u00e9sistance, en revanche, est critique lorsque le feu est pleinement d\u00e9velopp\u00e9 et le panneau doit le contenir pour emp\u00eacher sa propagation.<\/p>\n\n\n\n<p><\/p>\n<\/div>\n\n\n\n<div class=\"wp-block-column is-layout-flow wp-block-column-is-layout-flow\" style=\"flex-basis:33.33%\">\n<figure class=\"wp-block-embed is-type-video is-provider-youtube wp-block-embed-youtube wp-embed-aspect-16-9 wp-has-aspect-ratio\"><div class=\"wp-block-embed__wrapper\">\n<iframe loading=\"lazy\" title=\"Huurre. FAQs sobre el fuego \/ 4: \u00bfQu\u00e9 son la reacci\u00f3n y la resistencia a fuego?\" width=\"500\" height=\"281\" src=\"https:\/\/www.youtube.com\/embed\/Zn207CUS_IE?feature=oembed\" frameborder=\"0\" allow=\"accelerometer; autoplay; clipboard-write; encrypted-media; gyroscope; picture-in-picture; web-share\" referrerpolicy=\"strict-origin-when-cross-origin\" allowfullscreen><\/iframe>\n<\/div><\/figure>\n<\/div>\n<\/div>\n\n\n\n<hr class=\"wp-block-separator has-alpha-channel-opacity\"\/>\n\n\n\n<div style=\"height:91px\" aria-hidden=\"true\" class=\"wp-block-spacer\"><\/div>\n\n\n\n<div class=\"wp-block-columns is-layout-flex wp-container-core-columns-is-layout-9d6595d7 wp-block-columns-is-layout-flex\">\n<div class=\"wp-block-column is-layout-flow wp-block-column-is-layout-flow\" style=\"flex-basis:33.33%\">\n<figure class=\"wp-block-embed is-type-video is-provider-youtube wp-block-embed-youtube wp-embed-aspect-16-9 wp-has-aspect-ratio\"><div class=\"wp-block-embed__wrapper\">\n<iframe loading=\"lazy\" title=\"Huurre presenta su marca DUAL:  panel sandwich con resistencia al fuego\" width=\"500\" height=\"281\" src=\"https:\/\/www.youtube.com\/embed\/tq5kd_se0I4?feature=oembed\" frameborder=\"0\" allow=\"accelerometer; autoplay; clipboard-write; encrypted-media; gyroscope; picture-in-picture; web-share\" referrerpolicy=\"strict-origin-when-cross-origin\" allowfullscreen><\/iframe>\n<\/div><figcaption class=\"wp-element-caption\">Descubre el nuevo sistema Dual<\/figcaption><\/figure>\n<\/div>\n\n\n\n<div class=\"wp-block-column is-layout-flow wp-block-column-is-layout-flow\" style=\"flex-basis:66.66%\">\n<h4 class=\"wp-block-heading\">Syst\u00e8me double par Huurre<\/h4>\n\n\n\n<p>La gamme de panneaux sandwich DUAL offre une haute r\u00e9sistance au feu, c&rsquo;est-\u00e0-dire qu&rsquo;ils sont class\u00e9s EI. Chaque panneau sandwich Huurre DUAL, ainsi que ses conditions de montage, assure une sectorisation en cas d&rsquo;incendie pendant un certain temps. Consultez les <a href=\"https:\/\/www.huurreiberica.com\/fr\/categorie-produit\/panneau-sectorisation\/\" target=\"_blank\" rel=\"noreferrer noopener\">syst\u00e8mes DUAL dans notre catalogue<\/a> et contactez-nous pour plus de d\u00e9tails.<\/p>\n<\/div>\n<\/div>\n\n\n\n<div style=\"height:91px\" aria-hidden=\"true\" class=\"wp-block-spacer\"><\/div>\n\n\n\n<div class=\"wp-block-columns is-layout-flex wp-container-core-columns-is-layout-9d6595d7 wp-block-columns-is-layout-flex\">\n<div class=\"wp-block-column is-layout-flow wp-block-column-is-layout-flow\" style=\"flex-basis:66.66%\">\n<h4 class=\"wp-block-heading\">Certification FM Approvals<\/h4>\n\n\n\n<p>Huurre \u00e9value certains de ses produits cl\u00e9s au moyen d\u2019essais r\u00e9alis\u00e9s conform\u00e9ment aux exigences \u00e9tablies par FM Approvals. En 2007, l\u2019entreprise a d\u00e9velopp\u00e9 le PIRM, une formulation avanc\u00e9e visant \u00e0 am\u00e9liorer certaines performances des noyaux PIR. Les panneaux \u00e0 \u00e2me PIRM ont obtenu la certification FM Approved, devenant les premiers de ce type \u00e0 \u00eatre certifi\u00e9s en Espagne.<\/p>\n\n\n\n<p>Aujourd\u2019hui, Huurre poursuit les travaux d\u2019\u00e9valuation des panneaux \u00e0 noyau isolant QuadCore\u00ae, dans le but de permettre \u00e0 ces solutions de r\u00e9pondre aux exigences n\u00e9cessaires pour l\u2019obtention de la certification FM.<\/p>\n\n\n\n<p>Pourquoi FM Approvals est-il important ?<\/p>\n\n\n\n<p>\u2013 Rigueur plus exigeante : les panneaux FM Approved sont soumis \u00e0 des tests beaucoup plus exigeants que les essais de r\u00e9action au feu ou de r\u00e9sistance.<br>\u2013 Reconnaissance mondiale : sa marque est respect\u00e9e par les consommateurs, les organismes d&rsquo;accr\u00e9ditation et les assureurs.<br>\u2013 Garantie compl\u00e8te : l&rsquo;agr\u00e9ment comprend l&rsquo;\u00e9valuation du produit et des audits p\u00e9riodiques du processus de production dans les usines de Huurre afin de garantir une qualit\u00e9 constante.<br>FM Approvals fait partie de FM Global, leader mondial de l&rsquo;assurance et de la gestion des risques, et agit en tant qu&rsquo;organisme ind\u00e9pendant pour certifier les produits qui pr\u00e9viennent les pertes dans les installations commerciales et industrielles.<\/p>\n\n\n\n<p>D\u00e9couvrez tous les d\u00e9tails dans chaque fiche technique ou contactez-nous pour plus d&rsquo;informations.<\/p>\n<\/div>\n\n\n\n<div class=\"wp-block-column is-layout-flow wp-block-column-is-layout-flow\" style=\"flex-basis:33.33%\">\n<figure class=\"wp-block-embed is-type-video is-provider-youtube wp-block-embed-youtube wp-embed-aspect-4-3 wp-has-aspect-ratio\"><div class=\"wp-block-embed__wrapper\">\n<iframe loading=\"lazy\" title=\"HUURRE Panel frigor\u00edfico HI-F PIRM CLASE 1 &quot;FM Approved&quot; - Fire Test UBC 26-3\" width=\"500\" height=\"375\" src=\"https:\/\/www.youtube.com\/embed\/dqfwhZVavis?feature=oembed\" frameborder=\"0\" allow=\"accelerometer; autoplay; clipboard-write; encrypted-media; gyroscope; picture-in-picture; web-share\" referrerpolicy=\"strict-origin-when-cross-origin\" allowfullscreen><\/iframe>\n<\/div><\/figure>\n<\/div>\n<\/div>\n\n\n\n<div style=\"height:91px\" aria-hidden=\"true\" class=\"wp-block-spacer\"><\/div>\n\n\n\n<h2 class=\"wp-block-heading\">Analyse d&rsquo;incendies r\u00e9els<\/h2>\n\n\n\n<details class=\"wp-block-details is-layout-flow wp-block-details-is-layout-flow\"><summary>L&rsquo;un des arguments les plus convaincants en faveur de l&rsquo;utilisation des panneaux sandwich Huurre Ib\u00e9rica est l&rsquo;analyse de cas d&rsquo;incendie r\u00e9els, que Huurre et le groupe Kingspan ont analys\u00e9s par l&rsquo;interm\u00e9diaire d&rsquo;agences ind\u00e9pendantes sp\u00e9cialis\u00e9es dans les enqu\u00eates sur les incendies.<\/summary>\n<p><\/p>\n\n\n\n<p class=\"has-text-align-left\">Les \u00ab&nbsp;\u00e9tudes de cas d&rsquo;incendie r\u00e9el&nbsp;\u00bb de Huurre et d&rsquo;autres usines du groupe Kingspan ont fait l&rsquo;objet d&rsquo;enqu\u00eates ind\u00e9pendantes et ont d\u00e9montr\u00e9 les performances des syst\u00e8mes de panneaux et leur faible contribution au feu. Au fil des ann\u00e9es, nous avons constitu\u00e9 une biblioth\u00e8que d&rsquo;\u00e9tudes de cas d&rsquo;incendie r\u00e9els, y compris les enqu\u00eates d&rsquo;incendie ind\u00e9pendantes suivantes r\u00e9alis\u00e9es par un cabinet de conseil ind\u00e9pendant en ing\u00e9nierie incendie.<\/p>\n\n\n\n<p class=\"has-text-align-left\"><strong>Conclusions g\u00e9n\u00e9rales :<\/strong><\/p>\n\n\n\n<ul class=\"wp-block-list\">\n<li>Il n&rsquo;y a aucune preuve indiquant que les panneaux ont augment\u00e9 le risque de propagation du feu.<\/li>\n<\/ul>\n\n\n\n<ul class=\"wp-block-list\">\n<li>Les noyaux PIR, PIRM ou QuadCore carbonis\u00e9s au contact du feu.<\/li>\n<\/ul>\n\n\n\n<ul class=\"wp-block-list\">\n<li>Le feu ne s\u2019est pas propag\u00e9 \u00e0 l\u2019int\u00e9rieur de l\u2019\u00e2me isolante du panneau sandwich.<\/li>\n<\/ul>\n\n\n\n<ul class=\"wp-block-list\">\n<li>Les noyaux isol\u00e9s PIR, PIRM ou QuadCore ne se sont pas carbonis\u00e9s dans les zones non expos\u00e9es au feu.<\/li>\n<\/ul>\n<\/details>\n\n\n\n<p><br><br><\/p>\n\n\n<section class=\"vp_slider_section\">\n    <div class=\"vp_slider_content\">\n               <div class=\"vp_slider_slide\">\n            \n            <div class=\"vp_slider_out\" >\n                <a class=\"vp_slider_slide_href\" href=\"\/fr\/analyse-incendies-reels-aislux-valladolid-espagne\/\"><\/a>\n                <div class=\"vp_slider_img\" style=\"background-image:url(https:\/\/www.huurreiberica.com\/wp-content\/uploads\/2024\/10\/Huurre-aislux-foto-portada-scaled.jpg)\"><\/div>\n                <div class=\"vp_slider_text\">\n                    <h3>Aislux, Valladolid (Espa\u00f1a)<\/h3>\n                    <div class=\"vp_slider_text_parrafo\">Le b\u00e2timent a une hauteur comprise entre 9 et 10 m\u00e8tres, la fa\u00e7ade est dot\u00e9e de panneaux HI-PIR STM fabriqu\u00e9s \u00e0 Huurre...<\/div>\n                    <a class=\"vp_slider_vermas button\" href=\"#\">Voir plus<\/a>\n                <\/div>                \n            <\/div>\n        <\/div>\n                <div class=\"vp_slider_slide\">\n            \n            <div class=\"vp_slider_out\" >\n                <a class=\"vp_slider_slide_href\" href=\"\/fr\/analyse-dincendie-reel-concessionnaire-audi-belgique\/\"><\/a>\n                <div class=\"vp_slider_img\" style=\"background-image:url(https:\/\/www.huurreiberica.com\/wp-content\/uploads\/2024\/10\/Huurre-audi-foto-portada.jpg)\"><\/div>\n                <div class=\"vp_slider_text\">\n                    <h3>Concessionnaire Audi, Belgique<\/h3>\n                    <div class=\"vp_slider_text_parrafo\"><div class=\"ewa-rteLine\">L'incendie s'est produit devant une grande concession Audi en Belgique en octobre 2014. Il s'agissait...<\/div><\/div>\n                    <a class=\"vp_slider_vermas button\" href=\"#\">Voir plus<\/a>\n                <\/div>                \n            <\/div>\n        <\/div>\n                <div class=\"vp_slider_slide\">\n            \n            <div class=\"vp_slider_out\" >\n                <a class=\"vp_slider_slide_href\" href=\"\/fr\/analyse-dincendies-reels-entrepot-de-meubles-presov-slovaquie\/\"><\/a>\n                <div class=\"vp_slider_img\" style=\"background-image:url(https:\/\/www.huurreiberica.com\/wp-content\/uploads\/2024\/10\/Huurre-presov-foto-portada.jpg)\"><\/div>\n                <div class=\"vp_slider_text\">\n                    <h3>Entrep\u00f4t de meubles, Presov (Slovaquie)<\/h3>\n                    <div class=\"vp_slider_text_parrafo\"><div class=\"ewa-rteLine\">Un incendie majeur s'est d\u00e9clar\u00e9 \u00e0 l'ext\u00e9rieur d'un magasin de meubles \u00e0 Presov, en Slovaquie\u00a0: un grand b\u00e2timent commercial \u00e0 ossature de b\u00e9ton avec un toit plat rev\u00eatu de panneaux de fa\u00e7ade \u00e0 \u00e2me Kingspan PIR. Le b\u00e2timent...<\/div><\/div>\n                    <a class=\"vp_slider_vermas button\" href=\"#\">Voir plus<\/a>\n                <\/div>                \n            <\/div>\n        <\/div>\n            <\/div>\n<\/section>\n<style>\n    .vp_slider_content{position:relative; width:100%; display:block; margin-bottom:100px}\n    .vp_slider_slide{ background:var(--color-blue); border-radius:15px; width:calc(25% - 30px)}\n    .vp_slider_img{width:100%; height:150px; background-repeat:no-repeat; background-size:cover; background-position:center center; border-top-left-radius:15px; border-top-right-radius:15px; transition: all 0.2s ease-in-out;}\n    .vp_slider_content .slick-slide {\n        margin: 0 10px;\n        }\n    .vp_slider_text{margin:20px; position:absolute; top:170px; left:0; width:calc(100% - 40px); color:#fff; text-align:left; transition: all 0.2s ease-in-out; height:100%}\n    .vp_slider_text h3{font-size:18px; color:#fff}\n    .vp_slider_out{position:relative; width:100%; ; min-height:500px}\n    .vp_slider_slide_href{position:absolute; left:0; top:0; display:block; width:100%; height:100%; z-index:5}\n    .vp_slider_vermas{position:absolute !important; right:15px; bottom:40px}\n    .vp_slider_text_parrafo{height:calc(100% - 150px); overflow:hidden}\n\n    .vp_slider_out.hover .vp_slider_img{height:0}\n    .vp_slider_out.hover .vp_slider_text{top:0}\n    .vp_slider_content .slick-arrow{position:absolute; bottom:-50px; }\n    .vp_slider_content .slick-prev.slick-arrow{left:calc(50% - 80px)}\n    .vp_slider_content .slick-next.slick-arrow{right:calc(50% - 80px)}\n    \n<\/style>","protected":false},"excerpt":{"rendered":"<p>Approche du comportement au feu des panneaux sandwich Huurre poss\u00e8de plus de 30 ans d&rsquo;exp\u00e9rience dans la fourniture de panneaux isolants \u00e0 \u00e2me en PIR et en laine de roche, con\u00e7us pour r\u00e9pondre aux exigences applicables en mati\u00e8re de comportement au feu. L&rsquo;entreprise applique une m\u00e9thodologie d&rsquo;essai visant \u00e0 \u00e9valuer le comportement au feu des [&hellip;]<\/p>\n","protected":false},"author":1,"featured_media":9184,"parent":0,"menu_order":0,"comment_status":"closed","ping_status":"closed","template":"page-templates\/page-comportamiento-fuego.php","meta":{"_acf_changed":false,"_oasis_is_in_workflow":0,"_oasis_original":0,"_oasis_task_priority":"2normal","_genesis_hide_title":false,"_genesis_hide_breadcrumbs":false,"_genesis_hide_singular_image":false,"_genesis_hide_footer_widgets":false,"_genesis_custom_body_class":"","_genesis_custom_post_class":"","_genesis_layout":"","footnotes":""},"class_list":{"0":"post-10607","1":"page","2":"type-page","3":"status-publish","4":"has-post-thumbnail","6":"entry"},"acf":[],"yoast_head":"<!-- This site is optimized with the Yoast SEO plugin v27.3 - https:\/\/yoast.com\/product\/yoast-seo-wordpress\/ -->\n<title>Not all insulation is the same - Huurre<\/title>\n<meta name=\"description\" content=\"Not all insulation is the Same est notre philosophie d&#039;entreprise qui consiste \u00e0 proposer des syst\u00e8mes homologu\u00e9s par des organismes de certification externes, tout en demandant \u00e0 ce que des incendies r\u00e9els soient audit\u00e9s afin de documenter, de mani\u00e8re transparente et objective, le comportement au feu de nos panneaux dans des situations r\u00e9elles.\" \/>\n<meta name=\"robots\" content=\"index, follow, max-snippet:-1, max-image-preview:large, max-video-preview:-1\" \/>\n<link rel=\"canonical\" href=\"https:\/\/www.huurreiberica.com\/fr\/comportement-au-feu\/\" \/>\n<meta property=\"og:locale\" content=\"fr_FR\" \/>\n<meta property=\"og:type\" content=\"article\" \/>\n<meta property=\"og:title\" content=\"Not all insulation is the same - Huurre\" \/>\n<meta property=\"og:description\" content=\"Not all insulation is the Same est notre philosophie d&#039;entreprise qui consiste \u00e0 proposer des syst\u00e8mes homologu\u00e9s par des organismes de certification externes, tout en demandant \u00e0 ce que des incendies r\u00e9els soient audit\u00e9s afin de documenter, de mani\u00e8re transparente et objective, le comportement au feu de nos panneaux dans des situations r\u00e9elles.\" \/>\n<meta property=\"og:url\" content=\"https:\/\/www.huurreiberica.com\/fr\/comportement-au-feu\/\" \/>\n<meta property=\"og:site_name\" content=\"Huurre\" \/>\n<meta property=\"article:modified_time\" content=\"2026-04-16T15:25:47+00:00\" \/>\n<meta property=\"og:image\" content=\"https:\/\/www.huurreiberica.com\/wp-content\/uploads\/2024\/09\/DUAL_segell-rodo-1.png\" \/>\n\t<meta property=\"og:image:width\" content=\"819\" \/>\n\t<meta property=\"og:image:height\" content=\"819\" \/>\n\t<meta property=\"og:image:type\" content=\"image\/png\" \/>\n<meta name=\"twitter:card\" content=\"summary_large_image\" \/>\n<meta name=\"twitter:label1\" content=\"Dur\u00e9e de lecture estim\u00e9e\" \/>\n\t<meta name=\"twitter:data1\" content=\"4 minutes\" \/>\n<script type=\"application\/ld+json\" class=\"yoast-schema-graph\">{\"@context\":\"https:\\\/\\\/schema.org\",\"@graph\":[{\"@type\":\"WebPage\",\"@id\":\"https:\\\/\\\/www.huurreiberica.com\\\/fr\\\/comportement-au-feu\\\/\",\"url\":\"https:\\\/\\\/www.huurreiberica.com\\\/fr\\\/comportement-au-feu\\\/\",\"name\":\"Not all insulation is the same - Huurre\",\"isPartOf\":{\"@id\":\"https:\\\/\\\/www.huurreiberica.com\\\/fr\\\/#website\"},\"primaryImageOfPage\":{\"@id\":\"https:\\\/\\\/www.huurreiberica.com\\\/fr\\\/comportement-au-feu\\\/#primaryimage\"},\"image\":{\"@id\":\"https:\\\/\\\/www.huurreiberica.com\\\/fr\\\/comportement-au-feu\\\/#primaryimage\"},\"thumbnailUrl\":\"https:\\\/\\\/www.huurreiberica.com\\\/wp-content\\\/uploads\\\/2024\\\/09\\\/DUAL_segell-rodo-1.png\",\"datePublished\":\"2024-11-21T15:59:27+00:00\",\"dateModified\":\"2026-04-16T15:25:47+00:00\",\"description\":\"Not all insulation is the Same est notre philosophie d'entreprise qui consiste \u00e0 proposer des syst\u00e8mes homologu\u00e9s par des organismes de certification externes, tout en demandant \u00e0 ce que des incendies r\u00e9els soient audit\u00e9s afin de documenter, de mani\u00e8re transparente et objective, le comportement au feu de nos panneaux dans des situations r\u00e9elles.\",\"breadcrumb\":{\"@id\":\"https:\\\/\\\/www.huurreiberica.com\\\/fr\\\/comportement-au-feu\\\/#breadcrumb\"},\"inLanguage\":\"fr-FR\",\"potentialAction\":[{\"@type\":\"ReadAction\",\"target\":[\"https:\\\/\\\/www.huurreiberica.com\\\/fr\\\/comportement-au-feu\\\/\"]}]},{\"@type\":\"ImageObject\",\"inLanguage\":\"fr-FR\",\"@id\":\"https:\\\/\\\/www.huurreiberica.com\\\/fr\\\/comportement-au-feu\\\/#primaryimage\",\"url\":\"https:\\\/\\\/www.huurreiberica.com\\\/wp-content\\\/uploads\\\/2024\\\/09\\\/DUAL_segell-rodo-1.png\",\"contentUrl\":\"https:\\\/\\\/www.huurreiberica.com\\\/wp-content\\\/uploads\\\/2024\\\/09\\\/DUAL_segell-rodo-1.png\",\"width\":819,\"height\":819},{\"@type\":\"BreadcrumbList\",\"@id\":\"https:\\\/\\\/www.huurreiberica.com\\\/fr\\\/comportement-au-feu\\\/#breadcrumb\",\"itemListElement\":[{\"@type\":\"ListItem\",\"position\":1,\"name\":\"Home\",\"item\":\"https:\\\/\\\/www.huurreiberica.com\\\/fr\\\/\"},{\"@type\":\"ListItem\",\"position\":2,\"name\":\"Comportamiento al fuego\"}]},{\"@type\":\"WebSite\",\"@id\":\"https:\\\/\\\/www.huurreiberica.com\\\/fr\\\/#website\",\"url\":\"https:\\\/\\\/www.huurreiberica.com\\\/fr\\\/\",\"name\":\"Huurre\",\"description\":\"Paneles aislantes para edificios eficientes y sostenibles | Fabricamos paneles para fachadas, paredes interiores,\",\"potentialAction\":[{\"@type\":\"SearchAction\",\"target\":{\"@type\":\"EntryPoint\",\"urlTemplate\":\"https:\\\/\\\/www.huurreiberica.com\\\/fr\\\/?s={search_term_string}\"},\"query-input\":{\"@type\":\"PropertyValueSpecification\",\"valueRequired\":true,\"valueName\":\"search_term_string\"}}],\"inLanguage\":\"fr-FR\"}]}<\/script>\n<!-- \/ Yoast SEO plugin. -->","yoast_head_json":{"title":"Not all insulation is the same - Huurre","description":"Not all insulation is the Same est notre philosophie d'entreprise qui consiste \u00e0 proposer des syst\u00e8mes homologu\u00e9s par des organismes de certification externes, tout en demandant \u00e0 ce que des incendies r\u00e9els soient audit\u00e9s afin de documenter, de mani\u00e8re transparente et objective, le comportement au feu de nos panneaux dans des situations r\u00e9elles.","robots":{"index":"index","follow":"follow","max-snippet":"max-snippet:-1","max-image-preview":"max-image-preview:large","max-video-preview":"max-video-preview:-1"},"canonical":"https:\/\/www.huurreiberica.com\/fr\/comportement-au-feu\/","og_locale":"fr_FR","og_type":"article","og_title":"Not all insulation is the same - Huurre","og_description":"Not all insulation is the Same est notre philosophie d'entreprise qui consiste \u00e0 proposer des syst\u00e8mes homologu\u00e9s par des organismes de certification externes, tout en demandant \u00e0 ce que des incendies r\u00e9els soient audit\u00e9s afin de documenter, de mani\u00e8re transparente et objective, le comportement au feu de nos panneaux dans des situations r\u00e9elles.","og_url":"https:\/\/www.huurreiberica.com\/fr\/comportement-au-feu\/","og_site_name":"Huurre","article_modified_time":"2026-04-16T15:25:47+00:00","og_image":[{"width":819,"height":819,"url":"https:\/\/www.huurreiberica.com\/wp-content\/uploads\/2024\/09\/DUAL_segell-rodo-1.png","type":"image\/png"}],"twitter_card":"summary_large_image","twitter_misc":{"Dur\u00e9e de lecture estim\u00e9e":"4 minutes"},"schema":{"@context":"https:\/\/schema.org","@graph":[{"@type":"WebPage","@id":"https:\/\/www.huurreiberica.com\/fr\/comportement-au-feu\/","url":"https:\/\/www.huurreiberica.com\/fr\/comportement-au-feu\/","name":"Not all insulation is the same - Huurre","isPartOf":{"@id":"https:\/\/www.huurreiberica.com\/fr\/#website"},"primaryImageOfPage":{"@id":"https:\/\/www.huurreiberica.com\/fr\/comportement-au-feu\/#primaryimage"},"image":{"@id":"https:\/\/www.huurreiberica.com\/fr\/comportement-au-feu\/#primaryimage"},"thumbnailUrl":"https:\/\/www.huurreiberica.com\/wp-content\/uploads\/2024\/09\/DUAL_segell-rodo-1.png","datePublished":"2024-11-21T15:59:27+00:00","dateModified":"2026-04-16T15:25:47+00:00","description":"Not all insulation is the Same est notre philosophie d'entreprise qui consiste \u00e0 proposer des syst\u00e8mes homologu\u00e9s par des organismes de certification externes, tout en demandant \u00e0 ce que des incendies r\u00e9els soient audit\u00e9s afin de documenter, de mani\u00e8re transparente et objective, le comportement au feu de nos panneaux dans des situations r\u00e9elles.","breadcrumb":{"@id":"https:\/\/www.huurreiberica.com\/fr\/comportement-au-feu\/#breadcrumb"},"inLanguage":"fr-FR","potentialAction":[{"@type":"ReadAction","target":["https:\/\/www.huurreiberica.com\/fr\/comportement-au-feu\/"]}]},{"@type":"ImageObject","inLanguage":"fr-FR","@id":"https:\/\/www.huurreiberica.com\/fr\/comportement-au-feu\/#primaryimage","url":"https:\/\/www.huurreiberica.com\/wp-content\/uploads\/2024\/09\/DUAL_segell-rodo-1.png","contentUrl":"https:\/\/www.huurreiberica.com\/wp-content\/uploads\/2024\/09\/DUAL_segell-rodo-1.png","width":819,"height":819},{"@type":"BreadcrumbList","@id":"https:\/\/www.huurreiberica.com\/fr\/comportement-au-feu\/#breadcrumb","itemListElement":[{"@type":"ListItem","position":1,"name":"Home","item":"https:\/\/www.huurreiberica.com\/fr\/"},{"@type":"ListItem","position":2,"name":"Comportamiento al fuego"}]},{"@type":"WebSite","@id":"https:\/\/www.huurreiberica.com\/fr\/#website","url":"https:\/\/www.huurreiberica.com\/fr\/","name":"Huurre","description":"Paneles aislantes para edificios eficientes y sostenibles | Fabricamos paneles para fachadas, paredes interiores,","potentialAction":[{"@type":"SearchAction","target":{"@type":"EntryPoint","urlTemplate":"https:\/\/www.huurreiberica.com\/fr\/?s={search_term_string}"},"query-input":{"@type":"PropertyValueSpecification","valueRequired":true,"valueName":"search_term_string"}}],"inLanguage":"fr-FR"}]}},"featured_image_src":"https:\/\/www.huurreiberica.com\/wp-content\/uploads\/2024\/09\/DUAL_segell-rodo-1.png","featured_image_src_square":"https:\/\/www.huurreiberica.com\/wp-content\/uploads\/2024\/09\/DUAL_segell-rodo-1.png","_links":{"self":[{"href":"https:\/\/www.huurreiberica.com\/fr\/wp-json\/wp\/v2\/pages\/10607","targetHints":{"allow":["GET"]}}],"collection":[{"href":"https:\/\/www.huurreiberica.com\/fr\/wp-json\/wp\/v2\/pages"}],"about":[{"href":"https:\/\/www.huurreiberica.com\/fr\/wp-json\/wp\/v2\/types\/page"}],"author":[{"embeddable":true,"href":"https:\/\/www.huurreiberica.com\/fr\/wp-json\/wp\/v2\/users\/1"}],"replies":[{"embeddable":true,"href":"https:\/\/www.huurreiberica.com\/fr\/wp-json\/wp\/v2\/comments?post=10607"}],"version-history":[{"count":39,"href":"https:\/\/www.huurreiberica.com\/fr\/wp-json\/wp\/v2\/pages\/10607\/revisions"}],"predecessor-version":[{"id":20142,"href":"https:\/\/www.huurreiberica.com\/fr\/wp-json\/wp\/v2\/pages\/10607\/revisions\/20142"}],"wp:featuredmedia":[{"embeddable":true,"href":"https:\/\/www.huurreiberica.com\/fr\/wp-json\/wp\/v2\/media\/9184"}],"wp:attachment":[{"href":"https:\/\/www.huurreiberica.com\/fr\/wp-json\/wp\/v2\/media?parent=10607"}],"curies":[{"name":"wp","href":"https:\/\/api.w.org\/{rel}","templated":true}]}}