{"id":17149,"date":"2026-04-17T09:07:00","date_gmt":"2026-04-17T07:07:00","guid":{"rendered":"https:\/\/www.huurreiberica.com\/?page_id=17149"},"modified":"2026-04-16T14:22:29","modified_gmt":"2026-04-16T12:22:29","slug":"fonds-communautaire-planet-passionate","status":"publish","type":"page","link":"https:\/\/www.huurreiberica.com\/fr\/fonds-communautaire-planet-passionate\/","title":{"rendered":"Fonds Communautaire Planet Passionate"},"content":{"rendered":"\n<h2 class=\"wp-block-heading\">Engagement envers les communaut\u00e9s locales<\/h2>\n\n\n<div class=\"wp-block-image\">\n<figure class=\"alignright size-full\"><img loading=\"lazy\" decoding=\"async\" width=\"342\" height=\"409\" src=\"https:\/\/www.huurreiberica.com\/wp-content\/uploads\/2025\/04\/Fondo.png\" alt=\"\" class=\"wp-image-16908\" srcset=\"https:\/\/www.huurreiberica.com\/wp-content\/uploads\/2025\/04\/Fondo.png 342w, https:\/\/www.huurreiberica.com\/wp-content\/uploads\/2025\/04\/Fondo-251x300.png 251w\" sizes=\"auto, (max-width: 342px) 100vw, 342px\" \/><\/figure>\n<\/div>\n\n\n<p>Huurre exerce ses activit\u00e9s en tenant compte des communaut\u00e9s locales dans lesquelles ses sites de production sont implant\u00e9s. Dans ce contexte, l\u2019entreprise participe \u00e0 des initiatives locales en soutenant des projets, des activit\u00e9s et des parrainages en lien avec son environnement, conform\u00e9ment aux sp\u00e9cificit\u00e9s de chaque site et dans le cadre d\u00e9fini par le Groupe Kingspan.<\/p>\n\n\n\n<h2 class=\"wp-block-heading\">Fonds Communautaire Planet Passionate<\/h2>\n\n\n\n<p>Planet Passionate Communities est l\u2019initiative communautaire int\u00e9gr\u00e9e au programme mondial de durabilit\u00e9 de Kingspan, Planet Passionate. Dans ce cadre, le Fonds communautaire Planet Passionate a \u00e9t\u00e9 mis en place afin de soutenir des initiatives locales contribuant au d\u00e9veloppement des communaut\u00e9s et align\u00e9es sur les objectifs globaux du programme Planet Passionate.<\/p>\n\n\n\n<p>\u00c0 travers ce fonds, un soutien est apport\u00e9 \u00e0 des projets communautaires int\u00e9grant des crit\u00e8res sociaux et environnementaux, en reconnaissant le r\u00f4le des personnes et des communaut\u00e9s dans le d\u00e9veloppement d\u2019environnements plus responsables et durables.<\/p>\n\n\n\n<h2 class=\"wp-block-heading\">Crit\u00e8res de financement<\/h2>\n\n\n\n<p>Le Fonds communautaire Planet Passionate est destin\u00e9 \u00e0 soutenir les communaut\u00e9s locales li\u00e9es aux sites de production. \u00c0 cet effet, des lignes directrices et des crit\u00e8res d\u2019\u00e9ligibilit\u00e9 ont \u00e9t\u00e9 d\u00e9finis, que les projets candidats doivent respecter afin de pouvoir pr\u00e9tendre \u00e0 un financement.<\/p>\n\n\n\n<p>Les projets doivent \u00eatre align\u00e9s avec au moins l\u2019un des domaines suivants :<\/p>\n\n\n\n<ul class=\"wp-block-list\">\n<li>&#8211; Soutien \u00e0 la conservation, \u00e0 la protection ou \u00e0 l\u2019am\u00e9lioration de l\u2019environnement physique et naturel.<\/li>\n\n\n\n<li>&#8211; Contribution \u00e0 la sant\u00e9, au bien-\u00eatre et \u00e0 l\u2019activit\u00e9 physique des communaut\u00e9s locales par le biais d\u2019activit\u00e9s de loisirs.<\/li>\n\n\n\n<li>&#8211; Promotion d\u2019un environnement b\u00e2ti s\u00fbr et durable.<\/li>\n\n\n\n<li>&#8211; Soutien \u00e0 l\u2019\u00e9ducation et au d\u00e9veloppement des comp\u00e9tences des jeunes.<\/li>\n\n\n\n<li>&#8211; Soutien aux organisations caritatives locales et aux \u00e9v\u00e9nements solidaires li\u00e9s \u00e0 l\u2019un des domaines ci-dessus.<\/li>\n<\/ul>\n\n\n\n<p><\/p>\n\n\n\n<h2 class=\"wp-block-heading\">Soumettre une demande de financement<\/h2>\n\n\n\n<p>Les personnes ou organisations impliqu\u00e9es dans des projets r\u00e9pondant aux crit\u00e8res \u00e9tablis peuvent solliciter un financement via le Fonds communautaire Planet Passionate. Pour cela, le formulaire de demande doit \u00eatre t\u00e9l\u00e9charg\u00e9, compl\u00e9t\u00e9 et envoy\u00e9 par courrier \u00e9lectronique \u00e0 l\u2019adresse<br><a href=\"mailto:KIPCommunityFund@kingspan.com\">KIPCommunityFund@kingspan.com<\/a> <\/p>\n\n\n\n<p><a href=\"https:\/\/kingspanpanels.formstack.com\/forms\/community_fund_application_form\">T\u00e9l\u00e9charger le formulaire de candidature<\/a><\/p>\n\n\n\n<p>Pour toute question concernant l\u2019\u00e9ligibilit\u00e9 des projets ou la proc\u00e9dure de demande, la m\u00eame adresse de contact peut \u00eatre utilis\u00e9e. \u00a0<a href=\"mailto:KIPCommunityFund@kingspan.com\">KIPCommunityFund@kingspan.com<\/a>.<\/p>\n","protected":false},"excerpt":{"rendered":"<p>Engagement envers les communaut\u00e9s locales Huurre exerce ses activit\u00e9s en tenant compte des communaut\u00e9s locales dans lesquelles ses sites de production sont implant\u00e9s. Dans ce contexte, l\u2019entreprise participe \u00e0 des initiatives locales en soutenant des projets, des activit\u00e9s et des parrainages en lien avec son environnement, conform\u00e9ment aux sp\u00e9cificit\u00e9s de chaque site et dans le [&hellip;]<\/p>\n","protected":false},"author":12,"featured_media":17099,"parent":0,"menu_order":0,"comment_status":"closed","ping_status":"closed","template":"page-templates\/page-pagina-estandar.php","meta":{"_acf_changed":false,"_oasis_is_in_workflow":0,"_oasis_original":0,"_oasis_task_priority":"2normal","_genesis_hide_title":false,"_genesis_hide_breadcrumbs":false,"_genesis_hide_singular_image":false,"_genesis_hide_footer_widgets":false,"_genesis_custom_body_class":"","_genesis_custom_post_class":"","_genesis_layout":"","footnotes":""},"class_list":{"0":"post-17149","1":"page","2":"type-page","3":"status-publish","4":"has-post-thumbnail","6":"entry"},"acf":[],"yoast_head":"<!-- This site is optimized with the Yoast SEO plugin v27.3 - https:\/\/yoast.com\/product\/yoast-seo-wordpress\/ -->\n<title>Fonds Communautaire Planet Passionate - Huurre<\/title>\n<meta name=\"description\" content=\"Fonds communautaire Planet Passionate. Pour Huurre, l&#039;engagement envers les communaut\u00e9s locales qui vivent...\" \/>\n<meta name=\"robots\" content=\"index, follow, max-snippet:-1, max-image-preview:large, max-video-preview:-1\" \/>\n<link rel=\"canonical\" href=\"https:\/\/www.huurreiberica.com\/fr\/fonds-communautaire-planet-passionate\/\" \/>\n<meta property=\"og:locale\" content=\"fr_FR\" \/>\n<meta property=\"og:type\" content=\"article\" \/>\n<meta property=\"og:title\" content=\"Fonds Communautaire Planet Passionate - Huurre\" \/>\n<meta property=\"og:description\" content=\"Fonds communautaire Planet Passionate. Pour Huurre, l&#039;engagement envers les communaut\u00e9s locales qui vivent...\" \/>\n<meta property=\"og:url\" content=\"https:\/\/www.huurreiberica.com\/fr\/fonds-communautaire-planet-passionate\/\" \/>\n<meta property=\"og:site_name\" content=\"Huurre\" \/>\n<meta property=\"og:image\" content=\"https:\/\/www.huurreiberica.com\/wp-content\/uploads\/2025\/04\/Banner-Planet-Passionate.jpg\" \/>\n\t<meta property=\"og:image:width\" content=\"1908\" \/>\n\t<meta property=\"og:image:height\" content=\"362\" \/>\n\t<meta property=\"og:image:type\" content=\"image\/jpeg\" \/>\n<meta name=\"twitter:card\" content=\"summary_large_image\" \/>\n<meta name=\"twitter:label1\" content=\"Dur\u00e9e de lecture estim\u00e9e\" \/>\n\t<meta name=\"twitter:data1\" content=\"2 minutes\" \/>\n<script type=\"application\/ld+json\" class=\"yoast-schema-graph\">{\"@context\":\"https:\\\/\\\/schema.org\",\"@graph\":[{\"@type\":\"WebPage\",\"@id\":\"https:\\\/\\\/www.huurreiberica.com\\\/fr\\\/fonds-communautaire-planet-passionate\\\/\",\"url\":\"https:\\\/\\\/www.huurreiberica.com\\\/fr\\\/fonds-communautaire-planet-passionate\\\/\",\"name\":\"Fonds Communautaire Planet Passionate - Huurre\",\"isPartOf\":{\"@id\":\"https:\\\/\\\/www.huurreiberica.com\\\/fr\\\/#website\"},\"primaryImageOfPage\":{\"@id\":\"https:\\\/\\\/www.huurreiberica.com\\\/fr\\\/fonds-communautaire-planet-passionate\\\/#primaryimage\"},\"image\":{\"@id\":\"https:\\\/\\\/www.huurreiberica.com\\\/fr\\\/fonds-communautaire-planet-passionate\\\/#primaryimage\"},\"thumbnailUrl\":\"https:\\\/\\\/www.huurreiberica.com\\\/wp-content\\\/uploads\\\/2025\\\/04\\\/Banner-Planet-Passionate.jpg\",\"datePublished\":\"2026-04-17T07:07:00+00:00\",\"description\":\"Fonds communautaire Planet Passionate. Pour Huurre, l'engagement envers les communaut\u00e9s locales qui vivent...\",\"breadcrumb\":{\"@id\":\"https:\\\/\\\/www.huurreiberica.com\\\/fr\\\/fonds-communautaire-planet-passionate\\\/#breadcrumb\"},\"inLanguage\":\"fr-FR\",\"potentialAction\":[{\"@type\":\"ReadAction\",\"target\":[\"https:\\\/\\\/www.huurreiberica.com\\\/fr\\\/fonds-communautaire-planet-passionate\\\/\"]}]},{\"@type\":\"ImageObject\",\"inLanguage\":\"fr-FR\",\"@id\":\"https:\\\/\\\/www.huurreiberica.com\\\/fr\\\/fonds-communautaire-planet-passionate\\\/#primaryimage\",\"url\":\"https:\\\/\\\/www.huurreiberica.com\\\/wp-content\\\/uploads\\\/2025\\\/04\\\/Banner-Planet-Passionate.jpg\",\"contentUrl\":\"https:\\\/\\\/www.huurreiberica.com\\\/wp-content\\\/uploads\\\/2025\\\/04\\\/Banner-Planet-Passionate.jpg\",\"width\":1908,\"height\":362},{\"@type\":\"BreadcrumbList\",\"@id\":\"https:\\\/\\\/www.huurreiberica.com\\\/fr\\\/fonds-communautaire-planet-passionate\\\/#breadcrumb\",\"itemListElement\":[{\"@type\":\"ListItem\",\"position\":1,\"name\":\"Home\",\"item\":\"https:\\\/\\\/www.huurreiberica.com\\\/fr\\\/\"},{\"@type\":\"ListItem\",\"position\":2,\"name\":\"Fonds Communautaire Planet Passionate\"}]},{\"@type\":\"WebSite\",\"@id\":\"https:\\\/\\\/www.huurreiberica.com\\\/fr\\\/#website\",\"url\":\"https:\\\/\\\/www.huurreiberica.com\\\/fr\\\/\",\"name\":\"Huurre\",\"description\":\"Paneles aislantes para edificios eficientes y sostenibles | Fabricamos paneles para fachadas, paredes interiores,\",\"potentialAction\":[{\"@type\":\"SearchAction\",\"target\":{\"@type\":\"EntryPoint\",\"urlTemplate\":\"https:\\\/\\\/www.huurreiberica.com\\\/fr\\\/?s={search_term_string}\"},\"query-input\":{\"@type\":\"PropertyValueSpecification\",\"valueRequired\":true,\"valueName\":\"search_term_string\"}}],\"inLanguage\":\"fr-FR\"}]}<\/script>\n<!-- \/ Yoast SEO plugin. -->","yoast_head_json":{"title":"Fonds Communautaire Planet Passionate - Huurre","description":"Fonds communautaire Planet Passionate. Pour Huurre, l'engagement envers les communaut\u00e9s locales qui vivent...","robots":{"index":"index","follow":"follow","max-snippet":"max-snippet:-1","max-image-preview":"max-image-preview:large","max-video-preview":"max-video-preview:-1"},"canonical":"https:\/\/www.huurreiberica.com\/fr\/fonds-communautaire-planet-passionate\/","og_locale":"fr_FR","og_type":"article","og_title":"Fonds Communautaire Planet Passionate - Huurre","og_description":"Fonds communautaire Planet Passionate. Pour Huurre, l'engagement envers les communaut\u00e9s locales qui vivent...","og_url":"https:\/\/www.huurreiberica.com\/fr\/fonds-communautaire-planet-passionate\/","og_site_name":"Huurre","og_image":[{"width":1908,"height":362,"url":"https:\/\/www.huurreiberica.com\/wp-content\/uploads\/2025\/04\/Banner-Planet-Passionate.jpg","type":"image\/jpeg"}],"twitter_card":"summary_large_image","twitter_misc":{"Dur\u00e9e de lecture estim\u00e9e":"2 minutes"},"schema":{"@context":"https:\/\/schema.org","@graph":[{"@type":"WebPage","@id":"https:\/\/www.huurreiberica.com\/fr\/fonds-communautaire-planet-passionate\/","url":"https:\/\/www.huurreiberica.com\/fr\/fonds-communautaire-planet-passionate\/","name":"Fonds Communautaire Planet Passionate - Huurre","isPartOf":{"@id":"https:\/\/www.huurreiberica.com\/fr\/#website"},"primaryImageOfPage":{"@id":"https:\/\/www.huurreiberica.com\/fr\/fonds-communautaire-planet-passionate\/#primaryimage"},"image":{"@id":"https:\/\/www.huurreiberica.com\/fr\/fonds-communautaire-planet-passionate\/#primaryimage"},"thumbnailUrl":"https:\/\/www.huurreiberica.com\/wp-content\/uploads\/2025\/04\/Banner-Planet-Passionate.jpg","datePublished":"2026-04-17T07:07:00+00:00","description":"Fonds communautaire Planet Passionate. Pour Huurre, l'engagement envers les communaut\u00e9s locales qui vivent...","breadcrumb":{"@id":"https:\/\/www.huurreiberica.com\/fr\/fonds-communautaire-planet-passionate\/#breadcrumb"},"inLanguage":"fr-FR","potentialAction":[{"@type":"ReadAction","target":["https:\/\/www.huurreiberica.com\/fr\/fonds-communautaire-planet-passionate\/"]}]},{"@type":"ImageObject","inLanguage":"fr-FR","@id":"https:\/\/www.huurreiberica.com\/fr\/fonds-communautaire-planet-passionate\/#primaryimage","url":"https:\/\/www.huurreiberica.com\/wp-content\/uploads\/2025\/04\/Banner-Planet-Passionate.jpg","contentUrl":"https:\/\/www.huurreiberica.com\/wp-content\/uploads\/2025\/04\/Banner-Planet-Passionate.jpg","width":1908,"height":362},{"@type":"BreadcrumbList","@id":"https:\/\/www.huurreiberica.com\/fr\/fonds-communautaire-planet-passionate\/#breadcrumb","itemListElement":[{"@type":"ListItem","position":1,"name":"Home","item":"https:\/\/www.huurreiberica.com\/fr\/"},{"@type":"ListItem","position":2,"name":"Fonds Communautaire Planet Passionate"}]},{"@type":"WebSite","@id":"https:\/\/www.huurreiberica.com\/fr\/#website","url":"https:\/\/www.huurreiberica.com\/fr\/","name":"Huurre","description":"Paneles aislantes para edificios eficientes y sostenibles | Fabricamos paneles para fachadas, paredes interiores,","potentialAction":[{"@type":"SearchAction","target":{"@type":"EntryPoint","urlTemplate":"https:\/\/www.huurreiberica.com\/fr\/?s={search_term_string}"},"query-input":{"@type":"PropertyValueSpecification","valueRequired":true,"valueName":"search_term_string"}}],"inLanguage":"fr-FR"}]}},"featured_image_src":"https:\/\/www.huurreiberica.com\/wp-content\/uploads\/2025\/04\/Banner-Planet-Passionate.jpg","featured_image_src_square":"https:\/\/www.huurreiberica.com\/wp-content\/uploads\/2025\/04\/Banner-Planet-Passionate.jpg","_links":{"self":[{"href":"https:\/\/www.huurreiberica.com\/fr\/wp-json\/wp\/v2\/pages\/17149","targetHints":{"allow":["GET"]}}],"collection":[{"href":"https:\/\/www.huurreiberica.com\/fr\/wp-json\/wp\/v2\/pages"}],"about":[{"href":"https:\/\/www.huurreiberica.com\/fr\/wp-json\/wp\/v2\/types\/page"}],"author":[{"embeddable":true,"href":"https:\/\/www.huurreiberica.com\/fr\/wp-json\/wp\/v2\/users\/12"}],"replies":[{"embeddable":true,"href":"https:\/\/www.huurreiberica.com\/fr\/wp-json\/wp\/v2\/comments?post=17149"}],"version-history":[{"count":3,"href":"https:\/\/www.huurreiberica.com\/fr\/wp-json\/wp\/v2\/pages\/17149\/revisions"}],"predecessor-version":[{"id":20118,"href":"https:\/\/www.huurreiberica.com\/fr\/wp-json\/wp\/v2\/pages\/17149\/revisions\/20118"}],"wp:featuredmedia":[{"embeddable":true,"href":"https:\/\/www.huurreiberica.com\/fr\/wp-json\/wp\/v2\/media\/17099"}],"wp:attachment":[{"href":"https:\/\/www.huurreiberica.com\/fr\/wp-json\/wp\/v2\/media?parent=17149"}],"curies":[{"name":"wp","href":"https:\/\/api.w.org\/{rel}","templated":true}]}}