{"id":4715,"date":"2024-10-07T16:54:20","date_gmt":"2024-10-07T14:54:20","guid":{"rendered":"https:\/\/unrivalled-manx-5b8ed1.instawp.xyz\/aviso-legal\/"},"modified":"2024-11-27T13:22:27","modified_gmt":"2024-11-27T12:22:27","slug":"avis-legal","status":"publish","type":"page","link":"https:\/\/www.huurreiberica.com\/fr\/avis-legal\/","title":{"rendered":"Avis L\u00e9gal"},"content":{"rendered":"\n<div style=\"height:100px\" aria-hidden=\"true\" class=\"wp-block-spacer\"><\/div>\n\n\n\n<div class=\"wp-block-group wrap simple-text-control\"><div class=\"wp-block-group__inner-container is-layout-constrained wp-block-group-is-layout-constrained\">\n<h1 class=\"wp-block-heading\">AVIS L\u00c9GAL<\/h1>\n\n\n\n<p>Le site web et le domaine huurreiberica.com correspondent \u00e0 Huurre Ib\u00e9rica, S.A.U. (ci-apr\u00e8s HUURRE), titulaire du CIF A17202375 et dont le si\u00e8ge social se trouve Carretera C-65, km 16, Pol\u00edgono Industrial El Trust, de Cass\u00e0 de la Selva (CP 17244), courrier \u00e9lectronique <a href=\"mailto:huurre@huurreiberica.com\">huurre@huurreiberica.com<\/a>, inscrite au Registre du commerce de Girona. Livre 596, Tome 717, Folio 169, Feuillet 10 444.<\/p>\n\n\n\n<h2 class=\"wp-block-heading\">PROPRI\u00c9T\u00c9 INTELLECTUELLE ET INDUSTRIELLE<\/h2>\n\n\n\n<p>Les droits sur les contenus de ce site, y compris les textes, images, conceptions graphiques, marques et autres signes distinctifs (ci-apr\u00e8s les contenus) appartiennent \u00e0 HUURRE ou \u00e0 des tiers qui ont autoris\u00e9 leur utilisation.<br>HUURRE pr\u00e9sente ces contenus pour informer de ses services.<br>HUURRE autorise l&rsquo;utilisation des contenus pour des usages commerciaux \u00e0 condition que la source soit indiqu\u00e9e de fa\u00e7on claire. Si les contenus sont utilis\u00e9s dans des environnements web, il sera n\u00e9cessaire d&rsquo;inclure un lien vers www.huurreiberica.com.<br>HUURRE se r\u00e9serve le droit d&rsquo;engager les proc\u00e9dures judiciaires opportunes en d\u00e9fense de ses droits de propri\u00e9t\u00e9 intellectuelle ou industrielle.<br>Les pr\u00e9sentations des contenus de ce site ne sont pas autoris\u00e9es sur une fen\u00eatre autre que www.huurreiberica.com (framing).<\/p>\n\n\n\n<h2 class=\"wp-block-heading\">RESPONSABILIT\u00c9 SUR LES CONTENUS<\/h2>\n\n\n\n<p>Bien qu&rsquo;HUURRE agisse avec la plus grande diligence possible, il se peut que certaine donn\u00e9e ou information ne soit pas totalement actualis\u00e9e au moment o\u00f9 l&rsquo;utilisateur du site web le consulte.<br>HUURRE se r\u00e9serve le droit de modifier unilat\u00e9ralement, \u00e0 tout moment et sans avis pr\u00e9alable, la pr\u00e9sentation, la configuration et les contenus du web.<br>HUURRE ne sera pas responsable des informations pouvant \u00eatre obtenues au travers de liens inclus sur le site.<\/p>\n\n\n\n<h2 class=\"wp-block-heading\">CONDITIONS D&rsquo;UTILISATION<\/h2>\n\n\n\n<p>L&rsquo;utilisation de ce web implique la pleine acceptation des termes et conditions dToute personne utilisatrice du web, ind\u00e9pendamment de la juridiction territoriale depuis laquelle se produit l&rsquo;acc\u00e8s, accepte de se conformer et de respecter ces clauses en renon\u00e7ant express\u00e9ment \u00e0 tout autre droit qui pourrait lui revenir.<\/p>\n<\/div><\/div>\n\n\n\n<div style=\"height:100px\" aria-hidden=\"true\" class=\"wp-block-spacer\"><\/div>\n","protected":false},"excerpt":{"rendered":"<p>AVIS L\u00c9GAL Le site web et le domaine huurreiberica.com correspondent \u00e0 Huurre Ib\u00e9rica, S.A.U. (ci-apr\u00e8s HUURRE), titulaire du CIF A17202375 et dont le si\u00e8ge social se trouve Carretera C-65, km 16, Pol\u00edgono Industrial El Trust, de Cass\u00e0 de la Selva (CP 17244), courrier \u00e9lectronique huurre@huurreiberica.com, inscrite au Registre du commerce de Girona. Livre 596, Tome [&hellip;]<\/p>\n","protected":false},"author":1,"featured_media":0,"parent":0,"menu_order":0,"comment_status":"closed","ping_status":"closed","template":"page-templates\/page-full-width.php","meta":{"_acf_changed":false,"_oasis_is_in_workflow":0,"_oasis_original":0,"_oasis_task_priority":"2normal","_genesis_hide_title":false,"_genesis_hide_breadcrumbs":false,"_genesis_hide_singular_image":false,"_genesis_hide_footer_widgets":false,"_genesis_custom_body_class":"","_genesis_custom_post_class":"","_genesis_layout":"","footnotes":""},"class_list":{"0":"post-4715","1":"page","2":"type-page","3":"status-publish","5":"entry"},"acf":[],"yoast_head":"<!-- This site is optimized with the Yoast SEO plugin v27.3 - https:\/\/yoast.com\/product\/yoast-seo-wordpress\/ -->\n<title>Avis L\u00e9gal - Huurre<\/title>\n<meta name=\"robots\" content=\"index, follow, max-snippet:-1, max-image-preview:large, max-video-preview:-1\" \/>\n<link rel=\"canonical\" href=\"https:\/\/www.huurreiberica.com\/fr\/avis-legal\/\" \/>\n<meta property=\"og:locale\" content=\"fr_FR\" \/>\n<meta property=\"og:type\" content=\"article\" \/>\n<meta property=\"og:title\" content=\"Avis L\u00e9gal - Huurre\" \/>\n<meta property=\"og:description\" content=\"AVIS L\u00c9GAL Le site web et le domaine huurreiberica.com correspondent \u00e0 Huurre Ib\u00e9rica, S.A.U. (ci-apr\u00e8s HUURRE), titulaire du CIF A17202375 et dont le si\u00e8ge social se trouve Carretera C-65, km 16, Pol\u00edgono Industrial El Trust, de Cass\u00e0 de la Selva (CP 17244), courrier \u00e9lectronique huurre@huurreiberica.com, inscrite au Registre du commerce de Girona. Livre 596, Tome [&hellip;]\" \/>\n<meta property=\"og:url\" content=\"https:\/\/www.huurreiberica.com\/fr\/avis-legal\/\" \/>\n<meta property=\"og:site_name\" content=\"Huurre\" \/>\n<meta property=\"article:modified_time\" content=\"2024-11-27T12:22:27+00:00\" \/>\n<meta name=\"twitter:card\" content=\"summary_large_image\" \/>\n<meta name=\"twitter:label1\" content=\"Dur\u00e9e de lecture estim\u00e9e\" \/>\n\t<meta name=\"twitter:data1\" content=\"2 minutes\" \/>\n<script type=\"application\/ld+json\" class=\"yoast-schema-graph\">{\"@context\":\"https:\\\/\\\/schema.org\",\"@graph\":[{\"@type\":\"WebPage\",\"@id\":\"https:\\\/\\\/www.huurreiberica.com\\\/fr\\\/avis-legal\\\/\",\"url\":\"https:\\\/\\\/www.huurreiberica.com\\\/fr\\\/avis-legal\\\/\",\"name\":\"Avis L\u00e9gal - Huurre\",\"isPartOf\":{\"@id\":\"https:\\\/\\\/www.huurreiberica.com\\\/fr\\\/#website\"},\"datePublished\":\"2024-10-07T14:54:20+00:00\",\"dateModified\":\"2024-11-27T12:22:27+00:00\",\"breadcrumb\":{\"@id\":\"https:\\\/\\\/www.huurreiberica.com\\\/fr\\\/avis-legal\\\/#breadcrumb\"},\"inLanguage\":\"fr-FR\",\"potentialAction\":[{\"@type\":\"ReadAction\",\"target\":[\"https:\\\/\\\/www.huurreiberica.com\\\/fr\\\/avis-legal\\\/\"]}]},{\"@type\":\"BreadcrumbList\",\"@id\":\"https:\\\/\\\/www.huurreiberica.com\\\/fr\\\/avis-legal\\\/#breadcrumb\",\"itemListElement\":[{\"@type\":\"ListItem\",\"position\":1,\"name\":\"Home\",\"item\":\"https:\\\/\\\/www.huurreiberica.com\\\/fr\\\/\"},{\"@type\":\"ListItem\",\"position\":2,\"name\":\"Avis L\u00e9gal\"}]},{\"@type\":\"WebSite\",\"@id\":\"https:\\\/\\\/www.huurreiberica.com\\\/fr\\\/#website\",\"url\":\"https:\\\/\\\/www.huurreiberica.com\\\/fr\\\/\",\"name\":\"Huurre\",\"description\":\"Paneles aislantes para edificios eficientes y sostenibles | Fabricamos paneles para fachadas, paredes interiores,\",\"potentialAction\":[{\"@type\":\"SearchAction\",\"target\":{\"@type\":\"EntryPoint\",\"urlTemplate\":\"https:\\\/\\\/www.huurreiberica.com\\\/fr\\\/?s={search_term_string}\"},\"query-input\":{\"@type\":\"PropertyValueSpecification\",\"valueRequired\":true,\"valueName\":\"search_term_string\"}}],\"inLanguage\":\"fr-FR\"}]}<\/script>\n<!-- \/ Yoast SEO plugin. -->","yoast_head_json":{"title":"Avis L\u00e9gal - Huurre","robots":{"index":"index","follow":"follow","max-snippet":"max-snippet:-1","max-image-preview":"max-image-preview:large","max-video-preview":"max-video-preview:-1"},"canonical":"https:\/\/www.huurreiberica.com\/fr\/avis-legal\/","og_locale":"fr_FR","og_type":"article","og_title":"Avis L\u00e9gal - Huurre","og_description":"AVIS L\u00c9GAL Le site web et le domaine huurreiberica.com correspondent \u00e0 Huurre Ib\u00e9rica, S.A.U. (ci-apr\u00e8s HUURRE), titulaire du CIF A17202375 et dont le si\u00e8ge social se trouve Carretera C-65, km 16, Pol\u00edgono Industrial El Trust, de Cass\u00e0 de la Selva (CP 17244), courrier \u00e9lectronique huurre@huurreiberica.com, inscrite au Registre du commerce de Girona. Livre 596, Tome [&hellip;]","og_url":"https:\/\/www.huurreiberica.com\/fr\/avis-legal\/","og_site_name":"Huurre","article_modified_time":"2024-11-27T12:22:27+00:00","twitter_card":"summary_large_image","twitter_misc":{"Dur\u00e9e de lecture estim\u00e9e":"2 minutes"},"schema":{"@context":"https:\/\/schema.org","@graph":[{"@type":"WebPage","@id":"https:\/\/www.huurreiberica.com\/fr\/avis-legal\/","url":"https:\/\/www.huurreiberica.com\/fr\/avis-legal\/","name":"Avis L\u00e9gal - Huurre","isPartOf":{"@id":"https:\/\/www.huurreiberica.com\/fr\/#website"},"datePublished":"2024-10-07T14:54:20+00:00","dateModified":"2024-11-27T12:22:27+00:00","breadcrumb":{"@id":"https:\/\/www.huurreiberica.com\/fr\/avis-legal\/#breadcrumb"},"inLanguage":"fr-FR","potentialAction":[{"@type":"ReadAction","target":["https:\/\/www.huurreiberica.com\/fr\/avis-legal\/"]}]},{"@type":"BreadcrumbList","@id":"https:\/\/www.huurreiberica.com\/fr\/avis-legal\/#breadcrumb","itemListElement":[{"@type":"ListItem","position":1,"name":"Home","item":"https:\/\/www.huurreiberica.com\/fr\/"},{"@type":"ListItem","position":2,"name":"Avis L\u00e9gal"}]},{"@type":"WebSite","@id":"https:\/\/www.huurreiberica.com\/fr\/#website","url":"https:\/\/www.huurreiberica.com\/fr\/","name":"Huurre","description":"Paneles aislantes para edificios eficientes y sostenibles | Fabricamos paneles para fachadas, paredes interiores,","potentialAction":[{"@type":"SearchAction","target":{"@type":"EntryPoint","urlTemplate":"https:\/\/www.huurreiberica.com\/fr\/?s={search_term_string}"},"query-input":{"@type":"PropertyValueSpecification","valueRequired":true,"valueName":"search_term_string"}}],"inLanguage":"fr-FR"}]}},"featured_image_src":null,"featured_image_src_square":null,"_links":{"self":[{"href":"https:\/\/www.huurreiberica.com\/fr\/wp-json\/wp\/v2\/pages\/4715","targetHints":{"allow":["GET"]}}],"collection":[{"href":"https:\/\/www.huurreiberica.com\/fr\/wp-json\/wp\/v2\/pages"}],"about":[{"href":"https:\/\/www.huurreiberica.com\/fr\/wp-json\/wp\/v2\/types\/page"}],"author":[{"embeddable":true,"href":"https:\/\/www.huurreiberica.com\/fr\/wp-json\/wp\/v2\/users\/1"}],"replies":[{"embeddable":true,"href":"https:\/\/www.huurreiberica.com\/fr\/wp-json\/wp\/v2\/comments?post=4715"}],"version-history":[{"count":3,"href":"https:\/\/www.huurreiberica.com\/fr\/wp-json\/wp\/v2\/pages\/4715\/revisions"}],"predecessor-version":[{"id":10637,"href":"https:\/\/www.huurreiberica.com\/fr\/wp-json\/wp\/v2\/pages\/4715\/revisions\/10637"}],"wp:attachment":[{"href":"https:\/\/www.huurreiberica.com\/fr\/wp-json\/wp\/v2\/media?parent=4715"}],"curies":[{"name":"wp","href":"https:\/\/api.w.org\/{rel}","templated":true}]}}