{"id":4733,"date":"2024-10-07T17:03:01","date_gmt":"2024-10-07T15:03:01","guid":{"rendered":"https:\/\/unrivalled-manx-5b8ed1.instawp.xyz\/politica-de-cookies\/"},"modified":"2024-11-27T13:22:57","modified_gmt":"2024-11-27T12:22:57","slug":"politique-de-cookies","status":"publish","type":"page","link":"https:\/\/www.huurreiberica.com\/fr\/politique-de-cookies\/","title":{"rendered":"Politique de Cookies"},"content":{"rendered":"\n<div style=\"height:100px\" aria-hidden=\"true\" class=\"wp-block-spacer\"><\/div>\n\n\n\n<div class=\"wp-block-group wrap simple-text-control\"><div class=\"wp-block-group__inner-container is-layout-constrained wp-block-group-is-layout-constrained\">\n<h1 class=\"wp-block-heading\">Politique de Cookies<\/h1>\n\n\n\n<p>Les cookies sont des rapports courts qui sont envoy\u00e9s et stock\u00e9s sur le disque dur de l&rsquo;ordinateur de l&rsquo;utilisateur via votre navigateur lorsqu&rsquo;il se connecte \u00e0 un site Web. Les cookies peuvent \u00eatre utilis\u00e9s pour collecter et stocker des donn\u00e9es utilisateur lors de la connexion pour vous fournir les services demand\u00e9s et ont parfois tendance \u00e0 ne pas \u00eatre conserv\u00e9s. Les cookies peuvent \u00eatre eux-m\u00eames ou d&rsquo;autres.<\/p>\n\n\n\n<p>Il existe plusieurs types de cookies:<\/p>\n\n\n\n<ul class=\"wp-block-list\">\n<li><strong>Cookies techniques<\/strong> qui facilitent la navigation de l&rsquo;utilisateur et l&rsquo;utilisation des diff\u00e9rentes options ou services offerts par le web pour identifier la session, permettre l&rsquo;acc\u00e8s \u00e0 certaines zones, faciliter les commandes, achats, remplir des formulaires, enregistrement, s\u00e9curit\u00e9, faciliter les fonctionnalit\u00e9s (vid\u00e9os, r\u00e9seaux sociaux, etc).<\/li>\n\n\n\n<li><strong>Cookies de personnalisation<\/strong> qui permettant aux utilisateurs d&rsquo;acc\u00e9der aux services en fonction de leurs pr\u00e9f\u00e9rences (langue, navigateur, configuration, etc).<\/li>\n\n\n\n<li><strong>Cookies analytiques<\/strong> qui permettent une analyse anonyme du comportement des internautes et permettent de mesurer l&rsquo;activit\u00e9 des utilisateurs et de d\u00e9velopper des profils de navigation afin d&rsquo;am\u00e9liorer les sites.<\/li>\n<\/ul>\n\n\n\n<p>Ainsi, lorsque vous acc\u00e9dez \u00e0 notre site Web, conform\u00e9ment \u00e0 l&rsquo;article 22 de la loi 34\/2002 des Services de la Soci\u00e9t\u00e9 de l&rsquo;Information, dans le cadre du traitement analytique des cookies, nous avons demand\u00e9 votre consentement \u00e0 leur utilisation. Tout cela pour am\u00e9liorer nos services.<\/p>\n\n\n\n<p>Nous utilisons Google Analytics pour collecter des informations statistiques anonymes telles que le nombre de visiteurs sur notre site. Les cookies ajout\u00e9s par Google Analytics sont r\u00e9gis par les politiques de confidentialit\u00e9 de Google Analytics. Si vous le souhaitez, vous pouvez d\u00e9sactiver les cookies de Google Analytics.<\/p>\n\n\n\n<p>Cependant, veuillez noter que vous pouvez activer ou d\u00e9sactiver les cookies en suivant les instructions de votre navigateur.<\/p>\n<\/div><\/div>\n\n\n\n<div style=\"height:100px\" aria-hidden=\"true\" class=\"wp-block-spacer\"><\/div>\n","protected":false},"excerpt":{"rendered":"<p>Politique de Cookies Les cookies sont des rapports courts qui sont envoy\u00e9s et stock\u00e9s sur le disque dur de l&rsquo;ordinateur de l&rsquo;utilisateur via votre navigateur lorsqu&rsquo;il se connecte \u00e0 un site Web. Les cookies peuvent \u00eatre utilis\u00e9s pour collecter et stocker des donn\u00e9es utilisateur lors de la connexion pour vous fournir les services demand\u00e9s et [&hellip;]<\/p>\n","protected":false},"author":1,"featured_media":0,"parent":0,"menu_order":0,"comment_status":"closed","ping_status":"closed","template":"page-templates\/page-full-width.php","meta":{"_acf_changed":false,"_oasis_is_in_workflow":0,"_oasis_original":0,"_oasis_task_priority":"2normal","_genesis_hide_title":false,"_genesis_hide_breadcrumbs":false,"_genesis_hide_singular_image":false,"_genesis_hide_footer_widgets":false,"_genesis_custom_body_class":"","_genesis_custom_post_class":"","_genesis_layout":"","footnotes":""},"class_list":{"0":"post-4733","1":"page","2":"type-page","3":"status-publish","5":"entry"},"acf":[],"yoast_head":"<!-- This site is optimized with the Yoast SEO plugin v27.3 - https:\/\/yoast.com\/product\/yoast-seo-wordpress\/ -->\n<title>Politique de Cookies - Huurre<\/title>\n<meta name=\"robots\" content=\"index, follow, max-snippet:-1, max-image-preview:large, max-video-preview:-1\" \/>\n<link rel=\"canonical\" href=\"https:\/\/www.huurreiberica.com\/fr\/politique-de-cookies\/\" \/>\n<meta property=\"og:locale\" content=\"fr_FR\" \/>\n<meta property=\"og:type\" content=\"article\" \/>\n<meta property=\"og:title\" content=\"Politique de Cookies - Huurre\" \/>\n<meta property=\"og:description\" content=\"Politique de Cookies Les cookies sont des rapports courts qui sont envoy\u00e9s et stock\u00e9s sur le disque dur de l&rsquo;ordinateur de l&rsquo;utilisateur via votre navigateur lorsqu&rsquo;il se connecte \u00e0 un site Web. Les cookies peuvent \u00eatre utilis\u00e9s pour collecter et stocker des donn\u00e9es utilisateur lors de la connexion pour vous fournir les services demand\u00e9s et [&hellip;]\" \/>\n<meta property=\"og:url\" content=\"https:\/\/www.huurreiberica.com\/fr\/politique-de-cookies\/\" \/>\n<meta property=\"og:site_name\" content=\"Huurre\" \/>\n<meta property=\"article:modified_time\" content=\"2024-11-27T12:22:57+00:00\" \/>\n<meta name=\"twitter:card\" content=\"summary_large_image\" \/>\n<meta name=\"twitter:label1\" content=\"Dur\u00e9e de lecture estim\u00e9e\" \/>\n\t<meta name=\"twitter:data1\" content=\"2 minutes\" \/>\n<script type=\"application\/ld+json\" class=\"yoast-schema-graph\">{\"@context\":\"https:\\\/\\\/schema.org\",\"@graph\":[{\"@type\":\"WebPage\",\"@id\":\"https:\\\/\\\/www.huurreiberica.com\\\/fr\\\/politique-de-cookies\\\/\",\"url\":\"https:\\\/\\\/www.huurreiberica.com\\\/fr\\\/politique-de-cookies\\\/\",\"name\":\"Politique de Cookies - Huurre\",\"isPartOf\":{\"@id\":\"https:\\\/\\\/www.huurreiberica.com\\\/fr\\\/#website\"},\"datePublished\":\"2024-10-07T15:03:01+00:00\",\"dateModified\":\"2024-11-27T12:22:57+00:00\",\"breadcrumb\":{\"@id\":\"https:\\\/\\\/www.huurreiberica.com\\\/fr\\\/politique-de-cookies\\\/#breadcrumb\"},\"inLanguage\":\"fr-FR\",\"potentialAction\":[{\"@type\":\"ReadAction\",\"target\":[\"https:\\\/\\\/www.huurreiberica.com\\\/fr\\\/politique-de-cookies\\\/\"]}]},{\"@type\":\"BreadcrumbList\",\"@id\":\"https:\\\/\\\/www.huurreiberica.com\\\/fr\\\/politique-de-cookies\\\/#breadcrumb\",\"itemListElement\":[{\"@type\":\"ListItem\",\"position\":1,\"name\":\"Home\",\"item\":\"https:\\\/\\\/www.huurreiberica.com\\\/fr\\\/\"},{\"@type\":\"ListItem\",\"position\":2,\"name\":\"Politique de Cookies\"}]},{\"@type\":\"WebSite\",\"@id\":\"https:\\\/\\\/www.huurreiberica.com\\\/fr\\\/#website\",\"url\":\"https:\\\/\\\/www.huurreiberica.com\\\/fr\\\/\",\"name\":\"Huurre\",\"description\":\"Paneles aislantes para edificios eficientes y sostenibles | Fabricamos paneles para fachadas, paredes interiores,\",\"potentialAction\":[{\"@type\":\"SearchAction\",\"target\":{\"@type\":\"EntryPoint\",\"urlTemplate\":\"https:\\\/\\\/www.huurreiberica.com\\\/fr\\\/?s={search_term_string}\"},\"query-input\":{\"@type\":\"PropertyValueSpecification\",\"valueRequired\":true,\"valueName\":\"search_term_string\"}}],\"inLanguage\":\"fr-FR\"}]}<\/script>\n<!-- \/ Yoast SEO plugin. -->","yoast_head_json":{"title":"Politique de Cookies - Huurre","robots":{"index":"index","follow":"follow","max-snippet":"max-snippet:-1","max-image-preview":"max-image-preview:large","max-video-preview":"max-video-preview:-1"},"canonical":"https:\/\/www.huurreiberica.com\/fr\/politique-de-cookies\/","og_locale":"fr_FR","og_type":"article","og_title":"Politique de Cookies - Huurre","og_description":"Politique de Cookies Les cookies sont des rapports courts qui sont envoy\u00e9s et stock\u00e9s sur le disque dur de l&rsquo;ordinateur de l&rsquo;utilisateur via votre navigateur lorsqu&rsquo;il se connecte \u00e0 un site Web. Les cookies peuvent \u00eatre utilis\u00e9s pour collecter et stocker des donn\u00e9es utilisateur lors de la connexion pour vous fournir les services demand\u00e9s et [&hellip;]","og_url":"https:\/\/www.huurreiberica.com\/fr\/politique-de-cookies\/","og_site_name":"Huurre","article_modified_time":"2024-11-27T12:22:57+00:00","twitter_card":"summary_large_image","twitter_misc":{"Dur\u00e9e de lecture estim\u00e9e":"2 minutes"},"schema":{"@context":"https:\/\/schema.org","@graph":[{"@type":"WebPage","@id":"https:\/\/www.huurreiberica.com\/fr\/politique-de-cookies\/","url":"https:\/\/www.huurreiberica.com\/fr\/politique-de-cookies\/","name":"Politique de Cookies - Huurre","isPartOf":{"@id":"https:\/\/www.huurreiberica.com\/fr\/#website"},"datePublished":"2024-10-07T15:03:01+00:00","dateModified":"2024-11-27T12:22:57+00:00","breadcrumb":{"@id":"https:\/\/www.huurreiberica.com\/fr\/politique-de-cookies\/#breadcrumb"},"inLanguage":"fr-FR","potentialAction":[{"@type":"ReadAction","target":["https:\/\/www.huurreiberica.com\/fr\/politique-de-cookies\/"]}]},{"@type":"BreadcrumbList","@id":"https:\/\/www.huurreiberica.com\/fr\/politique-de-cookies\/#breadcrumb","itemListElement":[{"@type":"ListItem","position":1,"name":"Home","item":"https:\/\/www.huurreiberica.com\/fr\/"},{"@type":"ListItem","position":2,"name":"Politique de Cookies"}]},{"@type":"WebSite","@id":"https:\/\/www.huurreiberica.com\/fr\/#website","url":"https:\/\/www.huurreiberica.com\/fr\/","name":"Huurre","description":"Paneles aislantes para edificios eficientes y sostenibles | Fabricamos paneles para fachadas, paredes interiores,","potentialAction":[{"@type":"SearchAction","target":{"@type":"EntryPoint","urlTemplate":"https:\/\/www.huurreiberica.com\/fr\/?s={search_term_string}"},"query-input":{"@type":"PropertyValueSpecification","valueRequired":true,"valueName":"search_term_string"}}],"inLanguage":"fr-FR"}]}},"featured_image_src":null,"featured_image_src_square":null,"_links":{"self":[{"href":"https:\/\/www.huurreiberica.com\/fr\/wp-json\/wp\/v2\/pages\/4733","targetHints":{"allow":["GET"]}}],"collection":[{"href":"https:\/\/www.huurreiberica.com\/fr\/wp-json\/wp\/v2\/pages"}],"about":[{"href":"https:\/\/www.huurreiberica.com\/fr\/wp-json\/wp\/v2\/types\/page"}],"author":[{"embeddable":true,"href":"https:\/\/www.huurreiberica.com\/fr\/wp-json\/wp\/v2\/users\/1"}],"replies":[{"embeddable":true,"href":"https:\/\/www.huurreiberica.com\/fr\/wp-json\/wp\/v2\/comments?post=4733"}],"version-history":[{"count":4,"href":"https:\/\/www.huurreiberica.com\/fr\/wp-json\/wp\/v2\/pages\/4733\/revisions"}],"predecessor-version":[{"id":12179,"href":"https:\/\/www.huurreiberica.com\/fr\/wp-json\/wp\/v2\/pages\/4733\/revisions\/12179"}],"wp:attachment":[{"href":"https:\/\/www.huurreiberica.com\/fr\/wp-json\/wp\/v2\/media?parent=4733"}],"curies":[{"name":"wp","href":"https:\/\/api.w.org\/{rel}","templated":true}]}}