{"id":514,"date":"2024-11-21T17:21:06","date_gmt":"2024-11-21T16:21:06","guid":{"rendered":"https:\/\/unrivalled-manx-5b8ed1.instawp.xyz\/sistemas\/"},"modified":"2025-09-29T17:16:28","modified_gmt":"2025-09-29T15:16:28","slug":"systemes","status":"publish","type":"page","link":"https:\/\/www.huurreiberica.com\/fr\/systemes\/","title":{"rendered":"Syst\u00e8mes"},"content":{"rendered":"\n<div id=\"block-sistemas-block_60bcb52ba4882e6124836a173f96f040\" class=\"block-sistemas\">\n    <div class=\"wrap\">\n        <!-- A\u00f1adir los nuevos campos de t\u00edtulo -->\n        <p class=\"title-superior\"><\/p>\n        <h2>Syst\u00e8mes de construction pour votre projet<\/h2>\n        \n        <div class=\"control-position\">\n            <div class=\"image\">\n                <img loading=\"lazy\" decoding=\"async\" width=\"2560\" height=\"1540\" src=\"https:\/\/www.huurreiberica.com\/wp-content\/uploads\/2024\/02\/lance-anderson-QdAAasrZhdk-unsplash-scaled.jpg\" class=\"attachment-full size-full\" alt=\"\" srcset=\"https:\/\/www.huurreiberica.com\/wp-content\/uploads\/2024\/02\/lance-anderson-QdAAasrZhdk-unsplash-scaled.jpg 2560w, https:\/\/www.huurreiberica.com\/wp-content\/uploads\/2024\/02\/lance-anderson-QdAAasrZhdk-unsplash-300x180.jpg 300w, https:\/\/www.huurreiberica.com\/wp-content\/uploads\/2024\/02\/lance-anderson-QdAAasrZhdk-unsplash-1024x616.jpg 1024w, https:\/\/www.huurreiberica.com\/wp-content\/uploads\/2024\/02\/lance-anderson-QdAAasrZhdk-unsplash-768x462.jpg 768w, https:\/\/www.huurreiberica.com\/wp-content\/uploads\/2024\/02\/lance-anderson-QdAAasrZhdk-unsplash-1536x924.jpg 1536w, https:\/\/www.huurreiberica.com\/wp-content\/uploads\/2024\/02\/lance-anderson-QdAAasrZhdk-unsplash-2048x1232.jpg 2048w\" sizes=\"auto, (max-width: 2560px) 100vw, 2560px\" \/>            <\/div>\n                                                        <!-- Envolver todo el punto en un <a> -->\n                <a href=\"\/fr\/categorie-produit\/panneaux-toitures\/\" class=\"single-point\" style=\"left: 23%; top: 11%;\">\n                    <div class=\"circle\">\n                        <div class=\"circle-in\"><\/div>\n                    <\/div>\n                    <div class=\"texto\">\n                        <p>Panneaux pour toitures<\/p>\n                    <\/div>\n                <\/a>\n                                                            <!-- Envolver todo el punto en un <a> -->\n                <a href=\"\/fr\/categorie-produit\/eclairage-naturel\/\" class=\"single-point\" style=\"left: 54%; top: 23%;\">\n                    <div class=\"circle\">\n                        <div class=\"circle-in\"><\/div>\n                    <\/div>\n                    <div class=\"texto\">\n                        <p>Eclairage naturel<\/p>\n                    <\/div>\n                <\/a>\n                                                            <!-- Envolver todo el punto en un <a> -->\n                <a href=\"\/fr\/categorie-produit\/panneaux-acoustiques\/\" class=\"single-point\" style=\"left: 57%; top: 58%;\">\n                    <div class=\"circle\">\n                        <div class=\"circle-in\"><\/div>\n                    <\/div>\n                    <div class=\"texto\">\n                        <p>Panneaux acoustiques<\/p>\n                    <\/div>\n                <\/a>\n                                                            <!-- Envolver todo el punto en un <a> -->\n                <a href=\"https:\/\/teczone.es\/fr\/categorie-produit\/sangles-metalliques\/\" class=\"single-point\" style=\"left: 60%; top: 47%;\">\n                    <div class=\"circle\">\n                        <div class=\"circle-in\"><\/div>\n                    <\/div>\n                    <div class=\"texto\">\n                        <p>Pannes m\u00e9talliques<\/p>\n                    <\/div>\n                <\/a>\n                                                            <!-- Envolver todo el punto en un <a> -->\n                <a href=\"\/fr\/categorie-produit\/panneau-frigorifique\/\" class=\"single-point\" style=\"left: 53%; top: 35%;\">\n                    <div class=\"circle\">\n                        <div class=\"circle-in\"><\/div>\n                    <\/div>\n                    <div class=\"texto\">\n                        <p>Panneau frigorifique<\/p>\n                    <\/div>\n                <\/a>\n                                                            <!-- Envolver todo el punto en un <a> -->\n                <a href=\"\/fr\/categorie-produit\/panneaux-facades\/\" class=\"single-point\" style=\"left: 16%; top: 38%;\">\n                    <div class=\"circle\">\n                        <div class=\"circle-in\"><\/div>\n                    <\/div>\n                    <div class=\"texto\">\n                        <p>Panneaux pour fa\u00e7ades<\/p>\n                    <\/div>\n                <\/a>\n                                                            <!-- Envolver todo el punto en un <a> -->\n                <a href=\"https:\/\/teczone.es\/fr\/categorie-produit\/systeme-mywall\/\" class=\"single-point\" style=\"left: 12%; top: 23%;\">\n                    <div class=\"circle\">\n                        <div class=\"circle-in\"><\/div>\n                    <\/div>\n                    <div class=\"texto\">\n                        <p>Rev\u00eatement m\u00e9tallique architectural <\/p>\n                    <\/div>\n                <\/a>\n                                    <\/div>\n    <\/div>\n<\/div>\n\n\n\n<p><\/p>\n","protected":false},"excerpt":{"rendered":"","protected":false},"author":1,"featured_media":0,"parent":0,"menu_order":0,"comment_status":"closed","ping_status":"closed","template":"page-templates\/page-full-width.php","meta":{"_acf_changed":false,"_oasis_is_in_workflow":0,"_oasis_original":0,"_oasis_task_priority":"2normal","_genesis_hide_title":false,"_genesis_hide_breadcrumbs":false,"_genesis_hide_singular_image":false,"_genesis_hide_footer_widgets":false,"_genesis_custom_body_class":"","_genesis_custom_post_class":"","_genesis_layout":"","footnotes":""},"class_list":{"0":"post-514","1":"page","2":"type-page","3":"status-publish","5":"entry"},"acf":[],"yoast_head":"<!-- This site is optimized with the Yoast SEO plugin v27.3 - https:\/\/yoast.com\/product\/yoast-seo-wordpress\/ -->\n<title>Syst\u00e8mes - Huurre<\/title>\n<meta name=\"description\" content=\"D\u00e9couvrez les syst\u00e8mes de construction de Huurre Ib\u00e9rica pour votre projet. Syst\u00e8mes de toiture, profil\u00e9s m\u00e9talliques, syst\u00e8mes de fa\u00e7ade, syst\u00e8mes frigorifiques, pannes m\u00e9talliques, panneaux acoustiques, \u00e9clairage naturel.\" \/>\n<meta name=\"robots\" content=\"index, follow, max-snippet:-1, max-image-preview:large, max-video-preview:-1\" \/>\n<link rel=\"canonical\" href=\"https:\/\/www.huurreiberica.com\/fr\/systemes\/\" \/>\n<meta property=\"og:locale\" content=\"fr_FR\" \/>\n<meta property=\"og:type\" content=\"article\" \/>\n<meta property=\"og:title\" content=\"Syst\u00e8mes - Huurre\" \/>\n<meta property=\"og:description\" content=\"D\u00e9couvrez les syst\u00e8mes de construction de Huurre Ib\u00e9rica pour votre projet. Syst\u00e8mes de toiture, profil\u00e9s m\u00e9talliques, syst\u00e8mes de fa\u00e7ade, syst\u00e8mes frigorifiques, pannes m\u00e9talliques, panneaux acoustiques, \u00e9clairage naturel.\" \/>\n<meta property=\"og:url\" content=\"https:\/\/www.huurreiberica.com\/fr\/systemes\/\" \/>\n<meta property=\"og:site_name\" content=\"Huurre\" \/>\n<meta property=\"article:modified_time\" content=\"2025-09-29T15:16:28+00:00\" \/>\n<meta name=\"twitter:card\" content=\"summary_large_image\" \/>\n<script type=\"application\/ld+json\" class=\"yoast-schema-graph\">{\"@context\":\"https:\\\/\\\/schema.org\",\"@graph\":[{\"@type\":\"WebPage\",\"@id\":\"https:\\\/\\\/www.huurreiberica.com\\\/fr\\\/systemes\\\/\",\"url\":\"https:\\\/\\\/www.huurreiberica.com\\\/fr\\\/systemes\\\/\",\"name\":\"Syst\u00e8mes - Huurre\",\"isPartOf\":{\"@id\":\"https:\\\/\\\/www.huurreiberica.com\\\/fr\\\/#website\"},\"datePublished\":\"2024-11-21T16:21:06+00:00\",\"dateModified\":\"2025-09-29T15:16:28+00:00\",\"description\":\"D\u00e9couvrez les syst\u00e8mes de construction de Huurre Ib\u00e9rica pour votre projet. Syst\u00e8mes de toiture, profil\u00e9s m\u00e9talliques, syst\u00e8mes de fa\u00e7ade, syst\u00e8mes frigorifiques, pannes m\u00e9talliques, panneaux acoustiques, \u00e9clairage naturel.\",\"breadcrumb\":{\"@id\":\"https:\\\/\\\/www.huurreiberica.com\\\/fr\\\/systemes\\\/#breadcrumb\"},\"inLanguage\":\"fr-FR\",\"potentialAction\":[{\"@type\":\"ReadAction\",\"target\":[\"https:\\\/\\\/www.huurreiberica.com\\\/fr\\\/systemes\\\/\"]}]},{\"@type\":\"BreadcrumbList\",\"@id\":\"https:\\\/\\\/www.huurreiberica.com\\\/fr\\\/systemes\\\/#breadcrumb\",\"itemListElement\":[{\"@type\":\"ListItem\",\"position\":1,\"name\":\"Home\",\"item\":\"https:\\\/\\\/www.huurreiberica.com\\\/fr\\\/\"},{\"@type\":\"ListItem\",\"position\":2,\"name\":\"Syst\u00e8mes\"}]},{\"@type\":\"WebSite\",\"@id\":\"https:\\\/\\\/www.huurreiberica.com\\\/fr\\\/#website\",\"url\":\"https:\\\/\\\/www.huurreiberica.com\\\/fr\\\/\",\"name\":\"Huurre\",\"description\":\"Paneles aislantes para edificios eficientes y sostenibles | Fabricamos paneles para fachadas, paredes interiores,\",\"potentialAction\":[{\"@type\":\"SearchAction\",\"target\":{\"@type\":\"EntryPoint\",\"urlTemplate\":\"https:\\\/\\\/www.huurreiberica.com\\\/fr\\\/?s={search_term_string}\"},\"query-input\":{\"@type\":\"PropertyValueSpecification\",\"valueRequired\":true,\"valueName\":\"search_term_string\"}}],\"inLanguage\":\"fr-FR\"}]}<\/script>\n<!-- \/ Yoast SEO plugin. -->","yoast_head_json":{"title":"Syst\u00e8mes - Huurre","description":"D\u00e9couvrez les syst\u00e8mes de construction de Huurre Ib\u00e9rica pour votre projet. Syst\u00e8mes de toiture, profil\u00e9s m\u00e9talliques, syst\u00e8mes de fa\u00e7ade, syst\u00e8mes frigorifiques, pannes m\u00e9talliques, panneaux acoustiques, \u00e9clairage naturel.","robots":{"index":"index","follow":"follow","max-snippet":"max-snippet:-1","max-image-preview":"max-image-preview:large","max-video-preview":"max-video-preview:-1"},"canonical":"https:\/\/www.huurreiberica.com\/fr\/systemes\/","og_locale":"fr_FR","og_type":"article","og_title":"Syst\u00e8mes - Huurre","og_description":"D\u00e9couvrez les syst\u00e8mes de construction de Huurre Ib\u00e9rica pour votre projet. Syst\u00e8mes de toiture, profil\u00e9s m\u00e9talliques, syst\u00e8mes de fa\u00e7ade, syst\u00e8mes frigorifiques, pannes m\u00e9talliques, panneaux acoustiques, \u00e9clairage naturel.","og_url":"https:\/\/www.huurreiberica.com\/fr\/systemes\/","og_site_name":"Huurre","article_modified_time":"2025-09-29T15:16:28+00:00","twitter_card":"summary_large_image","schema":{"@context":"https:\/\/schema.org","@graph":[{"@type":"WebPage","@id":"https:\/\/www.huurreiberica.com\/fr\/systemes\/","url":"https:\/\/www.huurreiberica.com\/fr\/systemes\/","name":"Syst\u00e8mes - Huurre","isPartOf":{"@id":"https:\/\/www.huurreiberica.com\/fr\/#website"},"datePublished":"2024-11-21T16:21:06+00:00","dateModified":"2025-09-29T15:16:28+00:00","description":"D\u00e9couvrez les syst\u00e8mes de construction de Huurre Ib\u00e9rica pour votre projet. Syst\u00e8mes de toiture, profil\u00e9s m\u00e9talliques, syst\u00e8mes de fa\u00e7ade, syst\u00e8mes frigorifiques, pannes m\u00e9talliques, panneaux acoustiques, \u00e9clairage naturel.","breadcrumb":{"@id":"https:\/\/www.huurreiberica.com\/fr\/systemes\/#breadcrumb"},"inLanguage":"fr-FR","potentialAction":[{"@type":"ReadAction","target":["https:\/\/www.huurreiberica.com\/fr\/systemes\/"]}]},{"@type":"BreadcrumbList","@id":"https:\/\/www.huurreiberica.com\/fr\/systemes\/#breadcrumb","itemListElement":[{"@type":"ListItem","position":1,"name":"Home","item":"https:\/\/www.huurreiberica.com\/fr\/"},{"@type":"ListItem","position":2,"name":"Syst\u00e8mes"}]},{"@type":"WebSite","@id":"https:\/\/www.huurreiberica.com\/fr\/#website","url":"https:\/\/www.huurreiberica.com\/fr\/","name":"Huurre","description":"Paneles aislantes para edificios eficientes y sostenibles | Fabricamos paneles para fachadas, paredes interiores,","potentialAction":[{"@type":"SearchAction","target":{"@type":"EntryPoint","urlTemplate":"https:\/\/www.huurreiberica.com\/fr\/?s={search_term_string}"},"query-input":{"@type":"PropertyValueSpecification","valueRequired":true,"valueName":"search_term_string"}}],"inLanguage":"fr-FR"}]}},"featured_image_src":null,"featured_image_src_square":null,"_links":{"self":[{"href":"https:\/\/www.huurreiberica.com\/fr\/wp-json\/wp\/v2\/pages\/514","targetHints":{"allow":["GET"]}}],"collection":[{"href":"https:\/\/www.huurreiberica.com\/fr\/wp-json\/wp\/v2\/pages"}],"about":[{"href":"https:\/\/www.huurreiberica.com\/fr\/wp-json\/wp\/v2\/types\/page"}],"author":[{"embeddable":true,"href":"https:\/\/www.huurreiberica.com\/fr\/wp-json\/wp\/v2\/users\/1"}],"replies":[{"embeddable":true,"href":"https:\/\/www.huurreiberica.com\/fr\/wp-json\/wp\/v2\/comments?post=514"}],"version-history":[{"count":28,"href":"https:\/\/www.huurreiberica.com\/fr\/wp-json\/wp\/v2\/pages\/514\/revisions"}],"predecessor-version":[{"id":17723,"href":"https:\/\/www.huurreiberica.com\/fr\/wp-json\/wp\/v2\/pages\/514\/revisions\/17723"}],"wp:attachment":[{"href":"https:\/\/www.huurreiberica.com\/fr\/wp-json\/wp\/v2\/media?parent=514"}],"curies":[{"name":"wp","href":"https:\/\/api.w.org\/{rel}","templated":true}]}}