{"id":528,"date":"2024-10-07T17:10:28","date_gmt":"2024-10-07T15:10:28","guid":{"rendered":"https:\/\/unrivalled-manx-5b8ed1.instawp.xyz\/proyectos\/"},"modified":"2025-09-29T17:10:58","modified_gmt":"2025-09-29T15:10:58","slug":"projets","status":"publish","type":"page","link":"https:\/\/www.huurreiberica.com\/fr\/projets\/","title":{"rendered":"Projets"},"content":{"rendered":"","protected":false},"excerpt":{"rendered":"","protected":false},"author":1,"featured_media":0,"parent":0,"menu_order":0,"comment_status":"closed","ping_status":"closed","template":"","meta":{"_acf_changed":false,"_oasis_is_in_workflow":0,"_oasis_original":0,"_oasis_task_priority":"2normal","_genesis_hide_title":false,"_genesis_hide_breadcrumbs":false,"_genesis_hide_singular_image":false,"_genesis_hide_footer_widgets":false,"_genesis_custom_body_class":"","_genesis_custom_post_class":"","_genesis_layout":"","footnotes":""},"class_list":{"0":"post-528","1":"page","2":"type-page","3":"status-publish","5":"entry"},"acf":[],"yoast_head":"<!-- This site is optimized with the Yoast SEO plugin v27.3 - https:\/\/yoast.com\/product\/yoast-seo-wordpress\/ -->\n<title>Projets - Huurre<\/title>\n<meta name=\"description\" content=\"D\u00e9couvrez des projets avec panneaux sandwich pour la construction. Travaux de r\u00e9f\u00e9rence r\u00e9alis\u00e9s avec des panneaux sandwich de HUURRE Iberica.\" \/>\n<meta name=\"robots\" content=\"index, follow, max-snippet:-1, max-image-preview:large, max-video-preview:-1\" \/>\n<link rel=\"canonical\" href=\"https:\/\/www.huurreiberica.com\/fr\/projets\/\" \/>\n<meta property=\"og:locale\" content=\"fr_FR\" \/>\n<meta property=\"og:type\" content=\"article\" \/>\n<meta property=\"og:title\" content=\"Projets - Huurre\" \/>\n<meta property=\"og:description\" content=\"D\u00e9couvrez des projets avec panneaux sandwich pour la construction. Travaux de r\u00e9f\u00e9rence r\u00e9alis\u00e9s avec des panneaux sandwich de HUURRE Iberica.\" \/>\n<meta property=\"og:url\" content=\"https:\/\/www.huurreiberica.com\/fr\/projets\/\" \/>\n<meta property=\"og:site_name\" content=\"Huurre\" \/>\n<meta property=\"article:modified_time\" content=\"2025-09-29T15:10:58+00:00\" \/>\n<meta name=\"twitter:card\" content=\"summary_large_image\" \/>\n<script type=\"application\/ld+json\" class=\"yoast-schema-graph\">{\"@context\":\"https:\\\/\\\/schema.org\",\"@graph\":[{\"@type\":\"WebPage\",\"@id\":\"https:\\\/\\\/www.huurreiberica.com\\\/fr\\\/projets\\\/\",\"url\":\"https:\\\/\\\/www.huurreiberica.com\\\/fr\\\/projets\\\/\",\"name\":\"Projets - Huurre\",\"isPartOf\":{\"@id\":\"https:\\\/\\\/www.huurreiberica.com\\\/fr\\\/#website\"},\"datePublished\":\"2024-10-07T15:10:28+00:00\",\"dateModified\":\"2025-09-29T15:10:58+00:00\",\"description\":\"D\u00e9couvrez des projets avec panneaux sandwich pour la construction. Travaux de r\u00e9f\u00e9rence r\u00e9alis\u00e9s avec des panneaux sandwich de HUURRE Iberica.\",\"breadcrumb\":{\"@id\":\"https:\\\/\\\/www.huurreiberica.com\\\/fr\\\/projets\\\/#breadcrumb\"},\"inLanguage\":\"fr-FR\",\"potentialAction\":[{\"@type\":\"ReadAction\",\"target\":[\"https:\\\/\\\/www.huurreiberica.com\\\/fr\\\/projets\\\/\"]}]},{\"@type\":\"BreadcrumbList\",\"@id\":\"https:\\\/\\\/www.huurreiberica.com\\\/fr\\\/projets\\\/#breadcrumb\",\"itemListElement\":[{\"@type\":\"ListItem\",\"position\":1,\"name\":\"Home\",\"item\":\"https:\\\/\\\/www.huurreiberica.com\\\/fr\\\/\"},{\"@type\":\"ListItem\",\"position\":2,\"name\":\"Projets\"}]},{\"@type\":\"WebSite\",\"@id\":\"https:\\\/\\\/www.huurreiberica.com\\\/fr\\\/#website\",\"url\":\"https:\\\/\\\/www.huurreiberica.com\\\/fr\\\/\",\"name\":\"Huurre\",\"description\":\"Paneles aislantes para edificios eficientes y sostenibles | Fabricamos paneles para fachadas, paredes interiores,\",\"potentialAction\":[{\"@type\":\"SearchAction\",\"target\":{\"@type\":\"EntryPoint\",\"urlTemplate\":\"https:\\\/\\\/www.huurreiberica.com\\\/fr\\\/?s={search_term_string}\"},\"query-input\":{\"@type\":\"PropertyValueSpecification\",\"valueRequired\":true,\"valueName\":\"search_term_string\"}}],\"inLanguage\":\"fr-FR\"}]}<\/script>\n<!-- \/ Yoast SEO plugin. -->","yoast_head_json":{"title":"Projets - Huurre","description":"D\u00e9couvrez des projets avec panneaux sandwich pour la construction. Travaux de r\u00e9f\u00e9rence r\u00e9alis\u00e9s avec des panneaux sandwich de HUURRE Iberica.","robots":{"index":"index","follow":"follow","max-snippet":"max-snippet:-1","max-image-preview":"max-image-preview:large","max-video-preview":"max-video-preview:-1"},"canonical":"https:\/\/www.huurreiberica.com\/fr\/projets\/","og_locale":"fr_FR","og_type":"article","og_title":"Projets - Huurre","og_description":"D\u00e9couvrez des projets avec panneaux sandwich pour la construction. Travaux de r\u00e9f\u00e9rence r\u00e9alis\u00e9s avec des panneaux sandwich de HUURRE Iberica.","og_url":"https:\/\/www.huurreiberica.com\/fr\/projets\/","og_site_name":"Huurre","article_modified_time":"2025-09-29T15:10:58+00:00","twitter_card":"summary_large_image","schema":{"@context":"https:\/\/schema.org","@graph":[{"@type":"WebPage","@id":"https:\/\/www.huurreiberica.com\/fr\/projets\/","url":"https:\/\/www.huurreiberica.com\/fr\/projets\/","name":"Projets - Huurre","isPartOf":{"@id":"https:\/\/www.huurreiberica.com\/fr\/#website"},"datePublished":"2024-10-07T15:10:28+00:00","dateModified":"2025-09-29T15:10:58+00:00","description":"D\u00e9couvrez des projets avec panneaux sandwich pour la construction. Travaux de r\u00e9f\u00e9rence r\u00e9alis\u00e9s avec des panneaux sandwich de HUURRE Iberica.","breadcrumb":{"@id":"https:\/\/www.huurreiberica.com\/fr\/projets\/#breadcrumb"},"inLanguage":"fr-FR","potentialAction":[{"@type":"ReadAction","target":["https:\/\/www.huurreiberica.com\/fr\/projets\/"]}]},{"@type":"BreadcrumbList","@id":"https:\/\/www.huurreiberica.com\/fr\/projets\/#breadcrumb","itemListElement":[{"@type":"ListItem","position":1,"name":"Home","item":"https:\/\/www.huurreiberica.com\/fr\/"},{"@type":"ListItem","position":2,"name":"Projets"}]},{"@type":"WebSite","@id":"https:\/\/www.huurreiberica.com\/fr\/#website","url":"https:\/\/www.huurreiberica.com\/fr\/","name":"Huurre","description":"Paneles aislantes para edificios eficientes y sostenibles | Fabricamos paneles para fachadas, paredes interiores,","potentialAction":[{"@type":"SearchAction","target":{"@type":"EntryPoint","urlTemplate":"https:\/\/www.huurreiberica.com\/fr\/?s={search_term_string}"},"query-input":{"@type":"PropertyValueSpecification","valueRequired":true,"valueName":"search_term_string"}}],"inLanguage":"fr-FR"}]}},"featured_image_src":null,"featured_image_src_square":null,"_links":{"self":[{"href":"https:\/\/www.huurreiberica.com\/fr\/wp-json\/wp\/v2\/pages\/528","targetHints":{"allow":["GET"]}}],"collection":[{"href":"https:\/\/www.huurreiberica.com\/fr\/wp-json\/wp\/v2\/pages"}],"about":[{"href":"https:\/\/www.huurreiberica.com\/fr\/wp-json\/wp\/v2\/types\/page"}],"author":[{"embeddable":true,"href":"https:\/\/www.huurreiberica.com\/fr\/wp-json\/wp\/v2\/users\/1"}],"replies":[{"embeddable":true,"href":"https:\/\/www.huurreiberica.com\/fr\/wp-json\/wp\/v2\/comments?post=528"}],"version-history":[{"count":1,"href":"https:\/\/www.huurreiberica.com\/fr\/wp-json\/wp\/v2\/pages\/528\/revisions"}],"predecessor-version":[{"id":529,"href":"https:\/\/www.huurreiberica.com\/fr\/wp-json\/wp\/v2\/pages\/528\/revisions\/529"}],"wp:attachment":[{"href":"https:\/\/www.huurreiberica.com\/fr\/wp-json\/wp\/v2\/media?parent=528"}],"curies":[{"name":"wp","href":"https:\/\/api.w.org\/{rel}","templated":true}]}}