{"id":809,"date":"2024-01-08T11:35:00","date_gmt":"2024-01-08T10:35:00","guid":{"rendered":"https:\/\/unrivalled-manx-5b8ed1.instawp.xyz\/sobre-huuree\/"},"modified":"2026-04-16T12:05:56","modified_gmt":"2026-04-16T10:05:56","slug":"a-propos-de-huurre","status":"publish","type":"page","link":"https:\/\/www.huurreiberica.com\/fr\/a-propos-de-huurre\/","title":{"rendered":"A propos de Huurre"},"content":{"rendered":"\n<h2 class=\"wp-block-heading\">Exp\u00e9rience<\/h2>\n\n\n\n<script type=\"text\/javascript\">\n    \n    jQuery(function($) {\n        $( \"#accordion\" ).accordion({\n          heightStyle: \"content\",\n        });\n    });\n\n<\/script>\n\n\n<div id=\"block-acordeon-block_77fa70dd084232c971b5ba0b71ff56f8\" class=\"block-acordeon\">\n\n    <div id=\"accordion\" class=\"list-acordeon\">\n                    <h3><span>Une r\u00e9f\u00e9rence dans le secteur<\/span><\/h3>\n            <div class=\"texto\">\n                <div class=\"control\">\n                    <p>Huurre est un fabricant de panneaux sandwich isolants et de syst\u00e8mes constructifs pour les enveloppes m\u00e9talliques, les fa\u00e7ades et les toitures. L\u2019entreprise dispose d\u2019un parcours \u00e9tabli et d\u2019une exp\u00e9rience dans la fourniture de solutions pour les secteurs industriel, agroalimentaire, tertiaire et de la construction. Son activit\u00e9 se concentre sur le d\u00e9veloppement et la fabrication de produits, l\u2019application de solutions constructives et la fourniture de services associ\u00e9s \u00e0 ses clients.<\/p>\n                <\/div>\n            <\/div>\n                    <h3><span>\u00c9quipe humaine sp\u00e9cialis\u00e9e<\/span><\/h3>\n            <div class=\"texto\">\n                <div class=\"control\">\n                    <p>L&rsquo;un des plus grands atouts d&rsquo;Huurre est son \u00e9quipe humaine ; un groupe de professionnels hautement qualifi\u00e9s, exp\u00e9riment\u00e9s et proactifs ax\u00e9s sur le d\u00e9veloppement de solutions innovantes et efficaces pour satisfaire les besoins de leurs clients.<\/p>\n<p style=\"text-align: center\"><a href=\"\/fr\/contact\/\">Contactez nos bureaux ou l&rsquo;agent commercial le plus proche pour recevoir les conseils n\u00e9cessaires.<\/a><\/p>\n                <\/div>\n            <\/div>\n                    <h3><span>Forums de connaissances<\/span><\/h3>\n            <div class=\"texto\">\n                <div class=\"control\">\n                    <p>Actuellement, et gr\u00e2ce au vaste savoir-faire acquis, Huurre est pr\u00e9sente dans les forums les plus importants pour la g\u00e9n\u00e9ration de connaissances, la recherche et le d\u00e9veloppement de syst\u00e8mes de panneaux isolants.<\/p>\n<p>&nbsp;<\/p>\n<table style=\"width: 100%;border-collapse: collapse\">\n<tbody>\n<tr>\n<td style=\"text-align: center;padding: 10px;vertical-align: middle\"><img decoding=\"async\" style=\"max-width: 210px;max-height: 130px;height: auto;width: auto\" src=\"\/wp-content\/uploads\/2024\/09\/AENOR.png\" alt=\"logo-aenor\" \/><\/td>\n<td style=\"text-align: center;padding: 10px;vertical-align: middle\"><img decoding=\"async\" style=\"max-width: 180px;max-height: 130px;height: auto;width: auto\" src=\"\/wp-content\/uploads\/2024\/09\/COASHIQ.png\" alt=\"logo-coashiq\" \/><\/td>\n<td style=\"text-align: center;padding: 10px;vertical-align: middle\"><img decoding=\"async\" style=\"max-width: 180px;max-height: 130px;height: auto;width: auto\" src=\"\/wp-content\/uploads\/2024\/09\/Captura_de_pantalla_2024-09-10_123324-removebg-preview.png\" alt=\"logo-ceec\" \/><\/td>\n<td style=\"text-align: center;padding: 10px;vertical-align: middle\"><img decoding=\"async\" style=\"max-width: 160px;max-height: 130px;height: auto;width: auto\" src=\"\/wp-content\/uploads\/2024\/09\/CEPREVEN.png\" alt=\"Cepreven\" \/><\/td>\n<\/tr>\n<tr>\n<td style=\"text-align: center;padding: 10px;vertical-align: middle\"><img decoding=\"async\" style=\"max-width: 160px;max-height: 130px;height: auto;width: auto\" src=\"\/wp-content\/uploads\/2024\/09\/Captura_de_pantalla_2024-09-10_123634-removebg-preview.png\" alt=\"CEN\" \/><\/td>\n<td style=\"text-align: center;padding: 10px;vertical-align: middle\"><img decoding=\"async\" style=\"max-width: 180px;max-height: 130px;height: auto;width: auto\" src=\"\/wp-content\/uploads\/2024\/09\/EUROPEAN-ASOCIATION-FOR-PANELS.png\" alt=\"logo-european-asociation-for-panels\" \/><\/td>\n<td style=\"text-align: center;padding: 10px;vertical-align: middle\"><img decoding=\"async\" style=\"max-width: 130px;max-height: 110px;height: auto;width: auto\" src=\"\/wp-content\/uploads\/2024\/09\/images-removebg-preview.png\" alt=\"CEN\" \/><\/td>\n<td style=\"text-align: center;padding: 10px;vertical-align: middle\"><img decoding=\"async\" style=\"max-width: 150px;max-height: 130px;height: auto;width: auto\" src=\"\/wp-content\/uploads\/2024\/09\/IPUR.webp\" alt=\"PUR\" \/><\/td>\n<\/tr>\n<tr>\n<td style=\"text-align: center;padding: 10px;vertical-align: middle\"><img style=\"max-width: 160px;max-height: 130px;height: auto;width: auto\" alt=\"\" \/><\/td>\n<td style=\"text-align: center;padding: 10px;vertical-align: middle\" colspan=\"2\"><img decoding=\"async\" style=\"max-width: 180px;max-height: 130px;height: auto;width: auto\" src=\"\/wp-content\/uploads\/2025\/02\/AFEPP-Logo-2-2.pdf.jpg\" alt=\"logo-aafep\" \/><\/td>\n<td style=\"text-align: center;padding: 10px;vertical-align: middle\"><img style=\"max-width: 130px;max-height: 110px;height: auto;width: auto\" alt=\"\" \/><\/td>\n<td style=\"text-align: center;padding: 10px;vertical-align: middle\"><img style=\"max-width: 150px;max-height: 130px;height: auto;width: auto\" alt=\"\" \/><\/td>\n<\/tr>\n<\/tbody>\n<\/table>\n                <\/div>\n            <\/div>\n                    <h3><span>\u00c0 propos des panneaux isol\u00e9s Kingspan &#8211; Southern Europe<\/span><\/h3>\n            <div class=\"texto\">\n                <div class=\"control\">\n                    <p>&nbsp;<\/p>\n<p>La division Kingspan Insulated Panels dans notre r\u00e9gion est compos\u00e9e de trois grandes entreprises de mat\u00e9riaux de construction, chacune sp\u00e9cialis\u00e9e dans les solutions innovantes et de haute qualit\u00e9.<\/p>\n<p>&nbsp;<\/p>\n<p><img loading=\"lazy\" decoding=\"async\" class=\"alignnone  wp-image-289\" src=\"https:\/\/www.huurreiberica.com\/wp-content\/uploads\/2024\/01\/logo-hurre-horrizontal-300x41.png\" alt=\"\" width=\"241\" height=\"33\" srcset=\"https:\/\/www.huurreiberica.com\/wp-content\/uploads\/2024\/01\/logo-hurre-horrizontal-300x41.png 300w, https:\/\/www.huurreiberica.com\/wp-content\/uploads\/2024\/01\/logo-hurre-horrizontal.png 532w\" sizes=\"auto, (max-width: 241px) 100vw, 241px\" \/><\/p>\n<p>Huurre Ib\u00e9rica, situ\u00e9e \u00e0 Cass\u00e0 de la Selva, se consacre \u00e0 la conception et \u00e0 la fabrication de panneaux isolants et de chambres froides, offrant des solutions avanc\u00e9es pour l&rsquo;industrie alimentaire et logistique. Vous pouvez en savoir plus sur leurs produits et services en visitant\u00a0 <a href=\"https:\/\/www.huurreiberica.com\/fr\/\">www.huurreiberica.com<\/a><\/p>\n<p>&nbsp;<\/p>\n<p>&nbsp;<\/p>\n<p><img loading=\"lazy\" decoding=\"async\" class=\"alignnone  wp-image-9364\" src=\"https:\/\/www.huurreiberica.com\/wp-content\/uploads\/2024\/09\/KINGSPAN_TECZONE_logotipo-H-color_positivo-300x84.png\" alt=\"\" width=\"221\" height=\"62\" srcset=\"https:\/\/www.huurreiberica.com\/wp-content\/uploads\/2024\/09\/KINGSPAN_TECZONE_logotipo-H-color_positivo-300x84.png 300w, https:\/\/www.huurreiberica.com\/wp-content\/uploads\/2024\/09\/KINGSPAN_TECZONE_logotipo-H-color_positivo-1024x287.png 1024w, https:\/\/www.huurreiberica.com\/wp-content\/uploads\/2024\/09\/KINGSPAN_TECZONE_logotipo-H-color_positivo-768x215.png 768w, https:\/\/www.huurreiberica.com\/wp-content\/uploads\/2024\/09\/KINGSPAN_TECZONE_logotipo-H-color_positivo-1536x430.png 1536w, https:\/\/www.huurreiberica.com\/wp-content\/uploads\/2024\/09\/KINGSPAN_TECZONE_logotipo-H-color_positivo.png 1772w\" sizes=\"auto, (max-width: 221px) 100vw, 221px\" \/><\/p>\n<p style=\"margin-top: 32px\">Kingspan | Teczone, bas\u00e9e \u00e0 Burgos, est sp\u00e9cialis\u00e9e dans la production de profil\u00e9s m\u00e9talliques, de structures de s\u00e9paration et de syst\u00e8mes de cl\u00f4ture de construction, se distinguant par sa capacit\u00e9 de personnalisation et son engagement envers la valeur architecturale de son projet. Pour plus d&rsquo;informations, visitez\u00a0<a href=\"https:\/\/www.teczone.es\/index.php\/fr\/\">www.teczone.es<\/a><\/p>\n<p>&nbsp;<\/p>\n<p>&nbsp;<\/p>\n<p><img loading=\"lazy\" decoding=\"async\" class=\"alignnone  wp-image-9360\" src=\"https:\/\/www.huurreiberica.com\/wp-content\/uploads\/2024\/09\/KINGSPAN-INVESPANEL_4T-positiu-300x75.png\" alt=\"\" width=\"240\" height=\"60\" srcset=\"https:\/\/www.huurreiberica.com\/wp-content\/uploads\/2024\/09\/KINGSPAN-INVESPANEL_4T-positiu-300x75.png 300w, https:\/\/www.huurreiberica.com\/wp-content\/uploads\/2024\/09\/KINGSPAN-INVESPANEL_4T-positiu-1024x255.png 1024w, https:\/\/www.huurreiberica.com\/wp-content\/uploads\/2024\/09\/KINGSPAN-INVESPANEL_4T-positiu-768x191.png 768w, https:\/\/www.huurreiberica.com\/wp-content\/uploads\/2024\/09\/KINGSPAN-INVESPANEL_4T-positiu-1536x383.png 1536w, https:\/\/www.huurreiberica.com\/wp-content\/uploads\/2024\/09\/KINGSPAN-INVESPANEL_4T-positiu.png 1829w\" sizes=\"auto, (max-width: 240px) 100vw, 240px\" \/><\/p>\n<p style=\"margin-top: 25px\">Kingspan | Invespanel propose des syst\u00e8mes de construction avec panneaux sandwich sp\u00e9cialement con\u00e7us pour les salles blanches, les laboratoires, les centres de donn\u00e9es et les secteurs sp\u00e9cialis\u00e9s tels que l&rsquo;industrie pharmaceutique, garantissant des solutions de haute efficacit\u00e9 et performances dans des environnements contr\u00f4l\u00e9s. D\u00e9couvrez-en davantage sur ses produits innovants sur\u00a0<a href=\"https:\/\/invespanel.com\/\">www.invespanel.com<\/a><\/p>\n<p>&nbsp;<\/p>\n<p>&nbsp;<\/p>\n<p><img loading=\"lazy\" decoding=\"async\" class=\"alignnone  wp-image-17365\" src=\"https:\/\/www.huurreiberica.com\/wp-content\/uploads\/2025\/07\/Logo-KINGSPAN-THU-CEILING-SOLUTIONS-COLOR-300x76.png\" alt=\"\" width=\"217\" height=\"55\" srcset=\"https:\/\/www.huurreiberica.com\/wp-content\/uploads\/2025\/07\/Logo-KINGSPAN-THU-CEILING-SOLUTIONS-COLOR-300x76.png 300w, https:\/\/www.huurreiberica.com\/wp-content\/uploads\/2025\/07\/Logo-KINGSPAN-THU-CEILING-SOLUTIONS-COLOR-1024x259.png 1024w, https:\/\/www.huurreiberica.com\/wp-content\/uploads\/2025\/07\/Logo-KINGSPAN-THU-CEILING-SOLUTIONS-COLOR-768x194.png 768w, https:\/\/www.huurreiberica.com\/wp-content\/uploads\/2025\/07\/Logo-KINGSPAN-THU-CEILING-SOLUTIONS-COLOR-1536x389.png 1536w, https:\/\/www.huurreiberica.com\/wp-content\/uploads\/2025\/07\/Logo-KINGSPAN-THU-CEILING-SOLUTIONS-COLOR-2048x518.png 2048w\" sizes=\"auto, (max-width: 217px) 100vw, 217px\" \/><\/p>\n<p>THU Ceiling Solutions est une entreprise valencienne qui compte plus de 30 ans d&rsquo;exp\u00e9rience dans la fabrication de plafonds m\u00e9talliques et de syst\u00e8mes de profil\u00e9s. Elle se positionne comme un fournisseur innovant proposant des solutions durables et recyclables, ax\u00e9es sur le design et les performances acoustiques, destin\u00e9es aux architectes et aux d\u00e9corateurs d&rsquo;int\u00e9rieur. Pour en savoir plus sur les solutions de plafonds architecturaux, rendez-vous sur: <a href=\"https:\/\/thu.es\/\">www.thu.es<\/a><\/p>\n<p>&nbsp;<\/p>\n<p>&nbsp;<\/p>\n                <\/div>\n            <\/div>\n                    <h3><span>\u00c0 propos du groupe Kingspan<\/span><\/h3>\n            <div class=\"texto\">\n                <div class=\"control\">\n                    <p><img loading=\"lazy\" decoding=\"async\" class=\"alignnone  wp-image-307\" src=\"https:\/\/www.huurreiberica.com\/wp-content\/uploads\/2024\/01\/kingspan-300x156.png\" alt=\"\" width=\"182\" height=\"95\" srcset=\"https:\/\/www.huurreiberica.com\/wp-content\/uploads\/2024\/01\/kingspan-300x156.png 300w, https:\/\/www.huurreiberica.com\/wp-content\/uploads\/2024\/01\/kingspan.png 505w\" sizes=\"auto, (max-width: 182px) 100vw, 182px\" \/><\/p>\n<p>Kingspan d\u00e9veloppe des solutions d&rsquo;isolation et des syst\u00e8mes d&rsquo;enveloppe pour les b\u00e2timents. Son activit\u00e9 vise \u00e0 r\u00e9duire l&rsquo;impact environnemental du secteur de la construction, en mettant l&rsquo;accent sur l&rsquo;efficacit\u00e9 \u00e9nerg\u00e9tique, la s\u00e9curit\u00e9 et le bien-\u00eatre des personnes.<\/p>\n<p>La division des panneaux isolants de Kingspan fabrique des syst\u00e8mes de panneaux isolants destin\u00e9s \u00e0 des applications dans l&rsquo;enveloppe des b\u00e2timents. Son offre comprend une gamme de noyaux isolants allant des solutions en fibre min\u00e9rale de classe A \u00e0 la technologie QuadCore\u00ae d\u00e9velopp\u00e9e par Kingspan. Ces solutions sont con\u00e7ues pour r\u00e9pondre aux diff\u00e9rentes exigences r\u00e9glementaires et pour \u00eatre utilis\u00e9es dans des syst\u00e8mes de construction industrialis\u00e9s, par opposition aux m\u00e9thodes traditionnelles de montage par couches.<\/p>\n<p>La technologie QuadCore\u00ae est une solution d\u00e9velopp\u00e9e par Kingspan pour les panneaux isolants, visant \u00e0 offrir des performances thermiques et \u00e0 contribuer \u00e0 l&rsquo;\u00e9tanch\u00e9it\u00e9 des b\u00e2timents, conform\u00e9ment aux sp\u00e9cifications techniques du produit.<\/p>\n<p>La division Panneaux isolants de Kingspan fournit \u00e9galement des solutions pour les fa\u00e7ades architecturales, ainsi que des syst\u00e8mes de joints sur\u00e9lev\u00e9s sur certains march\u00e9s, en fonction des besoins du projet et de la zone g\u00e9ographique.<\/p>\n                <\/div>\n            <\/div>\n            <\/div>\n       \n   \n<\/div>\n\n\n\n\n<div style=\"height:100px\" aria-hidden=\"true\" class=\"wp-block-spacer\"><\/div>\n\n\n\n\n\n<div id=\"block-cifras-block_cd62b3c6868608eb513c7aaff5e1cf91\" class=\"block-cifras\">\n\n    <div class=\"wrap\">\n        <h2>Huurre en chiffres<\/h2>\n        <div class=\"cifras-list\">\n            <div class=\"single-cifra single-cifra-1\">\n                <p class=\"first\">98 M\u20ac<\/p>\n                <p class=\"what\">Chiffre d\u2019affaires annuel<\/p>\n            <\/div>\n            <div class=\"single-cifra single-cifra-2\">\n                 <p class=\"first\">30 pays<\/p>\n                Pr\u00e9sence internationale            <\/div>\n            <div class=\"single-cifra single-cifra-3\">\n                 <p class=\"first\">18.000 m2<\/p>\n                Capacit\u00e9 de production journali\u00e8re            <\/div>\n            <div class=\"single-cifra single-cifra-4\">\n                 <p class=\"first\">40% export<\/p>\n                            <\/div>\n            <div class=\"single-cifra single-cifra-5\">\n                 <p class=\"first\">Plus de 100<\/p>\n                Travailleurs qualifi\u00e9s            <\/div>\n            <div class=\"single-cifra single-cifra-6\">\n                 <p class=\"first\">50.000 m2<\/p>\n                Surface pour la production            <\/div>\n        <\/div>\n    <\/div>\n   \n<\/div>\n\n","protected":false},"excerpt":{"rendered":"<p>Exp\u00e9rience<\/p>\n","protected":false},"author":1,"featured_media":0,"parent":0,"menu_order":0,"comment_status":"closed","ping_status":"closed","template":"page-templates\/page-sobre-huurre.php","meta":{"_acf_changed":false,"_oasis_is_in_workflow":0,"_oasis_original":0,"_oasis_task_priority":"2normal","_genesis_hide_title":false,"_genesis_hide_breadcrumbs":false,"_genesis_hide_singular_image":false,"_genesis_hide_footer_widgets":false,"_genesis_custom_body_class":"","_genesis_custom_post_class":"","_genesis_layout":"","footnotes":""},"class_list":{"0":"post-809","1":"page","2":"type-page","3":"status-publish","5":"entry"},"acf":[],"yoast_head":"<!-- This site is optimized with the Yoast SEO plugin v27.3 - https:\/\/yoast.com\/product\/yoast-seo-wordpress\/ -->\n<title>A propos de Huurre - Huurre<\/title>\n<meta name=\"description\" content=\"Fort d&#039;une longue trajectoire et d&#039;une vaste exp\u00e9rience, Huurre s&#039;impose comme fournisseur des secteurs industriel, agroalimentaire, tertiaire et de la construction gr\u00e2ce \u00e0 l&#039;excellence et \u00e0 la qualit\u00e9 de ses produits, \u00e0 sa forte vocation innovante, \u00e0 son excellent service et \u00e0 sa fid\u00e9lit\u00e9 envers ses clients.\" \/>\n<meta name=\"robots\" content=\"index, follow, max-snippet:-1, max-image-preview:large, max-video-preview:-1\" \/>\n<link rel=\"canonical\" href=\"https:\/\/www.huurreiberica.com\/fr\/a-propos-de-huurre\/\" \/>\n<meta property=\"og:locale\" content=\"fr_FR\" \/>\n<meta property=\"og:type\" content=\"article\" \/>\n<meta property=\"og:title\" content=\"A propos de Huurre - Huurre\" \/>\n<meta property=\"og:description\" content=\"Fort d&#039;une longue trajectoire et d&#039;une vaste exp\u00e9rience, Huurre s&#039;impose comme fournisseur des secteurs industriel, agroalimentaire, tertiaire et de la construction gr\u00e2ce \u00e0 l&#039;excellence et \u00e0 la qualit\u00e9 de ses produits, \u00e0 sa forte vocation innovante, \u00e0 son excellent service et \u00e0 sa fid\u00e9lit\u00e9 envers ses clients.\" \/>\n<meta property=\"og:url\" content=\"https:\/\/www.huurreiberica.com\/fr\/a-propos-de-huurre\/\" \/>\n<meta property=\"og:site_name\" content=\"Huurre\" \/>\n<meta property=\"article:modified_time\" content=\"2026-04-16T10:05:56+00:00\" \/>\n<meta name=\"twitter:card\" content=\"summary_large_image\" \/>\n<meta name=\"twitter:label1\" content=\"Dur\u00e9e de lecture estim\u00e9e\" \/>\n\t<meta name=\"twitter:data1\" content=\"1 minute\" \/>\n<script type=\"application\/ld+json\" class=\"yoast-schema-graph\">{\"@context\":\"https:\\\/\\\/schema.org\",\"@graph\":[{\"@type\":\"WebPage\",\"@id\":\"https:\\\/\\\/www.huurreiberica.com\\\/fr\\\/a-propos-de-huurre\\\/\",\"url\":\"https:\\\/\\\/www.huurreiberica.com\\\/fr\\\/a-propos-de-huurre\\\/\",\"name\":\"A propos de Huurre - Huurre\",\"isPartOf\":{\"@id\":\"https:\\\/\\\/www.huurreiberica.com\\\/fr\\\/#website\"},\"datePublished\":\"2024-01-08T10:35:00+00:00\",\"dateModified\":\"2026-04-16T10:05:56+00:00\",\"description\":\"Fort d'une longue trajectoire et d'une vaste exp\u00e9rience, Huurre s'impose comme fournisseur des secteurs industriel, agroalimentaire, tertiaire et de la construction gr\u00e2ce \u00e0 l'excellence et \u00e0 la qualit\u00e9 de ses produits, \u00e0 sa forte vocation innovante, \u00e0 son excellent service et \u00e0 sa fid\u00e9lit\u00e9 envers ses clients.\",\"breadcrumb\":{\"@id\":\"https:\\\/\\\/www.huurreiberica.com\\\/fr\\\/a-propos-de-huurre\\\/#breadcrumb\"},\"inLanguage\":\"fr-FR\",\"potentialAction\":[{\"@type\":\"ReadAction\",\"target\":[\"https:\\\/\\\/www.huurreiberica.com\\\/fr\\\/a-propos-de-huurre\\\/\"]}]},{\"@type\":\"BreadcrumbList\",\"@id\":\"https:\\\/\\\/www.huurreiberica.com\\\/fr\\\/a-propos-de-huurre\\\/#breadcrumb\",\"itemListElement\":[{\"@type\":\"ListItem\",\"position\":1,\"name\":\"Home\",\"item\":\"https:\\\/\\\/www.huurreiberica.com\\\/fr\\\/\"},{\"@type\":\"ListItem\",\"position\":2,\"name\":\"A propos de Huurre\"}]},{\"@type\":\"WebSite\",\"@id\":\"https:\\\/\\\/www.huurreiberica.com\\\/fr\\\/#website\",\"url\":\"https:\\\/\\\/www.huurreiberica.com\\\/fr\\\/\",\"name\":\"Huurre\",\"description\":\"Paneles aislantes para edificios eficientes y sostenibles | Fabricamos paneles para fachadas, paredes interiores,\",\"potentialAction\":[{\"@type\":\"SearchAction\",\"target\":{\"@type\":\"EntryPoint\",\"urlTemplate\":\"https:\\\/\\\/www.huurreiberica.com\\\/fr\\\/?s={search_term_string}\"},\"query-input\":{\"@type\":\"PropertyValueSpecification\",\"valueRequired\":true,\"valueName\":\"search_term_string\"}}],\"inLanguage\":\"fr-FR\"}]}<\/script>\n<!-- \/ Yoast SEO plugin. -->","yoast_head_json":{"title":"A propos de Huurre - Huurre","description":"Fort d'une longue trajectoire et d'une vaste exp\u00e9rience, Huurre s'impose comme fournisseur des secteurs industriel, agroalimentaire, tertiaire et de la construction gr\u00e2ce \u00e0 l'excellence et \u00e0 la qualit\u00e9 de ses produits, \u00e0 sa forte vocation innovante, \u00e0 son excellent service et \u00e0 sa fid\u00e9lit\u00e9 envers ses clients.","robots":{"index":"index","follow":"follow","max-snippet":"max-snippet:-1","max-image-preview":"max-image-preview:large","max-video-preview":"max-video-preview:-1"},"canonical":"https:\/\/www.huurreiberica.com\/fr\/a-propos-de-huurre\/","og_locale":"fr_FR","og_type":"article","og_title":"A propos de Huurre - Huurre","og_description":"Fort d'une longue trajectoire et d'une vaste exp\u00e9rience, Huurre s'impose comme fournisseur des secteurs industriel, agroalimentaire, tertiaire et de la construction gr\u00e2ce \u00e0 l'excellence et \u00e0 la qualit\u00e9 de ses produits, \u00e0 sa forte vocation innovante, \u00e0 son excellent service et \u00e0 sa fid\u00e9lit\u00e9 envers ses clients.","og_url":"https:\/\/www.huurreiberica.com\/fr\/a-propos-de-huurre\/","og_site_name":"Huurre","article_modified_time":"2026-04-16T10:05:56+00:00","twitter_card":"summary_large_image","twitter_misc":{"Dur\u00e9e de lecture estim\u00e9e":"1 minute"},"schema":{"@context":"https:\/\/schema.org","@graph":[{"@type":"WebPage","@id":"https:\/\/www.huurreiberica.com\/fr\/a-propos-de-huurre\/","url":"https:\/\/www.huurreiberica.com\/fr\/a-propos-de-huurre\/","name":"A propos de Huurre - Huurre","isPartOf":{"@id":"https:\/\/www.huurreiberica.com\/fr\/#website"},"datePublished":"2024-01-08T10:35:00+00:00","dateModified":"2026-04-16T10:05:56+00:00","description":"Fort d'une longue trajectoire et d'une vaste exp\u00e9rience, Huurre s'impose comme fournisseur des secteurs industriel, agroalimentaire, tertiaire et de la construction gr\u00e2ce \u00e0 l'excellence et \u00e0 la qualit\u00e9 de ses produits, \u00e0 sa forte vocation innovante, \u00e0 son excellent service et \u00e0 sa fid\u00e9lit\u00e9 envers ses clients.","breadcrumb":{"@id":"https:\/\/www.huurreiberica.com\/fr\/a-propos-de-huurre\/#breadcrumb"},"inLanguage":"fr-FR","potentialAction":[{"@type":"ReadAction","target":["https:\/\/www.huurreiberica.com\/fr\/a-propos-de-huurre\/"]}]},{"@type":"BreadcrumbList","@id":"https:\/\/www.huurreiberica.com\/fr\/a-propos-de-huurre\/#breadcrumb","itemListElement":[{"@type":"ListItem","position":1,"name":"Home","item":"https:\/\/www.huurreiberica.com\/fr\/"},{"@type":"ListItem","position":2,"name":"A propos de Huurre"}]},{"@type":"WebSite","@id":"https:\/\/www.huurreiberica.com\/fr\/#website","url":"https:\/\/www.huurreiberica.com\/fr\/","name":"Huurre","description":"Paneles aislantes para edificios eficientes y sostenibles | Fabricamos paneles para fachadas, paredes interiores,","potentialAction":[{"@type":"SearchAction","target":{"@type":"EntryPoint","urlTemplate":"https:\/\/www.huurreiberica.com\/fr\/?s={search_term_string}"},"query-input":{"@type":"PropertyValueSpecification","valueRequired":true,"valueName":"search_term_string"}}],"inLanguage":"fr-FR"}]}},"featured_image_src":null,"featured_image_src_square":null,"_links":{"self":[{"href":"https:\/\/www.huurreiberica.com\/fr\/wp-json\/wp\/v2\/pages\/809","targetHints":{"allow":["GET"]}}],"collection":[{"href":"https:\/\/www.huurreiberica.com\/fr\/wp-json\/wp\/v2\/pages"}],"about":[{"href":"https:\/\/www.huurreiberica.com\/fr\/wp-json\/wp\/v2\/types\/page"}],"author":[{"embeddable":true,"href":"https:\/\/www.huurreiberica.com\/fr\/wp-json\/wp\/v2\/users\/1"}],"replies":[{"embeddable":true,"href":"https:\/\/www.huurreiberica.com\/fr\/wp-json\/wp\/v2\/comments?post=809"}],"version-history":[{"count":46,"href":"https:\/\/www.huurreiberica.com\/fr\/wp-json\/wp\/v2\/pages\/809\/revisions"}],"predecessor-version":[{"id":20024,"href":"https:\/\/www.huurreiberica.com\/fr\/wp-json\/wp\/v2\/pages\/809\/revisions\/20024"}],"wp:attachment":[{"href":"https:\/\/www.huurreiberica.com\/fr\/wp-json\/wp\/v2\/media?parent=809"}],"curies":[{"name":"wp","href":"https:\/\/api.w.org\/{rel}","templated":true}]}}