{"id":8253,"date":"2026-04-17T09:09:00","date_gmt":"2026-04-17T07:09:00","guid":{"rendered":"https:\/\/www.huurreiberica.com\/?page_id=8253"},"modified":"2026-04-16T13:26:41","modified_gmt":"2026-04-16T11:26:41","slug":"durabilite","status":"publish","type":"page","link":"https:\/\/www.huurreiberica.com\/fr\/durabilite\/","title":{"rendered":"Durabilit\u00e9"},"content":{"rendered":"\n<h2 class=\"wp-block-heading\">Durabilit\u00e9<\/h2>\n\n\n\n<script type=\"text\/javascript\">\n    \n    jQuery(function($) {\n        $( \"#accordion\" ).accordion({\n          heightStyle: \"content\",\n        });\n    });\n\n<\/script>\n\n\n<div id=\"block-acordeon-block_341d04ea6807b013e342c7ad62820426\" class=\"block-acordeon\">\n\n    <div id=\"accordion\" class=\"list-acordeon\">\n                    <h3><span>Planet Passionate<\/span><\/h3>\n            <div class=\"texto\">\n                <div class=\"control\">\n                    <p>Planet Passionate est le programme mondial de d\u00e9veloppement durable de Kingspan. \u00c0 travers Planet Passionate, Kingspan s&rsquo;attaque aux d\u00e9fis li\u00e9s au changement climatique, \u00e0 l&rsquo;utilisation efficace des ressources et \u00e0 la pr\u00e9servation de l&rsquo;environnement naturel.<\/p>\n<p>Le programme fixe \u00e9galement des objectifs pour 2030 dans quatre domaines d\u00e9finis : carbone, \u00e9nergie, circularit\u00e9 et eau.<\/p>\n<p><strong>Carbone<\/strong><\/p>\n<ul>\n<li>&#8211; R\u00e9duction de 65 % des \u00e9missions de GES de scopes 1 et 2 par rapport \u00e0 2020<\/li>\n<li>&#8211; R\u00e9duction de 15 % de l\u2019intensit\u00e9 carbone des principales mati\u00e8res premi\u00e8res par rapport \u00e0 2020<\/li>\n<li>&#8211; \u2265\u202f90 % de la flotte de v\u00e9hicules de l\u2019entreprise \u00e0 z\u00e9ro \u00e9mission<\/li>\n<\/ul>\n<p>&nbsp;<\/p>\n<p><strong>\u00c9nergie<\/strong><\/p>\n<ul>\n<li>&#8211; 60 % de consommation d\u2019\u00e9nergie renouvelable<\/li>\n<li>&#8211; Certification ISO 50001 pour les grands sites<\/li>\n<li>&#8211; Syst\u00e8mes solaires photovolta\u00efques sur tous les sites d\u00e9tenus<\/li>\n<\/ul>\n<p>&nbsp;<\/p>\n<p><strong>Circularit\u00e9<\/strong><\/p>\n<ul>\n<li>&#8211; Z\u00e9ro d\u00e9chet mis en d\u00e9charge<\/li>\n<li>&#8211; 1,5 million de tonnes de mati\u00e8res premi\u00e8res recycl\u00e9es ou renouvelables utilis\u00e9es chaque ann\u00e9e<\/li>\n<li>&#8211; Mise en place de 20 programmes de reprise et de recyclage des produits<\/li>\n<\/ul>\n<p>&nbsp;<\/p>\n<p><strong>Eau<\/strong><\/p>\n<ul>\n<li>&#8211; Collecte de 100 millions de litres d\u2019eau de pluie<\/li>\n<\/ul>\n<p>&nbsp;<\/p>\n<p>Le rapport \u00ab\u202fPlanet Passionate 2025\u202f\u00bb de Kingspan pr\u00e9sente les progr\u00e8s r\u00e9alis\u00e9s par rapport aux objectifs fix\u00e9s pour 2030. Ces avanc\u00e9es comprennent une r\u00e9duction de 70 % des \u00e9missions de scopes 1 et 2 par rapport aux niveaux de 2020, l\u2019utilisation de 63 % d\u2019\u00e9nergies renouvelables et l\u2019int\u00e9gration de 1,05 million de tonnes de mati\u00e8res premi\u00e8res recycl\u00e9es et renouvelables dans les op\u00e9rations.<\/p>\n<p><a href=\"https:\/\/viewer.ipaper.io\/kingspan\/c2510682-planet-passionate-report-2025\/c2510682-planet-passionate-report-2025\/\" target=\"_blank\" rel=\"noopener\">Consulter le rapport complet 2025<\/a>.<\/p>\n<div class=\"ewa-rteLine\"><\/div>\n<div class=\"ewa-rteLine\">\n<p><iframe loading=\"lazy\" title=\"El grupo Kingspan se compromete con el Planeta: Conoce Planet Passionate\" width=\"500\" height=\"281\" src=\"https:\/\/www.youtube.com\/embed\/JduRNBzpCNI?start=128&#038;feature=oembed\" frameborder=\"0\" allow=\"accelerometer; autoplay; clipboard-write; encrypted-media; gyroscope; picture-in-picture; web-share\" referrerpolicy=\"strict-origin-when-cross-origin\" allowfullscreen><\/iframe><\/p>\n<p style=\"text-align: left\">\n<\/div>\n<p>&nbsp;<\/p>\n                <\/div>\n            <\/div>\n                    <h3><span>Politique environnementale de Huurre<\/span><\/h3>\n            <div class=\"texto\">\n                <div class=\"control\">\n                    <p>Chez Huurre, l\u2019activit\u00e9 de l\u2019entreprise est d\u00e9velopp\u00e9e en tenant compte de crit\u00e8res de responsabilit\u00e9 et de durabilit\u00e9 dans ses op\u00e9rations.<br \/>\nCette approche s\u2019appuie sur un ensemble de politiques internes int\u00e9grant des aspects li\u00e9s au management de la qualit\u00e9, \u00e0 la durabilit\u00e9 et \u00e0 l\u2019environnement.<\/p>\n<p><strong>Principales lignes d\u2019action :<\/strong><\/p>\n<p><strong>Approvisionnement responsable :<\/strong> Huurre exige de ses fournisseurs le respect de certains standards, y compris des certifications ISO lorsque celles-ci sont applicables, afin de promouvoir des pratiques li\u00e9es \u00e0 la protection de l\u2019environnement, \u00e0 la sant\u00e9, \u00e0 la s\u00e9curit\u00e9 et \u00e0 la qualit\u00e9.<\/p>\n<p><strong>Relation avec l\u2019environnement et la communaut\u00e9 :<\/strong> L\u2019entreprise maintient des canaux de dialogue avec l\u2019environnement local et les autorit\u00e9s comp\u00e9tentes, encourage le recours \u00e0 des fournisseurs locaux lorsque cela est possible, et applique des crit\u00e8res d\u2019\u00e9galit\u00e9 et de diversit\u00e9 dans ses processus de recrutement.<\/p>\n<p><strong>Utilisation efficace des ressources :<\/strong> Des mat\u00e9riaux recycl\u00e9s, tels que des bouteilles en PET, sont int\u00e9gr\u00e9s dans le processus de production pour certains produits ; les syst\u00e8mes d\u2019emballage sont optimis\u00e9s ; et des mesures visant la r\u00e9duction et la gestion des d\u00e9chets sont mises en \u0153uvre.<\/p>\n<p><strong>Gestion de l\u2019eau :<\/strong> Huurre assure le suivi de sa consommation d\u2019eau et met en \u0153uvre des mesures de contr\u00f4le afin de d\u00e9tecter et corriger d\u2019\u00e9ventuels \u00e9carts, consid\u00e9rant la gestion responsable de la ressource en eau comme un aspect pertinent de son activit\u00e9.<\/p>\n<p><strong>\u00c9nergie et \u00e9missions :<\/strong> L&rsquo;entreprise \u00e9value les possibilit\u00e9s d&rsquo;am\u00e9lioration et d&rsquo;int\u00e9gration des \u00e9nergies renouvelables dans le but de r\u00e9duire les \u00e9missions li\u00e9es \u00e0 ses activit\u00e9s.<\/p>\n<p><strong>Transport :<\/strong> Des mesures sont appliqu\u00e9es afin d\u2019am\u00e9liorer l\u2019efficacit\u00e9 des transports et des d\u00e9placements li\u00e9s \u00e0 l\u2019activit\u00e9 de l\u2019entreprise.<\/p>\n<p>Le d\u00e9veloppement de ces actions repose sur la collaboration des employ\u00e9s, des fournisseurs, des clients et des autres parties prenantes, dans une d\u00e9marche d\u2019am\u00e9lioration continue.<\/p>\n<p><a href=\"Politiques%20de%20qualit\u00e9,%20de%20durabilit\u00e9%20et%20d\u2019environnement\">Consultez nos Politiques de Qualit\u00e9, de Durabilit\u00e9 et d\u2019Environnement<\/a><\/p>\n<div class=\"ewa-rteLine\" style=\"text-align: center\"><\/div>\n<div>\n<p><iframe loading=\"lazy\" title=\"Instalaci\u00f3n fotovoltaica instalaciones Huurre Ib\u00e9rica (Cass\u00e0 de la Selva)\" width=\"500\" height=\"281\" src=\"https:\/\/www.youtube.com\/embed\/9J0mmwQk05c?feature=oembed\" frameborder=\"0\" allow=\"accelerometer; autoplay; clipboard-write; encrypted-media; gyroscope; picture-in-picture; web-share\" referrerpolicy=\"strict-origin-when-cross-origin\" allowfullscreen><\/iframe><\/p>\n<\/div>\n                <\/div>\n            <\/div>\n                    <h3><span>Planet Passionate Communities<\/span><\/h3>\n            <div class=\"texto\">\n                <div class=\"control\">\n                    <p>Planet Passionate Communities est l&rsquo;initiative communautaire et philanthropique int\u00e9gr\u00e9e au programme mondial de d\u00e9veloppement durable de Kingspan, Planet Passionate.<\/p>\n<p>Le programme Planet Passionate Communities repose sur le soutien d&rsquo;initiatives visant \u00e0 g\u00e9n\u00e9rer un impact social positif et durable au sein de nos communaut\u00e9s.<\/p>\n<p>Dans ce contexte, Huurre consacre du temps et des ressources au soutien de projets communautaires dans son environnement, en fonction des sp\u00e9cificit\u00e9s et des besoins locaux.<\/p>\n<p><a href=\"https:\/\/www.huurreiberica.com\/fr\/fonds-communautaire-planet-passionate\/\" target=\"_blank\" rel=\"noopener\">D\u00e9couvrez l&rsquo;initiative du Fonds communautaire Planet Passionate<\/a><\/p>\n<p><img loading=\"lazy\" decoding=\"async\" class=\"alignnone size-medium wp-image-5030\" src=\"https:\/\/www.huurreiberica.com\/wp-content\/uploads\/2024\/03\/cq5dam.web_.1280.1280-1-300x193.jpeg\" alt=\"\" width=\"300\" height=\"193\" srcset=\"https:\/\/www.huurreiberica.com\/wp-content\/uploads\/2024\/03\/cq5dam.web_.1280.1280-1-300x193.jpeg 300w, https:\/\/www.huurreiberica.com\/wp-content\/uploads\/2024\/03\/cq5dam.web_.1280.1280-1-1024x658.jpeg 1024w, https:\/\/www.huurreiberica.com\/wp-content\/uploads\/2024\/03\/cq5dam.web_.1280.1280-1-768x493.jpeg 768w, https:\/\/www.huurreiberica.com\/wp-content\/uploads\/2024\/03\/cq5dam.web_.1280.1280-1.jpeg 1280w\" sizes=\"auto, (max-width: 300px) 100vw, 300px\" \/><\/p>\n<p>&nbsp;<\/p>\n                <\/div>\n            <\/div>\n                    <h3><span>D\u00e9claration Environnementale Produit (EPD)<\/span><\/h3>\n            <div class=\"texto\">\n                <div class=\"control\">\n                    <p><strong>Approche en mati\u00e8re de durabilit\u00e9<\/strong><\/p>\n<p>La D\u00e9claration environnementale de performance (EPD) est une d\u00e9claration v\u00e9rifi\u00e9e par un organisme ind\u00e9pendant qui fournit des informations objectives sur l&rsquo;impact environnemental d&rsquo;un produit tout au long de son cycle de vie. Elle rassemble des donn\u00e9es relatives \u00e0 l&rsquo;utilisation des ressources, \u00e0 la consommation d&rsquo;\u00e9nergie, aux \u00e9missions de CO\u2082 et \u00e0 d&rsquo;autres indicateurs environnementaux pertinents. L&rsquo;obtention de cette certification t\u00e9moigne de la coh\u00e9rence des processus de production et de l&rsquo;engagement de Huurre en faveur d&rsquo;une gestion responsable de l&rsquo;environnement.<\/p>\n<p>Pour plus d&rsquo;informations, les EPD de Huurre sont accessibles au public sur la plateforme suivante : <a href=\"https:\/\/www.environdec.com\/library?q=Huurre\" target=\"_blank\" rel=\"noopener\">https:\/\/www.environdec.com\/library<\/a><\/p>\n<p><img loading=\"lazy\" decoding=\"async\" class=\"alignnone size-medium wp-image-8245\" src=\"https:\/\/www.huurreiberica.com\/wp-content\/uploads\/2024\/09\/EPD-logo-300x210.png\" alt=\"\" width=\"300\" height=\"210\" srcset=\"https:\/\/www.huurreiberica.com\/wp-content\/uploads\/2024\/09\/EPD-logo-300x210.png 300w, https:\/\/www.huurreiberica.com\/wp-content\/uploads\/2024\/09\/EPD-logo-768x538.png 768w, https:\/\/www.huurreiberica.com\/wp-content\/uploads\/2024\/09\/EPD-logo.png 850w\" sizes=\"auto, (max-width: 300px) 100vw, 300px\" \/><\/p>\n<p>&nbsp;<\/p>\n                <\/div>\n            <\/div>\n            <\/div>\n       \n   \n<\/div>\n\n","protected":false},"excerpt":{"rendered":"<p>Durabilit\u00e9<\/p>\n","protected":false},"author":11,"featured_media":0,"parent":0,"menu_order":0,"comment_status":"closed","ping_status":"closed","template":"page-templates\/page-sobre-huurre.php","meta":{"_acf_changed":false,"_oasis_is_in_workflow":0,"_oasis_original":0,"_oasis_task_priority":"2normal","_genesis_hide_title":false,"_genesis_hide_breadcrumbs":false,"_genesis_hide_singular_image":false,"_genesis_hide_footer_widgets":false,"_genesis_custom_body_class":"","_genesis_custom_post_class":"","_genesis_layout":"","footnotes":""},"class_list":{"0":"post-8253","1":"page","2":"type-page","3":"status-publish","5":"entry"},"acf":[],"yoast_head":"<!-- This site is optimized with the Yoast SEO plugin v27.3 - https:\/\/yoast.com\/product\/yoast-seo-wordpress\/ -->\n<title>Durabilit\u00e9 - Huurre<\/title>\n<meta name=\"description\" content=\"Chez Huurre, nous aspirons \u00e0 \u00eatre responsables et durables dans toutes nos actions.Notre engagement se refl\u00e8te dans des politiques cl\u00e9s qui int\u00e8grent croissance, responsabilit\u00e9 et respect de l&#039;environnement.\" \/>\n<meta name=\"robots\" content=\"index, follow, max-snippet:-1, max-image-preview:large, max-video-preview:-1\" \/>\n<link rel=\"canonical\" href=\"https:\/\/www.huurreiberica.com\/fr\/durabilite\/\" \/>\n<meta property=\"og:locale\" content=\"fr_FR\" \/>\n<meta property=\"og:type\" content=\"article\" \/>\n<meta property=\"og:title\" content=\"Durabilit\u00e9 - Huurre\" \/>\n<meta property=\"og:description\" content=\"Chez Huurre, nous aspirons \u00e0 \u00eatre responsables et durables dans toutes nos actions.Notre engagement se refl\u00e8te dans des politiques cl\u00e9s qui int\u00e8grent croissance, responsabilit\u00e9 et respect de l&#039;environnement.\" \/>\n<meta property=\"og:url\" content=\"https:\/\/www.huurreiberica.com\/fr\/durabilite\/\" \/>\n<meta property=\"og:site_name\" content=\"Huurre\" \/>\n<meta name=\"twitter:card\" content=\"summary_large_image\" \/>\n<meta name=\"twitter:label1\" content=\"Dur\u00e9e de lecture estim\u00e9e\" \/>\n\t<meta name=\"twitter:data1\" content=\"1 minute\" \/>\n<script type=\"application\/ld+json\" class=\"yoast-schema-graph\">{\"@context\":\"https:\\\/\\\/schema.org\",\"@graph\":[{\"@type\":\"WebPage\",\"@id\":\"https:\\\/\\\/www.huurreiberica.com\\\/fr\\\/durabilite\\\/\",\"url\":\"https:\\\/\\\/www.huurreiberica.com\\\/fr\\\/durabilite\\\/\",\"name\":\"Durabilit\u00e9 - Huurre\",\"isPartOf\":{\"@id\":\"https:\\\/\\\/www.huurreiberica.com\\\/fr\\\/#website\"},\"datePublished\":\"2026-04-17T07:09:00+00:00\",\"description\":\"Chez Huurre, nous aspirons \u00e0 \u00eatre responsables et durables dans toutes nos actions.Notre engagement se refl\u00e8te dans des politiques cl\u00e9s qui int\u00e8grent croissance, responsabilit\u00e9 et respect de l'environnement.\",\"breadcrumb\":{\"@id\":\"https:\\\/\\\/www.huurreiberica.com\\\/fr\\\/durabilite\\\/#breadcrumb\"},\"inLanguage\":\"fr-FR\",\"potentialAction\":[{\"@type\":\"ReadAction\",\"target\":[\"https:\\\/\\\/www.huurreiberica.com\\\/fr\\\/durabilite\\\/\"]}]},{\"@type\":\"BreadcrumbList\",\"@id\":\"https:\\\/\\\/www.huurreiberica.com\\\/fr\\\/durabilite\\\/#breadcrumb\",\"itemListElement\":[{\"@type\":\"ListItem\",\"position\":1,\"name\":\"Home\",\"item\":\"https:\\\/\\\/www.huurreiberica.com\\\/fr\\\/\"},{\"@type\":\"ListItem\",\"position\":2,\"name\":\"Durabilit\u00e9\"}]},{\"@type\":\"WebSite\",\"@id\":\"https:\\\/\\\/www.huurreiberica.com\\\/fr\\\/#website\",\"url\":\"https:\\\/\\\/www.huurreiberica.com\\\/fr\\\/\",\"name\":\"Huurre\",\"description\":\"Paneles aislantes para edificios eficientes y sostenibles | Fabricamos paneles para fachadas, paredes interiores,\",\"potentialAction\":[{\"@type\":\"SearchAction\",\"target\":{\"@type\":\"EntryPoint\",\"urlTemplate\":\"https:\\\/\\\/www.huurreiberica.com\\\/fr\\\/?s={search_term_string}\"},\"query-input\":{\"@type\":\"PropertyValueSpecification\",\"valueRequired\":true,\"valueName\":\"search_term_string\"}}],\"inLanguage\":\"fr-FR\"}]}<\/script>\n<!-- \/ Yoast SEO plugin. -->","yoast_head_json":{"title":"Durabilit\u00e9 - Huurre","description":"Chez Huurre, nous aspirons \u00e0 \u00eatre responsables et durables dans toutes nos actions.Notre engagement se refl\u00e8te dans des politiques cl\u00e9s qui int\u00e8grent croissance, responsabilit\u00e9 et respect de l'environnement.","robots":{"index":"index","follow":"follow","max-snippet":"max-snippet:-1","max-image-preview":"max-image-preview:large","max-video-preview":"max-video-preview:-1"},"canonical":"https:\/\/www.huurreiberica.com\/fr\/durabilite\/","og_locale":"fr_FR","og_type":"article","og_title":"Durabilit\u00e9 - Huurre","og_description":"Chez Huurre, nous aspirons \u00e0 \u00eatre responsables et durables dans toutes nos actions.Notre engagement se refl\u00e8te dans des politiques cl\u00e9s qui int\u00e8grent croissance, responsabilit\u00e9 et respect de l'environnement.","og_url":"https:\/\/www.huurreiberica.com\/fr\/durabilite\/","og_site_name":"Huurre","twitter_card":"summary_large_image","twitter_misc":{"Dur\u00e9e de lecture estim\u00e9e":"1 minute"},"schema":{"@context":"https:\/\/schema.org","@graph":[{"@type":"WebPage","@id":"https:\/\/www.huurreiberica.com\/fr\/durabilite\/","url":"https:\/\/www.huurreiberica.com\/fr\/durabilite\/","name":"Durabilit\u00e9 - Huurre","isPartOf":{"@id":"https:\/\/www.huurreiberica.com\/fr\/#website"},"datePublished":"2026-04-17T07:09:00+00:00","description":"Chez Huurre, nous aspirons \u00e0 \u00eatre responsables et durables dans toutes nos actions.Notre engagement se refl\u00e8te dans des politiques cl\u00e9s qui int\u00e8grent croissance, responsabilit\u00e9 et respect de l'environnement.","breadcrumb":{"@id":"https:\/\/www.huurreiberica.com\/fr\/durabilite\/#breadcrumb"},"inLanguage":"fr-FR","potentialAction":[{"@type":"ReadAction","target":["https:\/\/www.huurreiberica.com\/fr\/durabilite\/"]}]},{"@type":"BreadcrumbList","@id":"https:\/\/www.huurreiberica.com\/fr\/durabilite\/#breadcrumb","itemListElement":[{"@type":"ListItem","position":1,"name":"Home","item":"https:\/\/www.huurreiberica.com\/fr\/"},{"@type":"ListItem","position":2,"name":"Durabilit\u00e9"}]},{"@type":"WebSite","@id":"https:\/\/www.huurreiberica.com\/fr\/#website","url":"https:\/\/www.huurreiberica.com\/fr\/","name":"Huurre","description":"Paneles aislantes para edificios eficientes y sostenibles | Fabricamos paneles para fachadas, paredes interiores,","potentialAction":[{"@type":"SearchAction","target":{"@type":"EntryPoint","urlTemplate":"https:\/\/www.huurreiberica.com\/fr\/?s={search_term_string}"},"query-input":{"@type":"PropertyValueSpecification","valueRequired":true,"valueName":"search_term_string"}}],"inLanguage":"fr-FR"}]}},"featured_image_src":null,"featured_image_src_square":null,"_links":{"self":[{"href":"https:\/\/www.huurreiberica.com\/fr\/wp-json\/wp\/v2\/pages\/8253","targetHints":{"allow":["GET"]}}],"collection":[{"href":"https:\/\/www.huurreiberica.com\/fr\/wp-json\/wp\/v2\/pages"}],"about":[{"href":"https:\/\/www.huurreiberica.com\/fr\/wp-json\/wp\/v2\/types\/page"}],"author":[{"embeddable":true,"href":"https:\/\/www.huurreiberica.com\/fr\/wp-json\/wp\/v2\/users\/11"}],"replies":[{"embeddable":true,"href":"https:\/\/www.huurreiberica.com\/fr\/wp-json\/wp\/v2\/comments?post=8253"}],"version-history":[{"count":35,"href":"https:\/\/www.huurreiberica.com\/fr\/wp-json\/wp\/v2\/pages\/8253\/revisions"}],"predecessor-version":[{"id":20109,"href":"https:\/\/www.huurreiberica.com\/fr\/wp-json\/wp\/v2\/pages\/8253\/revisions\/20109"}],"wp:attachment":[{"href":"https:\/\/www.huurreiberica.com\/fr\/wp-json\/wp\/v2\/media?parent=8253"}],"curies":[{"name":"wp","href":"https:\/\/api.w.org\/{rel}","templated":true}]}}