{"id":8622,"date":"2026-04-17T09:09:00","date_gmt":"2026-04-17T07:09:00","guid":{"rendered":"https:\/\/www.huurreiberica.com\/?page_id=8622"},"modified":"2026-04-20T09:30:04","modified_gmt":"2026-04-20T07:30:04","slug":"qualite-et-developpement","status":"publish","type":"page","link":"https:\/\/www.huurreiberica.com\/fr\/qualite-et-developpement\/","title":{"rendered":"Qualit\u00e9 et d\u00e9veloppement"},"content":{"rendered":"\n<h2 class=\"wp-block-heading\">Qualit\u00e9 et d\u00e9veloppement<\/h2>\n\n\n\n<script type=\"text\/javascript\">\n    \n    jQuery(function($) {\n        $( \"#accordion\" ).accordion({\n          heightStyle: \"content\",\n        });\n    });\n\n<\/script>\n\n\n<div id=\"block-acordeon-block_7f47c40980a2dbe4e8cf136516ade2bf\" class=\"block-acordeon\">\n\n    <div id=\"accordion\" class=\"list-acordeon\">\n                    <h3><span>Engagement envers la qualit\u00e9<\/span><\/h3>\n            <div class=\"texto\">\n                <div class=\"control\">\n                    <div class=\"ewa-rteLine\">\n<p>L&rsquo;engagement envers la qualit\u00e9 fait partie int\u00e9grante de la philosophie de Huurre, \u00e9tant profond\u00e9ment enracin\u00e9 \u00e0 tous les niveaux de l&rsquo;entreprise.<\/p>\n<p>Huurre met en place un contr\u00f4le de qualit\u00e9 rigoureux sur tous ses produits et processus de production. Dans le cas de la production de panneaux sandwich, divers essais sont r\u00e9alis\u00e9s, tels que des tests structurels, la mesure de la densit\u00e9 du noyau, la conductivit\u00e9 thermique, la stabilit\u00e9 dimensionnelle, l&rsquo;absorption d&rsquo;eau, entre autres.<\/p>\n<p>De plus, les syst\u00e8mes de gestion internes li\u00e9s \u00e0 l&rsquo;environnement, \u00e0 la s\u00e9curit\u00e9 et \u00e0 la gestion de la conformit\u00e9 sont certifi\u00e9s, toujours dans la recherche de l&rsquo;am\u00e9lioration continue.<\/p>\n<p>Acc\u00e9dez ici \u00e0 toutes les certifications d&rsquo;entreprise obtenues dans nos usines :<\/p>\n<\/div>\n<div><\/div>\n<div class=\"ewa-rteLine\"><a href=\"\/wp-content\/uploads\/2024\/09\/HUURRE-Certificado_ISO_9001-1.pdf\" target=\"_blank\" rel=\"noopener\">ISO 9001 &#8211; Syst\u00e8me de Management de la Qualit\u00e9<\/a><\/div>\n<div><a href=\"\/wp-content\/uploads\/2024\/09\/HUURRE-Certificado_ISO_14001-1.pdf\" target=\"_blank\" rel=\"noopener\">ISO 14001 &#8211; Syst\u00e8me de Management Environnemental<\/a><\/div>\n<div><a href=\"https:\/\/www.huurreiberica.com\/wp-content\/uploads\/2024\/12\/Certificat-ISO-45001-28.09.2027.pdf\">ISO 45001 &#8211; <\/a><a href=\"\/wp-content\/uploads\/2024\/09\/Huurre-Certificado-ISO-37301-3.pdf\" target=\"_blank\" rel=\"noopener\">Syst\u00e8me de management de la sant\u00e9 et de la s\u00e9curit\u00e9<\/a><\/div>\n                <\/div>\n            <\/div>\n                    <h3><span>Innovation et recherche<\/span><\/h3>\n            <div class=\"texto\">\n                <div class=\"control\">\n                    <p>Huurre con\u00e7oit l&rsquo;innovation comme un processus global et transversal d&rsquo;am\u00e9lioration continue, non seulement de ses produits, mais aussi de ses processus de production et de la gestion des \u00e9quipes.<\/p>\n<p>En cons\u00e9quence, elle a d\u00e9velopp\u00e9 des m\u00e9thodes de fabrication plus efficaces et mis en place un syst\u00e8me de production flexible qui lui permet de r\u00e9duire ses d\u00e9lais de livraison, d&rsquo;optimiser ses co\u00fbts et d&rsquo;obtenir pour ses produits des certifications qui garantissent la qualit\u00e9 dans ce secteur.<\/p>\n<p><img loading=\"lazy\" decoding=\"async\" class=\"wp-image-7832 aligncenter\" src=\"https:\/\/www.huurreiberica.com\/wp-content\/uploads\/2024\/09\/Huurre-innovacion-infografia-es-300x148.png\" alt=\"\" width=\"523\" height=\"258\" srcset=\"https:\/\/www.huurreiberica.com\/wp-content\/uploads\/2024\/09\/Huurre-innovacion-infografia-es-300x148.png 300w, https:\/\/www.huurreiberica.com\/wp-content\/uploads\/2024\/09\/Huurre-innovacion-infografia-es-768x378.png 768w, https:\/\/www.huurreiberica.com\/wp-content\/uploads\/2024\/09\/Huurre-innovacion-infografia-es.png 851w\" sizes=\"auto, (max-width: 523px) 100vw, 523px\" \/><\/p>\n                <\/div>\n            <\/div>\n                    <h3><span>Noyau QuadCore<\/span><\/h3>\n            <div class=\"texto\">\n                <div class=\"control\">\n                    <p>En 2018, Huurre a rejoint le groupe Kingspan et s&rsquo;est sp\u00e9cialis\u00e9 dans la recherche et le d\u00e9veloppement de noyaux isolants haute performance.<\/p>\n<p>&nbsp;<\/p>\n<p>QuadCore\u00ae est la nouvelle technologie d\u00e9velopp\u00e9e par Huurre, un noyau isolant auto-formul\u00e9 avec une structure unique de microcellules grises, qui offre des performances thermiques et de protection contre le feu \u00e9lev\u00e9es pour les panneaux sandwich.<\/p>\n<p>La structure exclusive de microcellules grises du noyau isolant QuadCore est ce qui lui conf\u00e8re ses hautes performances d&rsquo;isolation thermique, avec une conductivit\u00e9 thermique lambda de seulement 0,019 W\/m.K, une haute r\u00e9sistance au feu, une durabilit\u00e9 environnementale et une longue dur\u00e9e de vie.<\/p>\n<p>&nbsp;<\/p>\n<table style=\"height: 700px\" width=\"515\">\n<tbody>\n<tr>\n<td colspan=\"4\">\n<h3>Les avantages de QuadCore\u00ae<\/h3>\n<\/td>\n<\/tr>\n<tr>\n<td><img loading=\"lazy\" decoding=\"async\" class=\"size-medium wp-image-8309 alignleft\" src=\"https:\/\/www.huurreiberica.com\/wp-content\/uploads\/2024\/09\/huurre-icon-eficiencia-termica-1-300x300.jpg\" alt=\"\" width=\"150\" height=\"150\" srcset=\"https:\/\/www.huurreiberica.com\/wp-content\/uploads\/2024\/09\/huurre-icon-eficiencia-termica-1-300x300.jpg 300w, https:\/\/www.huurreiberica.com\/wp-content\/uploads\/2024\/09\/huurre-icon-eficiencia-termica-1-150x150.jpg 150w, https:\/\/www.huurreiberica.com\/wp-content\/uploads\/2024\/09\/huurre-icon-eficiencia-termica-1-75x75.jpg 75w, https:\/\/www.huurreiberica.com\/wp-content\/uploads\/2024\/09\/huurre-icon-eficiencia-termica-1.jpg 418w\" sizes=\"auto, (max-width: 150px) 100vw, 150px\" \/><\/td>\n<td><img loading=\"lazy\" decoding=\"async\" class=\"size-medium wp-image-8313 alignleft\" src=\"https:\/\/www.huurreiberica.com\/wp-content\/uploads\/2024\/09\/huurre-icon-foc-1-300x300.jpg\" alt=\"\" width=\"150\" height=\"150\" srcset=\"https:\/\/www.huurreiberica.com\/wp-content\/uploads\/2024\/09\/huurre-icon-foc-1-300x300.jpg 300w, https:\/\/www.huurreiberica.com\/wp-content\/uploads\/2024\/09\/huurre-icon-foc-1-150x150.jpg 150w, https:\/\/www.huurreiberica.com\/wp-content\/uploads\/2024\/09\/huurre-icon-foc-1-75x75.jpg 75w, https:\/\/www.huurreiberica.com\/wp-content\/uploads\/2024\/09\/huurre-icon-foc-1.jpg 417w\" sizes=\"auto, (max-width: 150px) 100vw, 150px\" \/><\/td>\n<td><img loading=\"lazy\" decoding=\"async\" class=\"size-medium wp-image-8317 alignleft\" src=\"https:\/\/www.huurreiberica.com\/wp-content\/uploads\/2024\/09\/huurre-icon-sostenibilitat-1-300x300.jpg\" alt=\"\" width=\"150\" height=\"150\" srcset=\"https:\/\/www.huurreiberica.com\/wp-content\/uploads\/2024\/09\/huurre-icon-sostenibilitat-1-300x300.jpg 300w, https:\/\/www.huurreiberica.com\/wp-content\/uploads\/2024\/09\/huurre-icon-sostenibilitat-1-150x150.jpg 150w, https:\/\/www.huurreiberica.com\/wp-content\/uploads\/2024\/09\/huurre-icon-sostenibilitat-1-75x75.jpg 75w, https:\/\/www.huurreiberica.com\/wp-content\/uploads\/2024\/09\/huurre-icon-sostenibilitat-1.jpg 417w\" sizes=\"auto, (max-width: 150px) 100vw, 150px\" \/><\/td>\n<td><img loading=\"lazy\" decoding=\"async\" class=\"size-medium wp-image-8321 alignleft\" src=\"https:\/\/www.huurreiberica.com\/wp-content\/uploads\/2024\/09\/huurre-icon-alta-durabilitat-1-300x300.jpg\" alt=\"\" width=\"150\" height=\"150\" srcset=\"https:\/\/www.huurreiberica.com\/wp-content\/uploads\/2024\/09\/huurre-icon-alta-durabilitat-1-300x300.jpg 300w, https:\/\/www.huurreiberica.com\/wp-content\/uploads\/2024\/09\/huurre-icon-alta-durabilitat-1-150x150.jpg 150w, https:\/\/www.huurreiberica.com\/wp-content\/uploads\/2024\/09\/huurre-icon-alta-durabilitat-1-75x75.jpg 75w, https:\/\/www.huurreiberica.com\/wp-content\/uploads\/2024\/09\/huurre-icon-alta-durabilitat-1.jpg 417w\" sizes=\"auto, (max-width: 150px) 100vw, 150px\" \/><\/td>\n<\/tr>\n<tr>\n<td>\n<h6>Grande efficacit\u00e9 thermique<\/h6>\n<\/td>\n<td>\n<h6>Haut niveau de protection contre le feu<\/h6>\n<\/td>\n<td>\n<h6>Haute durabilit\u00e9<br \/>\nenvironnementale<\/h6>\n<\/td>\n<td>\n<h6><\/h6>\n<h6>Grande durabilit\u00e9<\/h6>\n<p>&nbsp;<\/td>\n<\/tr>\n<tr>\n<td>Le noyau isolant<br \/>\nQuadcore 2.0 a<br \/>\nd\u2019excellentes<br \/>\nperformances thermiques,<br \/>\navec une conductivit\u00e9<br \/>\nthermique vieilli de<br \/>\nseulement 0,019 W\/m\u00b7 K<\/td>\n<td>Le noyau Quadcore 2.0<br \/>\nune meilleure<br \/>\nperformance au feu,<br \/>\noffrant une meilleure<br \/>\nprotection en cas<br \/>\nd\u2019incendie.<\/td>\n<td>L\u2019utilisation de la<br \/>\ngamme de panneaux<br \/>\nHI-QuadCore 2.0 de Huurre<br \/>\npermet de r\u00e9duire<br \/>\nles pertes d\u2019\u00e9nergie<br \/>\nop\u00e9rationnelle et de<br \/>\nr\u00e9duire les \u00e9missions de<br \/>\ntransport associ\u00e9es.<\/td>\n<td>En n\u2019absorbant<br \/>\npas l\u2019humidit\u00e9,<br \/>\nles performances<br \/>\nfonctionnelles ne<br \/>\ndiminuent pas au fil du<br \/>\ntemps, en garantissant<br \/>\nainsi sa grande durabilit\u00e9.<\/td>\n<\/tr>\n<\/tbody>\n<\/table>\n                <\/div>\n            <\/div>\n                    <h3><span>Engagement Compliance &#8211; nos pol\u00edtiques<\/span><\/h3>\n            <div class=\"texto\">\n                <div class=\"control\">\n                    <div class=\"ewa-rteLine\">\n<p>Chez Huurre, nous nous engageons \u00e0 r\u00e9aliser tous les tests et essais, tant en mati\u00e8re de performance au feu que d\u2019autres aspects de performance, avec une approche solide et coh\u00e9rente afin de garantir l\u2019int\u00e9grit\u00e9 des informations sur nos produits. De plus, nous veillons \u00e0 ce que l\u2019application s\u00e9curis\u00e9e de nos produits dans les b\u00e2timents du futur soit soutenue par un marketing pr\u00e9cis et un conseil technique comp\u00e9tent. Cet Engagement Compliance repose sur trois piliers fondamentaux :<\/p>\n<ol>\n<li><strong>Honn\u00eatet\u00e9, Int\u00e9grit\u00e9 et Conformit\u00e9<\/strong><br \/>\nNotre Code de Conduite mis \u00e0 jour, mis en \u0153uvre dans toutes les entreprises du groupe Kingspan, \u00e9tablit des attentes claires en mati\u00e8re de communications commerciales \u00e9thiques et de respect de la loi.<\/li>\n<li style=\"padding-top: 15px\"><strong>Conformit\u00e9 des Produits<\/strong><br \/>\nSous la direction de notre Directeur de Compliance du groupe Kingspan, nous avons mis en place un programme de Gestion de la Conformit\u00e9 selon la norme ISO 37301, audit\u00e9 en interne par notre groupe d\u2019audit interne et en externe par une agence internationale sp\u00e9cialis\u00e9e.<\/li>\n<li style=\"padding-top: 15px\"><strong>Tra\u00e7abilit\u00e9 Num\u00e9rique<\/strong><br \/>\nNotre programme de Transformation Digitale garantit l&rsquo;exactitude et la tra\u00e7abilit\u00e9 des informations relatives aux produits, y compris la conformit\u00e9 r\u00e9glementaire, les certifications et les performances m\u00e9caniques.<\/li>\n<\/ol>\n<p>Ces piliers renforcent notre engagement envers l\u2019int\u00e9grit\u00e9 et la transparence, en veillant \u00e0 ce que nos produits respectent les normes de qualit\u00e9 et de s\u00e9curit\u00e9 les plus \u00e9lev\u00e9es.<\/p>\n<\/div>\n<div><\/div>\n<div>\n<div class=\"ewa-rteLine\"><a href=\"\/wp-content\/uploads\/2024\/09\/Kingspan-fraud-anti-bribery-corruption-policy-en.pdf\" target=\"_blank\" rel=\"noopener\">Politique anti-corruption du groupe Kingspan (t\u00e9l\u00e9charger)<\/a><\/div>\n<div class=\"ewa-rteLine\"><a href=\"https:\/\/www.huurreiberica.com\/wp-content\/uploads\/2026\/03\/Kingspan-politica-compliance-2026-en.pdf\" target=\"_blank\" rel=\"noopener\">Politique de conformit\u00e9 du groupe Kingspan (t\u00e9l\u00e9charger)<\/a><\/div>\n<div class=\"ewa-rteLine\"><a href=\"\/wp-content\/uploads\/2024\/09\/Huurre-Certificado-ISO-37301-3.pdf\" target=\"_blank\" rel=\"noopener\">ISO 37301 &#8211; <\/a><a href=\"\/wp-content\/uploads\/2024\/09\/Huurre-Certificado-ISO-37301-3.pdf\" target=\"_blank\" rel=\"noopener\">Syst\u00e8me de gestion de la conformit\u00e9<\/a><a href=\"\/wp-content\/uploads\/2024\/09\/Huurre-Certificado-ISO-37301-3.pdf\" target=\"_blank\" rel=\"noopener\"> (t\u00e9l\u00e9charger)<\/a><\/div>\n<div><a href=\"https:\/\/www.huurreiberica.com\/wp-content\/uploads\/2025\/09\/kgr-group-supplier-code-of-conduct-en.pdf\"><span data-olk-copy-source=\"MessageBody\">Politique des fournisseurs Kingspan Group (t\u00e9l\u00e9charger)<\/span><\/a><\/div>\n<div><a href=\"https:\/\/www.huurreiberica.com\/wp-content\/uploads\/2025\/05\/kingspan-inclusion-diversity-policy-en.pdf\">Politique d&rsquo;inclusion et de diversit\u00e9 du groupe Kingspan (t\u00e9l\u00e9charger)<\/a><\/div>\n<div><a href=\"https:\/\/www.huurreiberica.com\/wp-content\/uploads\/2025\/05\/kingspan-2025-code-of-conduct-fr.pdf\">Code de conduite du groupe Kingspan (t\u00e9l\u00e9charger)<\/a><\/div>\n<\/div>\n                <\/div>\n            <\/div>\n            <\/div>\n       \n   \n<\/div>\n\n","protected":false},"excerpt":{"rendered":"<p>Qualit\u00e9 et d\u00e9veloppement<\/p>\n","protected":false},"author":11,"featured_media":0,"parent":0,"menu_order":0,"comment_status":"closed","ping_status":"closed","template":"page-templates\/page-sobre-huurre.php","meta":{"_acf_changed":false,"_oasis_is_in_workflow":0,"_oasis_original":0,"_oasis_task_priority":"2normal","_genesis_hide_title":false,"_genesis_hide_breadcrumbs":false,"_genesis_hide_singular_image":false,"_genesis_hide_footer_widgets":false,"_genesis_custom_body_class":"","_genesis_custom_post_class":"","_genesis_layout":"","footnotes":""},"class_list":{"0":"post-8622","1":"page","2":"type-page","3":"status-publish","5":"entry"},"acf":[],"yoast_head":"<!-- This site is optimized with the Yoast SEO plugin v27.3 - https:\/\/yoast.com\/product\/yoast-seo-wordpress\/ -->\n<title>Qualit\u00e9 et d\u00e9veloppement - Huurre<\/title>\n<meta name=\"description\" content=\"Huurre met en \u0153uvre un contr\u00f4le qualit\u00e9 rigoureux sur tous ses produits et processus de production. Dans le cas de la production de panneaux sandwich, divers essais sont r\u00e9alis\u00e9s, tels que des tests structurels, la mesure de la densit\u00e9 du noyau, la conductivit\u00e9 thermique, la stabilit\u00e9 dimensionnelle, l&#039;absorption d&#039;eau, entre autres.\" \/>\n<meta name=\"robots\" content=\"index, follow, max-snippet:-1, max-image-preview:large, max-video-preview:-1\" \/>\n<link rel=\"canonical\" href=\"https:\/\/www.huurreiberica.com\/fr\/qualite-et-developpement\/\" \/>\n<meta property=\"og:locale\" content=\"fr_FR\" \/>\n<meta property=\"og:type\" content=\"article\" \/>\n<meta property=\"og:title\" content=\"Qualit\u00e9 et d\u00e9veloppement - Huurre\" \/>\n<meta property=\"og:description\" content=\"Huurre met en \u0153uvre un contr\u00f4le qualit\u00e9 rigoureux sur tous ses produits et processus de production. Dans le cas de la production de panneaux sandwich, divers essais sont r\u00e9alis\u00e9s, tels que des tests structurels, la mesure de la densit\u00e9 du noyau, la conductivit\u00e9 thermique, la stabilit\u00e9 dimensionnelle, l&#039;absorption d&#039;eau, entre autres.\" \/>\n<meta property=\"og:url\" content=\"https:\/\/www.huurreiberica.com\/fr\/qualite-et-developpement\/\" \/>\n<meta property=\"og:site_name\" content=\"Huurre\" \/>\n<meta property=\"article:modified_time\" content=\"2026-04-20T07:30:04+00:00\" \/>\n<meta name=\"twitter:card\" content=\"summary_large_image\" \/>\n<meta name=\"twitter:label1\" content=\"Dur\u00e9e de lecture estim\u00e9e\" \/>\n\t<meta name=\"twitter:data1\" content=\"1 minute\" \/>\n<script type=\"application\/ld+json\" class=\"yoast-schema-graph\">{\"@context\":\"https:\\\/\\\/schema.org\",\"@graph\":[{\"@type\":\"WebPage\",\"@id\":\"https:\\\/\\\/www.huurreiberica.com\\\/fr\\\/qualite-et-developpement\\\/\",\"url\":\"https:\\\/\\\/www.huurreiberica.com\\\/fr\\\/qualite-et-developpement\\\/\",\"name\":\"Qualit\u00e9 et d\u00e9veloppement - Huurre\",\"isPartOf\":{\"@id\":\"https:\\\/\\\/www.huurreiberica.com\\\/fr\\\/#website\"},\"datePublished\":\"2026-04-17T07:09:00+00:00\",\"dateModified\":\"2026-04-20T07:30:04+00:00\",\"description\":\"Huurre met en \u0153uvre un contr\u00f4le qualit\u00e9 rigoureux sur tous ses produits et processus de production. Dans le cas de la production de panneaux sandwich, divers essais sont r\u00e9alis\u00e9s, tels que des tests structurels, la mesure de la densit\u00e9 du noyau, la conductivit\u00e9 thermique, la stabilit\u00e9 dimensionnelle, l'absorption d'eau, entre autres.\",\"breadcrumb\":{\"@id\":\"https:\\\/\\\/www.huurreiberica.com\\\/fr\\\/qualite-et-developpement\\\/#breadcrumb\"},\"inLanguage\":\"fr-FR\",\"potentialAction\":[{\"@type\":\"ReadAction\",\"target\":[\"https:\\\/\\\/www.huurreiberica.com\\\/fr\\\/qualite-et-developpement\\\/\"]}]},{\"@type\":\"BreadcrumbList\",\"@id\":\"https:\\\/\\\/www.huurreiberica.com\\\/fr\\\/qualite-et-developpement\\\/#breadcrumb\",\"itemListElement\":[{\"@type\":\"ListItem\",\"position\":1,\"name\":\"Home\",\"item\":\"https:\\\/\\\/www.huurreiberica.com\\\/fr\\\/\"},{\"@type\":\"ListItem\",\"position\":2,\"name\":\"Qualit\u00e9 et d\u00e9veloppement\"}]},{\"@type\":\"WebSite\",\"@id\":\"https:\\\/\\\/www.huurreiberica.com\\\/fr\\\/#website\",\"url\":\"https:\\\/\\\/www.huurreiberica.com\\\/fr\\\/\",\"name\":\"Huurre\",\"description\":\"Paneles aislantes para edificios eficientes y sostenibles | Fabricamos paneles para fachadas, paredes interiores,\",\"potentialAction\":[{\"@type\":\"SearchAction\",\"target\":{\"@type\":\"EntryPoint\",\"urlTemplate\":\"https:\\\/\\\/www.huurreiberica.com\\\/fr\\\/?s={search_term_string}\"},\"query-input\":{\"@type\":\"PropertyValueSpecification\",\"valueRequired\":true,\"valueName\":\"search_term_string\"}}],\"inLanguage\":\"fr-FR\"}]}<\/script>\n<!-- \/ Yoast SEO plugin. -->","yoast_head_json":{"title":"Qualit\u00e9 et d\u00e9veloppement - Huurre","description":"Huurre met en \u0153uvre un contr\u00f4le qualit\u00e9 rigoureux sur tous ses produits et processus de production. Dans le cas de la production de panneaux sandwich, divers essais sont r\u00e9alis\u00e9s, tels que des tests structurels, la mesure de la densit\u00e9 du noyau, la conductivit\u00e9 thermique, la stabilit\u00e9 dimensionnelle, l'absorption d'eau, entre autres.","robots":{"index":"index","follow":"follow","max-snippet":"max-snippet:-1","max-image-preview":"max-image-preview:large","max-video-preview":"max-video-preview:-1"},"canonical":"https:\/\/www.huurreiberica.com\/fr\/qualite-et-developpement\/","og_locale":"fr_FR","og_type":"article","og_title":"Qualit\u00e9 et d\u00e9veloppement - Huurre","og_description":"Huurre met en \u0153uvre un contr\u00f4le qualit\u00e9 rigoureux sur tous ses produits et processus de production. Dans le cas de la production de panneaux sandwich, divers essais sont r\u00e9alis\u00e9s, tels que des tests structurels, la mesure de la densit\u00e9 du noyau, la conductivit\u00e9 thermique, la stabilit\u00e9 dimensionnelle, l'absorption d'eau, entre autres.","og_url":"https:\/\/www.huurreiberica.com\/fr\/qualite-et-developpement\/","og_site_name":"Huurre","article_modified_time":"2026-04-20T07:30:04+00:00","twitter_card":"summary_large_image","twitter_misc":{"Dur\u00e9e de lecture estim\u00e9e":"1 minute"},"schema":{"@context":"https:\/\/schema.org","@graph":[{"@type":"WebPage","@id":"https:\/\/www.huurreiberica.com\/fr\/qualite-et-developpement\/","url":"https:\/\/www.huurreiberica.com\/fr\/qualite-et-developpement\/","name":"Qualit\u00e9 et d\u00e9veloppement - Huurre","isPartOf":{"@id":"https:\/\/www.huurreiberica.com\/fr\/#website"},"datePublished":"2026-04-17T07:09:00+00:00","dateModified":"2026-04-20T07:30:04+00:00","description":"Huurre met en \u0153uvre un contr\u00f4le qualit\u00e9 rigoureux sur tous ses produits et processus de production. Dans le cas de la production de panneaux sandwich, divers essais sont r\u00e9alis\u00e9s, tels que des tests structurels, la mesure de la densit\u00e9 du noyau, la conductivit\u00e9 thermique, la stabilit\u00e9 dimensionnelle, l'absorption d'eau, entre autres.","breadcrumb":{"@id":"https:\/\/www.huurreiberica.com\/fr\/qualite-et-developpement\/#breadcrumb"},"inLanguage":"fr-FR","potentialAction":[{"@type":"ReadAction","target":["https:\/\/www.huurreiberica.com\/fr\/qualite-et-developpement\/"]}]},{"@type":"BreadcrumbList","@id":"https:\/\/www.huurreiberica.com\/fr\/qualite-et-developpement\/#breadcrumb","itemListElement":[{"@type":"ListItem","position":1,"name":"Home","item":"https:\/\/www.huurreiberica.com\/fr\/"},{"@type":"ListItem","position":2,"name":"Qualit\u00e9 et d\u00e9veloppement"}]},{"@type":"WebSite","@id":"https:\/\/www.huurreiberica.com\/fr\/#website","url":"https:\/\/www.huurreiberica.com\/fr\/","name":"Huurre","description":"Paneles aislantes para edificios eficientes y sostenibles | Fabricamos paneles para fachadas, paredes interiores,","potentialAction":[{"@type":"SearchAction","target":{"@type":"EntryPoint","urlTemplate":"https:\/\/www.huurreiberica.com\/fr\/?s={search_term_string}"},"query-input":{"@type":"PropertyValueSpecification","valueRequired":true,"valueName":"search_term_string"}}],"inLanguage":"fr-FR"}]}},"featured_image_src":null,"featured_image_src_square":null,"_links":{"self":[{"href":"https:\/\/www.huurreiberica.com\/fr\/wp-json\/wp\/v2\/pages\/8622","targetHints":{"allow":["GET"]}}],"collection":[{"href":"https:\/\/www.huurreiberica.com\/fr\/wp-json\/wp\/v2\/pages"}],"about":[{"href":"https:\/\/www.huurreiberica.com\/fr\/wp-json\/wp\/v2\/types\/page"}],"author":[{"embeddable":true,"href":"https:\/\/www.huurreiberica.com\/fr\/wp-json\/wp\/v2\/users\/11"}],"replies":[{"embeddable":true,"href":"https:\/\/www.huurreiberica.com\/fr\/wp-json\/wp\/v2\/comments?post=8622"}],"version-history":[{"count":39,"href":"https:\/\/www.huurreiberica.com\/fr\/wp-json\/wp\/v2\/pages\/8622\/revisions"}],"predecessor-version":[{"id":20210,"href":"https:\/\/www.huurreiberica.com\/fr\/wp-json\/wp\/v2\/pages\/8622\/revisions\/20210"}],"wp:attachment":[{"href":"https:\/\/www.huurreiberica.com\/fr\/wp-json\/wp\/v2\/media?parent=8622"}],"curies":[{"name":"wp","href":"https:\/\/api.w.org\/{rel}","templated":true}]}}