{"id":17154,"date":"2026-04-17T09:07:00","date_gmt":"2026-04-17T07:07:00","guid":{"rendered":"https:\/\/www.huurreiberica.com\/?page_id=17154"},"modified":"2026-04-16T14:25:07","modified_gmt":"2026-04-16T12:25:07","slug":"fundo-comunitario-planet-passionate","status":"publish","type":"page","link":"https:\/\/www.huurreiberica.com\/pt-pt\/fundo-comunitario-planet-passionate\/","title":{"rendered":"Fundo Comunit\u00e1rio Planet Passionate"},"content":{"rendered":"\n<h2 class=\"wp-block-heading\">Compromisso com as comunidades locais<\/h2>\n\n\n<div class=\"wp-block-image\">\n<figure class=\"alignright size-full\"><img loading=\"lazy\" decoding=\"async\" width=\"342\" height=\"409\" src=\"https:\/\/www.huurreiberica.com\/wp-content\/uploads\/2025\/04\/Fondo.png\" alt=\"\" class=\"wp-image-16909\" srcset=\"https:\/\/www.huurreiberica.com\/wp-content\/uploads\/2025\/04\/Fondo.png 342w, https:\/\/www.huurreiberica.com\/wp-content\/uploads\/2025\/04\/Fondo-251x300.png 251w\" sizes=\"auto, (max-width: 342px) 100vw, 342px\" \/><\/figure>\n<\/div>\n\n\n<p>A Huurre desenvolve a sua atividade tendo em considera\u00e7\u00e3o as comunidades locais onde se situam as suas unidades de produ\u00e7\u00e3o. Neste contexto, a empresa participa em iniciativas de \u00e2mbito local atrav\u00e9s do apoio a projetos, atividades e patroc\u00ednios relacionados com o seu enquadramento, de acordo com as caracter\u00edsticas espec\u00edficas de cada unidade e no \u00e2mbito do quadro definido pelo Grupo Kingspan.<\/p>\n\n\n\n<h2 class=\"wp-block-heading\">Fundo Comunit\u00e1rio Planet Passionate<\/h2>\n\n\n\n<p>Planet Passionate Communities \u00e9 a iniciativa comunit\u00e1ria integrada no programa global de sustentabilidade da Kingspan, Planet Passionate. Neste \u00e2mbito, foi criado o Fundo Comunit\u00e1rio Planet Passionate, destinado a apoiar iniciativas locais que contribuem para o desenvolvimento das comunidades e que se alinham com os objetivos globais do programa Planet Passionate.<\/p>\n\n\n\n<p>Atrav\u00e9s deste fundo, \u00e9 prestado apoio a projetos comunit\u00e1rios que incorporam crit\u00e9rios sociais e ambientais, reconhecendo o papel das pessoas e das comunidades no desenvolvimento de ambientes mais respons\u00e1veis e sustent\u00e1veis.<\/p>\n\n\n\n<h2 class=\"wp-block-heading\">Crit\u00e9rios de financiamento<\/h2>\n\n\n\n<p>O Fundo Comunit\u00e1rio Planet Passionate destina-se a apoiar comunidades locais associadas \u00e0s unidades de produ\u00e7\u00e3o. Para o efeito, foram definidas diretrizes e crit\u00e9rios de elegibilidade que os projetos candidatos devem cumprir para poderem ser considerados para financiamento.<\/p>\n\n\n\n<p>Os projetos devem enquadrar-se em pelo menos uma das seguintes \u00e1reas:<\/p>\n\n\n\n<ul class=\"wp-block-list\">\n<li>&#8211; Apoio \u00e0 conserva\u00e7\u00e3o, prote\u00e7\u00e3o ou melhoria do ambiente f\u00edsico e natural.<\/li>\n\n\n\n<li>&#8211; Contributo para a sa\u00fade, o bem-estar e a atividade f\u00edsica das comunidades locais atrav\u00e9s de atividades de lazer.<\/li>\n\n\n\n<li>&#8211; Promo\u00e7\u00e3o de um ambiente constru\u00eddo seguro e sustent\u00e1vel.<\/li>\n\n\n\n<li>&#8211; Apoio \u00e0 educa\u00e7\u00e3o e ao desenvolvimento de compet\u00eancias dos jovens.<\/li>\n\n\n\n<li>&#8211; Apoio a institui\u00e7\u00f5es de caridade locais e a eventos solid\u00e1rios relacionados com qualquer uma das \u00e1reas acima indicadas.<\/li>\n<\/ul>\n\n\n\n<p><\/p>\n\n\n\n<h2 class=\"wp-block-heading\">Como solicitar financiamento<\/h2>\n\n\n\n<p>Pessoas ou organiza\u00e7\u00f5es envolvidas em projetos que cumpram os crit\u00e9rios estabelecidos podem candidatar-se a financiamento atrav\u00e9s do Fundo Comunit\u00e1rio Planet Passionate. Para tal, o formul\u00e1rio de candidatura deve ser descarregado, preenchido e enviado por e-mail para:<br><a href=\"mailto:KIPCommunityFund@kingspan.com\">KIPCommunityFund@kingspan.com<\/a> <\/p>\n\n\n\n<p><a href=\"https:\/\/kingspanpanels.formstack.com\/forms\/community_fund_application_form\">Descarregar formul\u00e1rio de candidatura<\/a><\/p>\n\n\n\n<p>Para quest\u00f5es relacionadas com a elegibilidade dos projetos ou com o processo de candidatura, poder\u00e1 ser utilizado o mesmo contacto: \u00a0<a href=\"mailto:KIPCommunityFund@kingspan.com\">KIPCommunityFund@kingspan.com<\/a>. <\/p>\n","protected":false},"excerpt":{"rendered":"<p>Compromisso com as comunidades locais A Huurre desenvolve a sua atividade tendo em considera\u00e7\u00e3o as comunidades locais onde se situam as suas unidades de produ\u00e7\u00e3o. Neste contexto, a empresa participa em iniciativas de \u00e2mbito local atrav\u00e9s do apoio a projetos, atividades e patroc\u00ednios relacionados com o seu enquadramento, de acordo com as caracter\u00edsticas espec\u00edficas de [&hellip;]<\/p>\n","protected":false},"author":12,"featured_media":17100,"parent":0,"menu_order":0,"comment_status":"closed","ping_status":"closed","template":"page-templates\/page-pagina-estandar.php","meta":{"_acf_changed":false,"_oasis_is_in_workflow":0,"_oasis_original":0,"_oasis_task_priority":"2normal","_genesis_hide_title":false,"_genesis_hide_breadcrumbs":false,"_genesis_hide_singular_image":false,"_genesis_hide_footer_widgets":false,"_genesis_custom_body_class":"","_genesis_custom_post_class":"","_genesis_layout":"","footnotes":""},"class_list":{"0":"post-17154","1":"page","2":"type-page","3":"status-publish","4":"has-post-thumbnail","6":"entry"},"acf":[],"yoast_head":"<!-- This site is optimized with the Yoast SEO plugin v27.3 - https:\/\/yoast.com\/product\/yoast-seo-wordpress\/ -->\n<title>Fundo Comunit\u00e1rio Planet Passionate - Huurre<\/title>\n<meta name=\"description\" content=\"Fundo Comunit\u00e1rio Planet Passionate. Para a Huurre, o compromisso com as comunidades locais que vivem... sempre foi de vital import\u00e2ncia.\" \/>\n<meta name=\"robots\" content=\"index, follow, max-snippet:-1, max-image-preview:large, max-video-preview:-1\" \/>\n<link rel=\"canonical\" href=\"https:\/\/www.huurreiberica.com\/pt-pt\/fundo-comunitario-planet-passionate\/\" \/>\n<meta property=\"og:locale\" content=\"pt_PT\" \/>\n<meta property=\"og:type\" content=\"article\" \/>\n<meta property=\"og:title\" content=\"Fundo Comunit\u00e1rio Planet Passionate - Huurre\" \/>\n<meta property=\"og:description\" content=\"Fundo Comunit\u00e1rio Planet Passionate. Para a Huurre, o compromisso com as comunidades locais que vivem... sempre foi de vital import\u00e2ncia.\" \/>\n<meta property=\"og:url\" content=\"https:\/\/www.huurreiberica.com\/pt-pt\/fundo-comunitario-planet-passionate\/\" \/>\n<meta property=\"og:site_name\" content=\"Huurre\" \/>\n<meta property=\"og:image\" content=\"https:\/\/www.huurreiberica.com\/wp-content\/uploads\/2025\/04\/Banner-Planet-Passionate.jpg\" \/>\n\t<meta property=\"og:image:width\" content=\"1908\" \/>\n\t<meta property=\"og:image:height\" content=\"362\" \/>\n\t<meta property=\"og:image:type\" content=\"image\/jpeg\" \/>\n<meta name=\"twitter:card\" content=\"summary_large_image\" \/>\n<meta name=\"twitter:label1\" content=\"Tempo estimado de leitura\" \/>\n\t<meta name=\"twitter:data1\" content=\"2 minutos\" \/>\n<script type=\"application\/ld+json\" class=\"yoast-schema-graph\">{\"@context\":\"https:\\\/\\\/schema.org\",\"@graph\":[{\"@type\":\"WebPage\",\"@id\":\"https:\\\/\\\/www.huurreiberica.com\\\/pt-pt\\\/fundo-comunitario-planet-passionate\\\/\",\"url\":\"https:\\\/\\\/www.huurreiberica.com\\\/pt-pt\\\/fundo-comunitario-planet-passionate\\\/\",\"name\":\"Fundo Comunit\u00e1rio Planet Passionate - Huurre\",\"isPartOf\":{\"@id\":\"https:\\\/\\\/www.huurreiberica.com\\\/pt-pt\\\/#website\"},\"primaryImageOfPage\":{\"@id\":\"https:\\\/\\\/www.huurreiberica.com\\\/pt-pt\\\/fundo-comunitario-planet-passionate\\\/#primaryimage\"},\"image\":{\"@id\":\"https:\\\/\\\/www.huurreiberica.com\\\/pt-pt\\\/fundo-comunitario-planet-passionate\\\/#primaryimage\"},\"thumbnailUrl\":\"https:\\\/\\\/www.huurreiberica.com\\\/wp-content\\\/uploads\\\/2025\\\/04\\\/Banner-Planet-Passionate.jpg\",\"datePublished\":\"2026-04-17T07:07:00+00:00\",\"description\":\"Fundo Comunit\u00e1rio Planet Passionate. Para a Huurre, o compromisso com as comunidades locais que vivem... sempre foi de vital import\u00e2ncia.\",\"breadcrumb\":{\"@id\":\"https:\\\/\\\/www.huurreiberica.com\\\/pt-pt\\\/fundo-comunitario-planet-passionate\\\/#breadcrumb\"},\"inLanguage\":\"pt-PT\",\"potentialAction\":[{\"@type\":\"ReadAction\",\"target\":[\"https:\\\/\\\/www.huurreiberica.com\\\/pt-pt\\\/fundo-comunitario-planet-passionate\\\/\"]}]},{\"@type\":\"ImageObject\",\"inLanguage\":\"pt-PT\",\"@id\":\"https:\\\/\\\/www.huurreiberica.com\\\/pt-pt\\\/fundo-comunitario-planet-passionate\\\/#primaryimage\",\"url\":\"https:\\\/\\\/www.huurreiberica.com\\\/wp-content\\\/uploads\\\/2025\\\/04\\\/Banner-Planet-Passionate.jpg\",\"contentUrl\":\"https:\\\/\\\/www.huurreiberica.com\\\/wp-content\\\/uploads\\\/2025\\\/04\\\/Banner-Planet-Passionate.jpg\",\"width\":1908,\"height\":362},{\"@type\":\"BreadcrumbList\",\"@id\":\"https:\\\/\\\/www.huurreiberica.com\\\/pt-pt\\\/fundo-comunitario-planet-passionate\\\/#breadcrumb\",\"itemListElement\":[{\"@type\":\"ListItem\",\"position\":1,\"name\":\"Home\",\"item\":\"https:\\\/\\\/www.huurreiberica.com\\\/pt-pt\\\/\"},{\"@type\":\"ListItem\",\"position\":2,\"name\":\"Fundo Comunit\u00e1rio Planet Passionate\"}]},{\"@type\":\"WebSite\",\"@id\":\"https:\\\/\\\/www.huurreiberica.com\\\/pt-pt\\\/#website\",\"url\":\"https:\\\/\\\/www.huurreiberica.com\\\/pt-pt\\\/\",\"name\":\"Huurre\",\"description\":\"Paneles aislantes para edificios eficientes y sostenibles | Fabricamos paneles para fachadas, paredes interiores,\",\"potentialAction\":[{\"@type\":\"SearchAction\",\"target\":{\"@type\":\"EntryPoint\",\"urlTemplate\":\"https:\\\/\\\/www.huurreiberica.com\\\/pt-pt\\\/?s={search_term_string}\"},\"query-input\":{\"@type\":\"PropertyValueSpecification\",\"valueRequired\":true,\"valueName\":\"search_term_string\"}}],\"inLanguage\":\"pt-PT\"}]}<\/script>\n<!-- \/ Yoast SEO plugin. -->","yoast_head_json":{"title":"Fundo Comunit\u00e1rio Planet Passionate - Huurre","description":"Fundo Comunit\u00e1rio Planet Passionate. Para a Huurre, o compromisso com as comunidades locais que vivem... sempre foi de vital import\u00e2ncia.","robots":{"index":"index","follow":"follow","max-snippet":"max-snippet:-1","max-image-preview":"max-image-preview:large","max-video-preview":"max-video-preview:-1"},"canonical":"https:\/\/www.huurreiberica.com\/pt-pt\/fundo-comunitario-planet-passionate\/","og_locale":"pt_PT","og_type":"article","og_title":"Fundo Comunit\u00e1rio Planet Passionate - Huurre","og_description":"Fundo Comunit\u00e1rio Planet Passionate. Para a Huurre, o compromisso com as comunidades locais que vivem... sempre foi de vital import\u00e2ncia.","og_url":"https:\/\/www.huurreiberica.com\/pt-pt\/fundo-comunitario-planet-passionate\/","og_site_name":"Huurre","og_image":[{"width":1908,"height":362,"url":"https:\/\/www.huurreiberica.com\/wp-content\/uploads\/2025\/04\/Banner-Planet-Passionate.jpg","type":"image\/jpeg"}],"twitter_card":"summary_large_image","twitter_misc":{"Tempo estimado de leitura":"2 minutos"},"schema":{"@context":"https:\/\/schema.org","@graph":[{"@type":"WebPage","@id":"https:\/\/www.huurreiberica.com\/pt-pt\/fundo-comunitario-planet-passionate\/","url":"https:\/\/www.huurreiberica.com\/pt-pt\/fundo-comunitario-planet-passionate\/","name":"Fundo Comunit\u00e1rio Planet Passionate - Huurre","isPartOf":{"@id":"https:\/\/www.huurreiberica.com\/pt-pt\/#website"},"primaryImageOfPage":{"@id":"https:\/\/www.huurreiberica.com\/pt-pt\/fundo-comunitario-planet-passionate\/#primaryimage"},"image":{"@id":"https:\/\/www.huurreiberica.com\/pt-pt\/fundo-comunitario-planet-passionate\/#primaryimage"},"thumbnailUrl":"https:\/\/www.huurreiberica.com\/wp-content\/uploads\/2025\/04\/Banner-Planet-Passionate.jpg","datePublished":"2026-04-17T07:07:00+00:00","description":"Fundo Comunit\u00e1rio Planet Passionate. Para a Huurre, o compromisso com as comunidades locais que vivem... sempre foi de vital import\u00e2ncia.","breadcrumb":{"@id":"https:\/\/www.huurreiberica.com\/pt-pt\/fundo-comunitario-planet-passionate\/#breadcrumb"},"inLanguage":"pt-PT","potentialAction":[{"@type":"ReadAction","target":["https:\/\/www.huurreiberica.com\/pt-pt\/fundo-comunitario-planet-passionate\/"]}]},{"@type":"ImageObject","inLanguage":"pt-PT","@id":"https:\/\/www.huurreiberica.com\/pt-pt\/fundo-comunitario-planet-passionate\/#primaryimage","url":"https:\/\/www.huurreiberica.com\/wp-content\/uploads\/2025\/04\/Banner-Planet-Passionate.jpg","contentUrl":"https:\/\/www.huurreiberica.com\/wp-content\/uploads\/2025\/04\/Banner-Planet-Passionate.jpg","width":1908,"height":362},{"@type":"BreadcrumbList","@id":"https:\/\/www.huurreiberica.com\/pt-pt\/fundo-comunitario-planet-passionate\/#breadcrumb","itemListElement":[{"@type":"ListItem","position":1,"name":"Home","item":"https:\/\/www.huurreiberica.com\/pt-pt\/"},{"@type":"ListItem","position":2,"name":"Fundo Comunit\u00e1rio Planet Passionate"}]},{"@type":"WebSite","@id":"https:\/\/www.huurreiberica.com\/pt-pt\/#website","url":"https:\/\/www.huurreiberica.com\/pt-pt\/","name":"Huurre","description":"Paneles aislantes para edificios eficientes y sostenibles | Fabricamos paneles para fachadas, paredes interiores,","potentialAction":[{"@type":"SearchAction","target":{"@type":"EntryPoint","urlTemplate":"https:\/\/www.huurreiberica.com\/pt-pt\/?s={search_term_string}"},"query-input":{"@type":"PropertyValueSpecification","valueRequired":true,"valueName":"search_term_string"}}],"inLanguage":"pt-PT"}]}},"featured_image_src":"https:\/\/www.huurreiberica.com\/wp-content\/uploads\/2025\/04\/Banner-Planet-Passionate.jpg","featured_image_src_square":"https:\/\/www.huurreiberica.com\/wp-content\/uploads\/2025\/04\/Banner-Planet-Passionate.jpg","_links":{"self":[{"href":"https:\/\/www.huurreiberica.com\/pt-pt\/wp-json\/wp\/v2\/pages\/17154","targetHints":{"allow":["GET"]}}],"collection":[{"href":"https:\/\/www.huurreiberica.com\/pt-pt\/wp-json\/wp\/v2\/pages"}],"about":[{"href":"https:\/\/www.huurreiberica.com\/pt-pt\/wp-json\/wp\/v2\/types\/page"}],"author":[{"embeddable":true,"href":"https:\/\/www.huurreiberica.com\/pt-pt\/wp-json\/wp\/v2\/users\/12"}],"replies":[{"embeddable":true,"href":"https:\/\/www.huurreiberica.com\/pt-pt\/wp-json\/wp\/v2\/comments?post=17154"}],"version-history":[{"count":2,"href":"https:\/\/www.huurreiberica.com\/pt-pt\/wp-json\/wp\/v2\/pages\/17154\/revisions"}],"predecessor-version":[{"id":20120,"href":"https:\/\/www.huurreiberica.com\/pt-pt\/wp-json\/wp\/v2\/pages\/17154\/revisions\/20120"}],"wp:featuredmedia":[{"embeddable":true,"href":"https:\/\/www.huurreiberica.com\/pt-pt\/wp-json\/wp\/v2\/media\/17100"}],"wp:attachment":[{"href":"https:\/\/www.huurreiberica.com\/pt-pt\/wp-json\/wp\/v2\/media?parent=17154"}],"curies":[{"name":"wp","href":"https:\/\/api.w.org\/{rel}","templated":true}]}}