{"id":4716,"date":"2024-10-07T16:54:20","date_gmt":"2024-10-07T14:54:20","guid":{"rendered":"https:\/\/unrivalled-manx-5b8ed1.instawp.xyz\/aviso-legal\/"},"modified":"2024-11-26T18:28:27","modified_gmt":"2024-11-26T17:28:27","slug":"aviso-legal","status":"publish","type":"page","link":"https:\/\/www.huurreiberica.com\/pt-pt\/aviso-legal\/","title":{"rendered":"Aviso Legal"},"content":{"rendered":"\n<div style=\"height:100px\" aria-hidden=\"true\" class=\"wp-block-spacer\"><\/div>\n\n\n\n<div class=\"wp-block-group wrap simple-text-control\"><div class=\"wp-block-group__inner-container is-layout-constrained wp-block-group-is-layout-constrained\">\n<h1 class=\"wp-block-heading\">AVISO LEGAL<\/h1>\n\n\n\n<p>O website e o dom\u00ednio huurreiberica.com s\u00e3o da compet\u00eancia da Huurre Ib\u00e9rica, S.A.U. (adiante designada por HUURRE), titular do NIPC A17202375 e com domic\u00edlio na Carretera C-65, km 16, Pol\u00edgono Industrial El Trust, de Cass\u00e0 de la Selva (CP 17244), correio eletr\u00f3nico <a href=\"mailto:huurre@huurreiberica.com\">huurre@huurreiberica.com<\/a>, inscrita no Registo Comercial de Girona. Livro 596, Tomo 717, F\u00f3lio 169, Folha 10.444.<\/p>\n\n\n\n<h2 class=\"wp-block-heading\">PROPRIEDADE INTELECTUAL E INDUSTRIAL<\/h2>\n\n\n\n<p>Os direitos sobre os conte\u00fados deste website, incluindo os textos, imagens, desenhos gr\u00e1ficos, marcas e outros s\u00edmbolos distintivos (adiante designados por conte\u00fados) pertencem \u00e0 HUURRE ou a terceiros que autorizaram a sua utiliza\u00e7\u00e3o.<br>A HUURRE apresenta estes conte\u00fados para informar dos seus servi\u00e7os.<br>A HUURRE autoriza a utiliza\u00e7\u00e3o dos conte\u00fados para fins n\u00e3o comerciais, desde que a fonte seja indicada de forma clara. Se os conte\u00fados forem utilizados em ambientes web, ser\u00e1 necess\u00e1rio incluir uma liga\u00e7\u00e3o a www.huurreiberica.com.<br>A HUURRE reserva-se o direito de tomar as medidas legais oportunas em defesa dos seus direitos de propriedade intelectual ou industrial.<br>N\u00e3o s\u00e3o autorizadas as apresenta\u00e7\u00f5es de conte\u00fados deste website numa janela alheia a www.huurreiberica.com (framing).<\/p>\n\n\n\n<h2 class=\"wp-block-heading\">RESPONSABILIDADE SOBRE OS CONTE\u00daDOS<\/h2>\n\n\n\n<p>Embora a HUURRE aja com a maior dilig\u00eancia poss\u00edvel, pode acontecer que algum dado ou informa\u00e7\u00e3o n\u00e3o se encontre totalmente atualizado no momento em que o utilizador do website o consulte.<br>Por isso, a HUURRE declara que as refer\u00eancias dos servi\u00e7os que se apresentam no seu website t\u00eam uma fun\u00e7\u00e3o orientativa e n\u00e3o vinculam a HUURRE at\u00e9 \u00e0 contrata\u00e7\u00e3o expressa de uma encomenda.<br>A HUURRE reserva-se o direito de modificar unilateralmente a apresenta\u00e7\u00e3o, configura\u00e7\u00e3o e conte\u00fados do website, em qualquer momento e sem aviso pr\u00e9vio.<br>A HUURRE n\u00e3o ser\u00e1 respons\u00e1vel pela informa\u00e7\u00e3o que possa ser obtida atrav\u00e9s de liga\u00e7\u00f5es inclu\u00eddas no website.<\/p>\n\n\n\n<h2 class=\"wp-block-heading\">CONDI\u00c7\u00d5ES DE UTILIZA\u00c7\u00c3O<\/h2>\n\n\n\n<p>A utiliza\u00e7\u00e3o deste website implica a plena aceita\u00e7\u00e3o dos termos e condi\u00e7\u00f5es do presente aviso legal. Os poss\u00edveis conflitos relativos a este website reger-se-\u00e3o exclusivamente pelo direito do Estado espanhol.<br>Qualquer pessoa utilizadora do website, independentemente da jurisdi\u00e7\u00e3o territorial a partir da qual se realize o acesso, aceita o cumprimento e respeito destas cl\u00e1usulas, com ren\u00fancia expressa a qualquer outro foro que possa corresponder-lhe.<\/p>\n<\/div><\/div>\n\n\n\n<div style=\"height:100px\" aria-hidden=\"true\" class=\"wp-block-spacer\"><\/div>\n","protected":false},"excerpt":{"rendered":"<p>AVISO LEGAL O website e o dom\u00ednio huurreiberica.com s\u00e3o da compet\u00eancia da Huurre Ib\u00e9rica, S.A.U. (adiante designada por HUURRE), titular do NIPC A17202375 e com domic\u00edlio na Carretera C-65, km 16, Pol\u00edgono Industrial El Trust, de Cass\u00e0 de la Selva (CP 17244), correio eletr\u00f3nico huurre@huurreiberica.com, inscrita no Registo Comercial de Girona. Livro 596, Tomo 717, [&hellip;]<\/p>\n","protected":false},"author":1,"featured_media":0,"parent":0,"menu_order":0,"comment_status":"closed","ping_status":"closed","template":"page-templates\/page-full-width.php","meta":{"_acf_changed":false,"_oasis_is_in_workflow":0,"_oasis_original":0,"_oasis_task_priority":"2normal","_genesis_hide_title":false,"_genesis_hide_breadcrumbs":false,"_genesis_hide_singular_image":false,"_genesis_hide_footer_widgets":false,"_genesis_custom_body_class":"","_genesis_custom_post_class":"","_genesis_layout":"","footnotes":""},"class_list":{"0":"post-4716","1":"page","2":"type-page","3":"status-publish","5":"entry"},"acf":[],"yoast_head":"<!-- This site is optimized with the Yoast SEO plugin v27.3 - https:\/\/yoast.com\/product\/yoast-seo-wordpress\/ -->\n<title>Aviso Legal - Huurre<\/title>\n<meta name=\"robots\" content=\"index, follow, max-snippet:-1, max-image-preview:large, max-video-preview:-1\" \/>\n<link rel=\"canonical\" href=\"https:\/\/www.huurreiberica.com\/pt-pt\/aviso-legal\/\" \/>\n<meta property=\"og:locale\" content=\"pt_PT\" \/>\n<meta property=\"og:type\" content=\"article\" \/>\n<meta property=\"og:title\" content=\"Aviso Legal - Huurre\" \/>\n<meta property=\"og:description\" content=\"AVISO LEGAL O website e o dom\u00ednio huurreiberica.com s\u00e3o da compet\u00eancia da Huurre Ib\u00e9rica, S.A.U. (adiante designada por HUURRE), titular do NIPC A17202375 e com domic\u00edlio na Carretera C-65, km 16, Pol\u00edgono Industrial El Trust, de Cass\u00e0 de la Selva (CP 17244), correio eletr\u00f3nico huurre@huurreiberica.com, inscrita no Registo Comercial de Girona. Livro 596, Tomo 717, [&hellip;]\" \/>\n<meta property=\"og:url\" content=\"https:\/\/www.huurreiberica.com\/pt-pt\/aviso-legal\/\" \/>\n<meta property=\"og:site_name\" content=\"Huurre\" \/>\n<meta property=\"article:modified_time\" content=\"2024-11-26T17:28:27+00:00\" \/>\n<meta name=\"twitter:card\" content=\"summary_large_image\" \/>\n<meta name=\"twitter:label1\" content=\"Tempo estimado de leitura\" \/>\n\t<meta name=\"twitter:data1\" content=\"2 minutos\" \/>\n<script type=\"application\/ld+json\" class=\"yoast-schema-graph\">{\"@context\":\"https:\\\/\\\/schema.org\",\"@graph\":[{\"@type\":\"WebPage\",\"@id\":\"https:\\\/\\\/www.huurreiberica.com\\\/pt-pt\\\/aviso-legal\\\/\",\"url\":\"https:\\\/\\\/www.huurreiberica.com\\\/pt-pt\\\/aviso-legal\\\/\",\"name\":\"Aviso Legal - Huurre\",\"isPartOf\":{\"@id\":\"https:\\\/\\\/www.huurreiberica.com\\\/pt-pt\\\/#website\"},\"datePublished\":\"2024-10-07T14:54:20+00:00\",\"dateModified\":\"2024-11-26T17:28:27+00:00\",\"breadcrumb\":{\"@id\":\"https:\\\/\\\/www.huurreiberica.com\\\/pt-pt\\\/aviso-legal\\\/#breadcrumb\"},\"inLanguage\":\"pt-PT\",\"potentialAction\":[{\"@type\":\"ReadAction\",\"target\":[\"https:\\\/\\\/www.huurreiberica.com\\\/pt-pt\\\/aviso-legal\\\/\"]}]},{\"@type\":\"BreadcrumbList\",\"@id\":\"https:\\\/\\\/www.huurreiberica.com\\\/pt-pt\\\/aviso-legal\\\/#breadcrumb\",\"itemListElement\":[{\"@type\":\"ListItem\",\"position\":1,\"name\":\"Home\",\"item\":\"https:\\\/\\\/www.huurreiberica.com\\\/pt-pt\\\/\"},{\"@type\":\"ListItem\",\"position\":2,\"name\":\"Aviso Legal\"}]},{\"@type\":\"WebSite\",\"@id\":\"https:\\\/\\\/www.huurreiberica.com\\\/pt-pt\\\/#website\",\"url\":\"https:\\\/\\\/www.huurreiberica.com\\\/pt-pt\\\/\",\"name\":\"Huurre\",\"description\":\"Paneles aislantes para edificios eficientes y sostenibles | Fabricamos paneles para fachadas, paredes interiores,\",\"potentialAction\":[{\"@type\":\"SearchAction\",\"target\":{\"@type\":\"EntryPoint\",\"urlTemplate\":\"https:\\\/\\\/www.huurreiberica.com\\\/pt-pt\\\/?s={search_term_string}\"},\"query-input\":{\"@type\":\"PropertyValueSpecification\",\"valueRequired\":true,\"valueName\":\"search_term_string\"}}],\"inLanguage\":\"pt-PT\"}]}<\/script>\n<!-- \/ Yoast SEO plugin. -->","yoast_head_json":{"title":"Aviso Legal - Huurre","robots":{"index":"index","follow":"follow","max-snippet":"max-snippet:-1","max-image-preview":"max-image-preview:large","max-video-preview":"max-video-preview:-1"},"canonical":"https:\/\/www.huurreiberica.com\/pt-pt\/aviso-legal\/","og_locale":"pt_PT","og_type":"article","og_title":"Aviso Legal - Huurre","og_description":"AVISO LEGAL O website e o dom\u00ednio huurreiberica.com s\u00e3o da compet\u00eancia da Huurre Ib\u00e9rica, S.A.U. (adiante designada por HUURRE), titular do NIPC A17202375 e com domic\u00edlio na Carretera C-65, km 16, Pol\u00edgono Industrial El Trust, de Cass\u00e0 de la Selva (CP 17244), correio eletr\u00f3nico huurre@huurreiberica.com, inscrita no Registo Comercial de Girona. Livro 596, Tomo 717, [&hellip;]","og_url":"https:\/\/www.huurreiberica.com\/pt-pt\/aviso-legal\/","og_site_name":"Huurre","article_modified_time":"2024-11-26T17:28:27+00:00","twitter_card":"summary_large_image","twitter_misc":{"Tempo estimado de leitura":"2 minutos"},"schema":{"@context":"https:\/\/schema.org","@graph":[{"@type":"WebPage","@id":"https:\/\/www.huurreiberica.com\/pt-pt\/aviso-legal\/","url":"https:\/\/www.huurreiberica.com\/pt-pt\/aviso-legal\/","name":"Aviso Legal - Huurre","isPartOf":{"@id":"https:\/\/www.huurreiberica.com\/pt-pt\/#website"},"datePublished":"2024-10-07T14:54:20+00:00","dateModified":"2024-11-26T17:28:27+00:00","breadcrumb":{"@id":"https:\/\/www.huurreiberica.com\/pt-pt\/aviso-legal\/#breadcrumb"},"inLanguage":"pt-PT","potentialAction":[{"@type":"ReadAction","target":["https:\/\/www.huurreiberica.com\/pt-pt\/aviso-legal\/"]}]},{"@type":"BreadcrumbList","@id":"https:\/\/www.huurreiberica.com\/pt-pt\/aviso-legal\/#breadcrumb","itemListElement":[{"@type":"ListItem","position":1,"name":"Home","item":"https:\/\/www.huurreiberica.com\/pt-pt\/"},{"@type":"ListItem","position":2,"name":"Aviso Legal"}]},{"@type":"WebSite","@id":"https:\/\/www.huurreiberica.com\/pt-pt\/#website","url":"https:\/\/www.huurreiberica.com\/pt-pt\/","name":"Huurre","description":"Paneles aislantes para edificios eficientes y sostenibles | Fabricamos paneles para fachadas, paredes interiores,","potentialAction":[{"@type":"SearchAction","target":{"@type":"EntryPoint","urlTemplate":"https:\/\/www.huurreiberica.com\/pt-pt\/?s={search_term_string}"},"query-input":{"@type":"PropertyValueSpecification","valueRequired":true,"valueName":"search_term_string"}}],"inLanguage":"pt-PT"}]}},"featured_image_src":null,"featured_image_src_square":null,"_links":{"self":[{"href":"https:\/\/www.huurreiberica.com\/pt-pt\/wp-json\/wp\/v2\/pages\/4716","targetHints":{"allow":["GET"]}}],"collection":[{"href":"https:\/\/www.huurreiberica.com\/pt-pt\/wp-json\/wp\/v2\/pages"}],"about":[{"href":"https:\/\/www.huurreiberica.com\/pt-pt\/wp-json\/wp\/v2\/types\/page"}],"author":[{"embeddable":true,"href":"https:\/\/www.huurreiberica.com\/pt-pt\/wp-json\/wp\/v2\/users\/1"}],"replies":[{"embeddable":true,"href":"https:\/\/www.huurreiberica.com\/pt-pt\/wp-json\/wp\/v2\/comments?post=4716"}],"version-history":[{"count":3,"href":"https:\/\/www.huurreiberica.com\/pt-pt\/wp-json\/wp\/v2\/pages\/4716\/revisions"}],"predecessor-version":[{"id":10613,"href":"https:\/\/www.huurreiberica.com\/pt-pt\/wp-json\/wp\/v2\/pages\/4716\/revisions\/10613"}],"wp:attachment":[{"href":"https:\/\/www.huurreiberica.com\/pt-pt\/wp-json\/wp\/v2\/media?parent=4716"}],"curies":[{"name":"wp","href":"https:\/\/api.w.org\/{rel}","templated":true}]}}