{"id":4734,"date":"2024-10-07T17:03:01","date_gmt":"2024-10-07T15:03:01","guid":{"rendered":"https:\/\/unrivalled-manx-5b8ed1.instawp.xyz\/politica-de-cookies\/"},"modified":"2024-11-26T18:28:55","modified_gmt":"2024-11-26T17:28:55","slug":"politica-de-cookies","status":"publish","type":"page","link":"https:\/\/www.huurreiberica.com\/pt-pt\/politica-de-cookies\/","title":{"rendered":"Pol\u00edtica de Cookies"},"content":{"rendered":"\n<div style=\"height:100px\" aria-hidden=\"true\" class=\"wp-block-spacer\"><\/div>\n\n\n\n<div class=\"wp-block-group wrap simple-text-control\"><div class=\"wp-block-group__inner-container is-layout-constrained wp-block-group-is-layout-constrained\">\n<h1 class=\"wp-block-heading\">Pol\u00edtica de Cookies<\/h1>\n\n\n\n<p>Os cookies s\u00e3o pequenos relat\u00f3rios que s\u00e3o enviados e armazenados no disco r\u00edgido do computador do utilizador atrav\u00e9s de seu navegador quando ele se conecta a um web. Os cookies podem ser usados para recolher e armazenar dados do utilizador enquanto estiver conectado para fornecer-lhe os servi\u00e7os solicitados.<\/p>\n\n\n\n<p>Existem v\u00e1rios tipos de cookies:<\/p>\n\n\n\n<ul class=\"wp-block-list\">\n<li><strong>Cookies t\u00e9cnicas,<\/strong> que facilitam a navega\u00e7\u00e3o do utilizador e a utiliza\u00e7\u00e3o das v\u00e1rias op\u00e7\u00f5es ou servi\u00e7os oferecidos pela web como identificar a sess\u00e3o, permitir o acesso a determinadas \u00e1reas, facilitam encomendas, compras, preenchimento de formul\u00e1rios, registo, seguran\u00e7a, facilitando funcionalidades (v\u00eddeos, redes sociais, etc).<\/li>\n\n\n\n<li><strong>Cookies de personaliza\u00e7\u00e3o,<\/strong> que permitem aos utilizadores aceder os servi\u00e7os de acordo com suas prefer\u00eancias (linguagem, navegador, configura\u00e7\u00e3o, etc).<\/li>\n\n\n\n<li><strong>Cookies anal\u00edticas,<\/strong> que permitem uma an\u00e1lise an\u00f4nima do comportamento dos utilizadores da web e permitem medir a atividade do utilizador e desenvolver perfis de navega\u00e7\u00e3o, a fim de melhorar os sites.<\/li>\n<\/ul>\n\n\n\n<p>Ent\u00e3o, quando aceder ao nosso website, em conformidade com o artigo 22 da Lei 34\/2002 dos Servi\u00e7os da Sociedade da Informa\u00e7\u00e3o, no tratamento cookies anal\u00edtica, pedimos o seu consentimento para a sua utiliza\u00e7\u00e3o. Tudo isso \u00e9 para melhorar os nossos servi\u00e7os.<\/p>\n\n\n\n<p>Usamos o Google Analytics para recolher informa\u00e7\u00f5es estat\u00edsticas an\u00f4nimas, tais como o n\u00famero de visitantes do nosso site. Os Cookies adicionados pelo Google Analytics s\u00e3o geridos pelas pol\u00edticas de privacidade do Google Analytics. Se quiser, pode desativar os cookies do Google Analytics.<\/p>\n\n\n\n<p>No entanto, note que voc\u00ea pode ativar ou desativar os cookies seguindo as instru\u00e7\u00f5es do seu navegador.<\/p>\n<\/div><\/div>\n\n\n\n<div style=\"height:100px\" aria-hidden=\"true\" class=\"wp-block-spacer\"><\/div>\n","protected":false},"excerpt":{"rendered":"<p>Pol\u00edtica de Cookies Os cookies s\u00e3o pequenos relat\u00f3rios que s\u00e3o enviados e armazenados no disco r\u00edgido do computador do utilizador atrav\u00e9s de seu navegador quando ele se conecta a um web. Os cookies podem ser usados para recolher e armazenar dados do utilizador enquanto estiver conectado para fornecer-lhe os servi\u00e7os solicitados. Existem v\u00e1rios tipos de [&hellip;]<\/p>\n","protected":false},"author":1,"featured_media":0,"parent":0,"menu_order":0,"comment_status":"closed","ping_status":"closed","template":"page-templates\/page-full-width.php","meta":{"_acf_changed":false,"_oasis_is_in_workflow":0,"_oasis_original":0,"_oasis_task_priority":"2normal","_genesis_hide_title":false,"_genesis_hide_breadcrumbs":false,"_genesis_hide_singular_image":false,"_genesis_hide_footer_widgets":false,"_genesis_custom_body_class":"","_genesis_custom_post_class":"","_genesis_layout":"","footnotes":""},"class_list":{"0":"post-4734","1":"page","2":"type-page","3":"status-publish","5":"entry"},"acf":[],"yoast_head":"<!-- This site is optimized with the Yoast SEO plugin v27.3 - https:\/\/yoast.com\/product\/yoast-seo-wordpress\/ -->\n<title>Pol\u00edtica de Cookies - Huurre<\/title>\n<meta name=\"robots\" content=\"index, follow, max-snippet:-1, max-image-preview:large, max-video-preview:-1\" \/>\n<link rel=\"canonical\" href=\"https:\/\/www.huurreiberica.com\/pt-pt\/politica-de-cookies\/\" \/>\n<meta property=\"og:locale\" content=\"pt_PT\" \/>\n<meta property=\"og:type\" content=\"article\" \/>\n<meta property=\"og:title\" content=\"Pol\u00edtica de Cookies - Huurre\" \/>\n<meta property=\"og:description\" content=\"Pol\u00edtica de Cookies Os cookies s\u00e3o pequenos relat\u00f3rios que s\u00e3o enviados e armazenados no disco r\u00edgido do computador do utilizador atrav\u00e9s de seu navegador quando ele se conecta a um web. Os cookies podem ser usados para recolher e armazenar dados do utilizador enquanto estiver conectado para fornecer-lhe os servi\u00e7os solicitados. Existem v\u00e1rios tipos de [&hellip;]\" \/>\n<meta property=\"og:url\" content=\"https:\/\/www.huurreiberica.com\/pt-pt\/politica-de-cookies\/\" \/>\n<meta property=\"og:site_name\" content=\"Huurre\" \/>\n<meta property=\"article:modified_time\" content=\"2024-11-26T17:28:55+00:00\" \/>\n<meta name=\"twitter:card\" content=\"summary_large_image\" \/>\n<meta name=\"twitter:label1\" content=\"Tempo estimado de leitura\" \/>\n\t<meta name=\"twitter:data1\" content=\"2 minutos\" \/>\n<script type=\"application\/ld+json\" class=\"yoast-schema-graph\">{\"@context\":\"https:\\\/\\\/schema.org\",\"@graph\":[{\"@type\":\"WebPage\",\"@id\":\"https:\\\/\\\/www.huurreiberica.com\\\/pt-pt\\\/politica-de-cookies\\\/\",\"url\":\"https:\\\/\\\/www.huurreiberica.com\\\/pt-pt\\\/politica-de-cookies\\\/\",\"name\":\"Pol\u00edtica de Cookies - Huurre\",\"isPartOf\":{\"@id\":\"https:\\\/\\\/www.huurreiberica.com\\\/pt-pt\\\/#website\"},\"datePublished\":\"2024-10-07T15:03:01+00:00\",\"dateModified\":\"2024-11-26T17:28:55+00:00\",\"breadcrumb\":{\"@id\":\"https:\\\/\\\/www.huurreiberica.com\\\/pt-pt\\\/politica-de-cookies\\\/#breadcrumb\"},\"inLanguage\":\"pt-PT\",\"potentialAction\":[{\"@type\":\"ReadAction\",\"target\":[\"https:\\\/\\\/www.huurreiberica.com\\\/pt-pt\\\/politica-de-cookies\\\/\"]}]},{\"@type\":\"BreadcrumbList\",\"@id\":\"https:\\\/\\\/www.huurreiberica.com\\\/pt-pt\\\/politica-de-cookies\\\/#breadcrumb\",\"itemListElement\":[{\"@type\":\"ListItem\",\"position\":1,\"name\":\"Home\",\"item\":\"https:\\\/\\\/www.huurreiberica.com\\\/pt-pt\\\/\"},{\"@type\":\"ListItem\",\"position\":2,\"name\":\"Pol\u00edtica de Cookies\"}]},{\"@type\":\"WebSite\",\"@id\":\"https:\\\/\\\/www.huurreiberica.com\\\/pt-pt\\\/#website\",\"url\":\"https:\\\/\\\/www.huurreiberica.com\\\/pt-pt\\\/\",\"name\":\"Huurre\",\"description\":\"Paneles aislantes para edificios eficientes y sostenibles | Fabricamos paneles para fachadas, paredes interiores,\",\"potentialAction\":[{\"@type\":\"SearchAction\",\"target\":{\"@type\":\"EntryPoint\",\"urlTemplate\":\"https:\\\/\\\/www.huurreiberica.com\\\/pt-pt\\\/?s={search_term_string}\"},\"query-input\":{\"@type\":\"PropertyValueSpecification\",\"valueRequired\":true,\"valueName\":\"search_term_string\"}}],\"inLanguage\":\"pt-PT\"}]}<\/script>\n<!-- \/ Yoast SEO plugin. -->","yoast_head_json":{"title":"Pol\u00edtica de Cookies - Huurre","robots":{"index":"index","follow":"follow","max-snippet":"max-snippet:-1","max-image-preview":"max-image-preview:large","max-video-preview":"max-video-preview:-1"},"canonical":"https:\/\/www.huurreiberica.com\/pt-pt\/politica-de-cookies\/","og_locale":"pt_PT","og_type":"article","og_title":"Pol\u00edtica de Cookies - Huurre","og_description":"Pol\u00edtica de Cookies Os cookies s\u00e3o pequenos relat\u00f3rios que s\u00e3o enviados e armazenados no disco r\u00edgido do computador do utilizador atrav\u00e9s de seu navegador quando ele se conecta a um web. Os cookies podem ser usados para recolher e armazenar dados do utilizador enquanto estiver conectado para fornecer-lhe os servi\u00e7os solicitados. Existem v\u00e1rios tipos de [&hellip;]","og_url":"https:\/\/www.huurreiberica.com\/pt-pt\/politica-de-cookies\/","og_site_name":"Huurre","article_modified_time":"2024-11-26T17:28:55+00:00","twitter_card":"summary_large_image","twitter_misc":{"Tempo estimado de leitura":"2 minutos"},"schema":{"@context":"https:\/\/schema.org","@graph":[{"@type":"WebPage","@id":"https:\/\/www.huurreiberica.com\/pt-pt\/politica-de-cookies\/","url":"https:\/\/www.huurreiberica.com\/pt-pt\/politica-de-cookies\/","name":"Pol\u00edtica de Cookies - Huurre","isPartOf":{"@id":"https:\/\/www.huurreiberica.com\/pt-pt\/#website"},"datePublished":"2024-10-07T15:03:01+00:00","dateModified":"2024-11-26T17:28:55+00:00","breadcrumb":{"@id":"https:\/\/www.huurreiberica.com\/pt-pt\/politica-de-cookies\/#breadcrumb"},"inLanguage":"pt-PT","potentialAction":[{"@type":"ReadAction","target":["https:\/\/www.huurreiberica.com\/pt-pt\/politica-de-cookies\/"]}]},{"@type":"BreadcrumbList","@id":"https:\/\/www.huurreiberica.com\/pt-pt\/politica-de-cookies\/#breadcrumb","itemListElement":[{"@type":"ListItem","position":1,"name":"Home","item":"https:\/\/www.huurreiberica.com\/pt-pt\/"},{"@type":"ListItem","position":2,"name":"Pol\u00edtica de Cookies"}]},{"@type":"WebSite","@id":"https:\/\/www.huurreiberica.com\/pt-pt\/#website","url":"https:\/\/www.huurreiberica.com\/pt-pt\/","name":"Huurre","description":"Paneles aislantes para edificios eficientes y sostenibles | Fabricamos paneles para fachadas, paredes interiores,","potentialAction":[{"@type":"SearchAction","target":{"@type":"EntryPoint","urlTemplate":"https:\/\/www.huurreiberica.com\/pt-pt\/?s={search_term_string}"},"query-input":{"@type":"PropertyValueSpecification","valueRequired":true,"valueName":"search_term_string"}}],"inLanguage":"pt-PT"}]}},"featured_image_src":null,"featured_image_src_square":null,"_links":{"self":[{"href":"https:\/\/www.huurreiberica.com\/pt-pt\/wp-json\/wp\/v2\/pages\/4734","targetHints":{"allow":["GET"]}}],"collection":[{"href":"https:\/\/www.huurreiberica.com\/pt-pt\/wp-json\/wp\/v2\/pages"}],"about":[{"href":"https:\/\/www.huurreiberica.com\/pt-pt\/wp-json\/wp\/v2\/types\/page"}],"author":[{"embeddable":true,"href":"https:\/\/www.huurreiberica.com\/pt-pt\/wp-json\/wp\/v2\/users\/1"}],"replies":[{"embeddable":true,"href":"https:\/\/www.huurreiberica.com\/pt-pt\/wp-json\/wp\/v2\/comments?post=4734"}],"version-history":[{"count":3,"href":"https:\/\/www.huurreiberica.com\/pt-pt\/wp-json\/wp\/v2\/pages\/4734\/revisions"}],"predecessor-version":[{"id":10622,"href":"https:\/\/www.huurreiberica.com\/pt-pt\/wp-json\/wp\/v2\/pages\/4734\/revisions\/10622"}],"wp:attachment":[{"href":"https:\/\/www.huurreiberica.com\/pt-pt\/wp-json\/wp\/v2\/media?parent=4734"}],"curies":[{"name":"wp","href":"https:\/\/api.w.org\/{rel}","templated":true}]}}