{"id":543,"date":"2024-01-08T11:35:00","date_gmt":"2024-01-08T10:35:00","guid":{"rendered":"https:\/\/unrivalled-manx-5b8ed1.instawp.xyz\/sobre-huuree\/"},"modified":"2026-04-16T12:00:48","modified_gmt":"2026-04-16T10:00:48","slug":"sobre-huuree","status":"publish","type":"page","link":"https:\/\/www.huurreiberica.com\/pt-pt\/sobre-huuree\/","title":{"rendered":"Sobre Huurre"},"content":{"rendered":"\n<h2 class=\"wp-block-heading\">Experi\u00eancia<\/h2>\n\n\n\n<script type=\"text\/javascript\">\n    \n    jQuery(function($) {\n        $( \"#accordion\" ).accordion({\n          heightStyle: \"content\",\n        });\n    });\n\n<\/script>\n\n\n<div id=\"block-acordeon-block_8203ffa9d9128ac5b6f78ce971ba6a66\" class=\"block-acordeon\">\n\n    <div id=\"accordion\" class=\"list-acordeon\">\n                    <h3><span>L\u00edder da ind\u00fastria<\/span><\/h3>\n            <div class=\"texto\">\n                <div class=\"control\">\n                    <p>A Huurre \u00e9 um fabricante de pain\u00e9is sandu\u00edche isolantes e sistemas construtivos para envolventes met\u00e1licas, fachadas e coberturas. A empresa possui um percurso consolidado e experi\u00eancia no fornecimento de solu\u00e7\u00f5es para os setores industrial, agroalimentar, terci\u00e1rio e da constru\u00e7\u00e3o. A sua atividade centra-se no desenvolvimento e fabrico de produtos, na aplica\u00e7\u00e3o de solu\u00e7\u00f5es construtivas e na presta\u00e7\u00e3o de servi\u00e7os associados aos seus clientes.<\/p>\n                <\/div>\n            <\/div>\n                    <h3><span>Equipa humana especializada<\/span><\/h3>\n            <div class=\"texto\">\n                <div class=\"control\">\n                    <p>Um dos maiores trunfos da Huurre \u00e9 a sua equipa humana; um grupo de profissionais altamente qualificados, experientes e proativos, focados no desenvolvimento de solu\u00e7\u00f5es inovadoras e eficientes para satisfazer as necessidades dos seus clientes.<\/p>\n<p style=\"text-align: center\"><a title=\"Contacte os nossos escrit\u00f3rios ou o agente comercial mais pr\u00f3ximo para receber os conselhos necess\u00e1rios.\" href=\"\/pt-pt\/contato\/\" target=\"_blank\" rel=\"noopener\">Contacte os nossos escrit\u00f3rios ou o agente comercial mais pr\u00f3ximo para receber os conselhos necess\u00e1rios.<\/a><\/p>\n                <\/div>\n            <\/div>\n                    <h3><span>F\u00f3runs de conhecimento<\/span><\/h3>\n            <div class=\"texto\">\n                <div class=\"control\">\n                    <p>Atualmente, e gra\u00e7as ao extenso know-how adquirido, a Huurre est\u00e1 presente nos mais destacados f\u00f3runs de gera\u00e7\u00e3o de conhecimento, investiga\u00e7\u00e3o e desenvolvimento de sistemas de pain\u00e9is isolantes.<\/p>\n<p>&nbsp;<\/p>\n<table style=\"width: 100%;border-collapse: collapse\">\n<tbody>\n<tr>\n<td style=\"text-align: center;padding: 10px;vertical-align: middle\"><img decoding=\"async\" style=\"max-width: 210px;max-height: 130px;height: auto;width: auto\" src=\"\/wp-content\/uploads\/2024\/09\/AENOR.png\" alt=\"logo-aenor\" \/><\/td>\n<td style=\"text-align: center;padding: 10px;vertical-align: middle\"><img decoding=\"async\" style=\"max-width: 180px;max-height: 130px;height: auto;width: auto\" src=\"\/wp-content\/uploads\/2024\/09\/COASHIQ.png\" alt=\"logo-coashiq\" \/><\/td>\n<td style=\"text-align: center;padding: 10px;vertical-align: middle\"><img decoding=\"async\" style=\"max-width: 180px;max-height: 130px;height: auto;width: auto\" src=\"\/wp-content\/uploads\/2024\/09\/Captura_de_pantalla_2024-09-10_123324-removebg-preview.png\" alt=\"logo-ceec\" \/><\/td>\n<td style=\"text-align: center;padding: 10px;vertical-align: middle\"><img decoding=\"async\" style=\"max-width: 160px;max-height: 130px;height: auto;width: auto\" src=\"\/wp-content\/uploads\/2024\/09\/CEPREVEN.png\" alt=\"Cepreven\" \/><\/td>\n<\/tr>\n<tr>\n<td style=\"text-align: center;padding: 10px;vertical-align: middle\"><img decoding=\"async\" style=\"max-width: 160px;max-height: 130px;height: auto;width: auto\" src=\"\/wp-content\/uploads\/2024\/09\/Captura_de_pantalla_2024-09-10_123634-removebg-preview.png\" alt=\"CEN\" \/><\/td>\n<td style=\"text-align: center;padding: 10px;vertical-align: middle\"><img decoding=\"async\" style=\"max-width: 180px;max-height: 130px;height: auto;width: auto\" src=\"\/wp-content\/uploads\/2024\/09\/EUROPEAN-ASOCIATION-FOR-PANELS.png\" alt=\"logo-european-asociation-for-panels\" \/><\/td>\n<td style=\"text-align: center;padding: 10px;vertical-align: middle\"><img decoding=\"async\" style=\"max-width: 130px;max-height: 110px;height: auto;width: auto\" src=\"\/wp-content\/uploads\/2024\/09\/images-removebg-preview.png\" alt=\"CEN\" \/><\/td>\n<td style=\"text-align: center;padding: 10px;vertical-align: middle\"><img decoding=\"async\" style=\"max-width: 150px;max-height: 130px;height: auto;width: auto\" src=\"\/wp-content\/uploads\/2024\/09\/IPUR.webp\" alt=\"PUR\" \/><\/td>\n<\/tr>\n<tr>\n<td style=\"text-align: center;padding: 10px;vertical-align: middle\"><img style=\"max-width: 160px;max-height: 130px;height: auto;width: auto\" alt=\"\" \/><\/td>\n<td style=\"text-align: center;padding: 10px;vertical-align: middle\" colspan=\"2\"><img decoding=\"async\" style=\"max-width: 180px;max-height: 130px;height: auto;width: auto\" src=\"\/wp-content\/uploads\/2025\/02\/AFEPP-Logo-2-2.pdf.jpg\" alt=\"logo-aafep\" \/><\/td>\n<td style=\"text-align: center;padding: 10px;vertical-align: middle\"><img style=\"max-width: 130px;max-height: 110px;height: auto;width: auto\" alt=\"\" \/><\/td>\n<td style=\"text-align: center;padding: 10px;vertical-align: middle\"><img style=\"max-width: 150px;max-height: 130px;height: auto;width: auto\" alt=\"\" \/><\/td>\n<\/tr>\n<\/tbody>\n<\/table>\n                <\/div>\n            <\/div>\n                    <h3><span>Sobre pain\u00e9is isolados Kingspan &#8211; Southern Europe<\/span><\/h3>\n            <div class=\"texto\">\n                <div class=\"control\">\n                    <p>&nbsp;<\/p>\n<p>A divis\u00e3o Kingspan Insulated Panels na nossa regi\u00e3o \u00e9 composta por tr\u00eas empresas l\u00edderes de materiais de constru\u00e7\u00e3o, cada uma especializada em solu\u00e7\u00f5es inovadoras e de alta qualidade.<\/p>\n<p>&nbsp;<\/p>\n<p><img loading=\"lazy\" decoding=\"async\" class=\"alignnone  wp-image-290\" src=\"https:\/\/www.huurreiberica.com\/wp-content\/uploads\/2024\/01\/logo-hurre-horrizontal-300x41.png\" alt=\"\" width=\"212\" height=\"29\" srcset=\"https:\/\/www.huurreiberica.com\/wp-content\/uploads\/2024\/01\/logo-hurre-horrizontal-300x41.png 300w, https:\/\/www.huurreiberica.com\/wp-content\/uploads\/2024\/01\/logo-hurre-horrizontal.png 532w\" sizes=\"auto, (max-width: 212px) 100vw, 212px\" \/><\/p>\n<p>A Huurre Ib\u00e9rica, localizada em Cass\u00e0 de la Selva, dedica-se \u00e0 concep\u00e7\u00e3o e fabrico de pain\u00e9is isolantes e c\u00e2maras frigor\u00edficas, oferecendo solu\u00e7\u00f5es avan\u00e7adas para a ind\u00fastria alimentar e log\u00edstica. Pode saber mais sobre os seus produtos e servi\u00e7os visitando\u00a0www.huurreiberica.com<\/p>\n<p>&nbsp;<\/p>\n<p><img loading=\"lazy\" decoding=\"async\" class=\"alignnone  wp-image-9365\" src=\"https:\/\/www.huurreiberica.com\/wp-content\/uploads\/2024\/09\/KINGSPAN_TECZONE_logotipo-H-color_positivo-300x84.png\" alt=\"\" width=\"225\" height=\"63\" srcset=\"https:\/\/www.huurreiberica.com\/wp-content\/uploads\/2024\/09\/KINGSPAN_TECZONE_logotipo-H-color_positivo-300x84.png 300w, https:\/\/www.huurreiberica.com\/wp-content\/uploads\/2024\/09\/KINGSPAN_TECZONE_logotipo-H-color_positivo-1024x287.png 1024w, https:\/\/www.huurreiberica.com\/wp-content\/uploads\/2024\/09\/KINGSPAN_TECZONE_logotipo-H-color_positivo-768x215.png 768w, https:\/\/www.huurreiberica.com\/wp-content\/uploads\/2024\/09\/KINGSPAN_TECZONE_logotipo-H-color_positivo-1536x430.png 1536w, https:\/\/www.huurreiberica.com\/wp-content\/uploads\/2024\/09\/KINGSPAN_TECZONE_logotipo-H-color_positivo.png 1772w\" sizes=\"auto, (max-width: 225px) 100vw, 225px\" \/><\/p>\n<p style=\"margin-top: 25px\">Kingspan | Teczone, com sede em Burgos, \u00e9 especializada na produ\u00e7\u00e3o de perfis met\u00e1licos, estruturas divis\u00f3rias e sistemas de fecho para constru\u00e7\u00e3o, destacando-se pela sua capacidade de personaliza\u00e7\u00e3o e compromisso com o valor arquitet\u00f3nico do seu projeto. Para mais informa\u00e7\u00f5es, visite <a href=\"https:\/\/www.teczone.es\/index.php\/pt\/\">www.teczone.es<\/a><\/p>\n<p>&nbsp;<\/p>\n<p><img loading=\"lazy\" decoding=\"async\" class=\"alignnone  wp-image-9361\" src=\"https:\/\/www.huurreiberica.com\/wp-content\/uploads\/2024\/09\/KINGSPAN-INVESPANEL_4T-positiu-300x75.png\" alt=\"\" width=\"228\" height=\"57\" srcset=\"https:\/\/www.huurreiberica.com\/wp-content\/uploads\/2024\/09\/KINGSPAN-INVESPANEL_4T-positiu-300x75.png 300w, https:\/\/www.huurreiberica.com\/wp-content\/uploads\/2024\/09\/KINGSPAN-INVESPANEL_4T-positiu-1024x255.png 1024w, https:\/\/www.huurreiberica.com\/wp-content\/uploads\/2024\/09\/KINGSPAN-INVESPANEL_4T-positiu-768x191.png 768w, https:\/\/www.huurreiberica.com\/wp-content\/uploads\/2024\/09\/KINGSPAN-INVESPANEL_4T-positiu-1536x383.png 1536w, https:\/\/www.huurreiberica.com\/wp-content\/uploads\/2024\/09\/KINGSPAN-INVESPANEL_4T-positiu.png 1829w\" sizes=\"auto, (max-width: 228px) 100vw, 228px\" \/><\/p>\n<p style=\"margin-top: 25px\">Kingspan | Invespanel oferece sistemas construtivos com pain\u00e9is sandu\u00edche especialmente concebidos para salas limpas, laborat\u00f3rios, data centers e setores especializados como o farmac\u00eautico, garantindo solu\u00e7\u00f5es de elevada efici\u00eancia e desempenho em ambientes controlados. Descubra mais sobre os seus produtos inovadores em <a href=\"https:\/\/invespanel.com\/\">www.invespanel.com<\/a><\/p>\n<p>&nbsp;<\/p>\n<p><img loading=\"lazy\" decoding=\"async\" class=\"alignnone  wp-image-17366\" src=\"https:\/\/www.huurreiberica.com\/wp-content\/uploads\/2025\/07\/Logo-KINGSPAN-THU-CEILING-SOLUTIONS-COLOR-300x76.png\" alt=\"\" width=\"212\" height=\"54\" srcset=\"https:\/\/www.huurreiberica.com\/wp-content\/uploads\/2025\/07\/Logo-KINGSPAN-THU-CEILING-SOLUTIONS-COLOR-300x76.png 300w, https:\/\/www.huurreiberica.com\/wp-content\/uploads\/2025\/07\/Logo-KINGSPAN-THU-CEILING-SOLUTIONS-COLOR-1024x259.png 1024w, https:\/\/www.huurreiberica.com\/wp-content\/uploads\/2025\/07\/Logo-KINGSPAN-THU-CEILING-SOLUTIONS-COLOR-768x194.png 768w, https:\/\/www.huurreiberica.com\/wp-content\/uploads\/2025\/07\/Logo-KINGSPAN-THU-CEILING-SOLUTIONS-COLOR-1536x389.png 1536w, https:\/\/www.huurreiberica.com\/wp-content\/uploads\/2025\/07\/Logo-KINGSPAN-THU-CEILING-SOLUTIONS-COLOR-2048x518.png 2048w\" sizes=\"auto, (max-width: 212px) 100vw, 212px\" \/><\/p>\n<p>A THU Ceiling Solutions \u00e9 uma empresa valenciana com mais de 30 anos de experi\u00eancia na fabrica\u00e7\u00e3o de tetos met\u00e1licos e sistemas de perfis, que se posiciona como um fornecedor inovador com solu\u00e7\u00f5es sustent\u00e1veis e recicl\u00e1veis, focadas no design e no comportamento ac\u00fastico para arquitetos e designers de interiores. Saiba mais sobre as solu\u00e7\u00f5es de tetos arquitet\u00f3nicos aqui: <a href=\"https:\/\/thu.es\/\">www.thu.es<\/a><\/p>\n<p>&nbsp;<\/p>\n<p>&nbsp;<\/p>\n                <\/div>\n            <\/div>\n                    <h3><span>Sobre Grupo Kingspan<\/span><\/h3>\n            <div class=\"texto\">\n                <div class=\"control\">\n                    <p><img loading=\"lazy\" decoding=\"async\" class=\"alignnone  wp-image-308\" src=\"https:\/\/www.huurreiberica.com\/wp-content\/uploads\/2024\/01\/kingspan-300x156.png\" alt=\"\" width=\"181\" height=\"94\" srcset=\"https:\/\/www.huurreiberica.com\/wp-content\/uploads\/2024\/01\/kingspan-300x156.png 300w, https:\/\/www.huurreiberica.com\/wp-content\/uploads\/2024\/01\/kingspan.png 505w\" sizes=\"auto, (max-width: 181px) 100vw, 181px\" \/><\/p>\n<p>A Kingspan desenvolve solu\u00e7\u00f5es de isolamento e sistemas de envolvente para edif\u00edcios. A sua atividade visa reduzir o impacto ambiental do setor da constru\u00e7\u00e3o, com foco na efici\u00eancia energ\u00e9tica, na seguran\u00e7a e no bem-estar das pessoas.<\/p>\n<p>A divis\u00e3o de pain\u00e9is isolantes da Kingspan fabrica sistemas de pain\u00e9is isolantes destinados a aplica\u00e7\u00f5es em envolvente de edif\u00edcios. A sua oferta inclui uma gama de n\u00facleos de isolamento que vai desde solu\u00e7\u00f5es de fibra mineral de classe A at\u00e9 \u00e0 tecnologia QuadCore\u00ae desenvolvida pela Kingspan. Estas solu\u00e7\u00f5es foram concebidas para cumprir os diversos requisitos normativos e para utiliza\u00e7\u00e3o em sistemas de constru\u00e7\u00e3o industrializados, em oposi\u00e7\u00e3o aos m\u00e9todos tradicionais de montagem por camadas.<\/p>\n<p>A tecnologia QuadCore\u00ae \u00e9 uma solu\u00e7\u00e3o desenvolvida pela Kingspan para aplica\u00e7\u00f5es em pain\u00e9is isolantes, orientada para proporcionar um desempenho t\u00e9rmico e contribuir para a estanqueidade dos edif\u00edcios, de acordo com as especifica\u00e7\u00f5es t\u00e9cnicas do produto.<\/p>\n<p>A divis\u00e3o de pain\u00e9is isolantes da Kingspan tamb\u00e9m fornece solu\u00e7\u00f5es para fachadas arquitet\u00f3nicas, bem como sistemas de juntas elevadas em determinados mercados, em fun\u00e7\u00e3o das necessidades do projeto e da \u00e1rea geogr\u00e1fica.<\/p>\n                <\/div>\n            <\/div>\n            <\/div>\n       \n   \n<\/div>\n\n\n\n\n<div style=\"height:100px\" aria-hidden=\"true\" class=\"wp-block-spacer\"><\/div>\n\n\n\n\n\n<div id=\"block-cifras-block_19a5e6eb02c6f38b784da8d2204ff814\" class=\"block-cifras\">\n\n    <div class=\"wrap\">\n        <h2>Huurre em n\u00fameros<\/h2>\n        <div class=\"cifras-list\">\n            <div class=\"single-cifra single-cifra-1\">\n                <p class=\"first\">98 M\u20ac<\/p>\n                <p class=\"what\">Faturamento anual<\/p>\n            <\/div>\n            <div class=\"single-cifra single-cifra-2\">\n                 <p class=\"first\">30 pa\u00edses<\/p>\n                Presen\u00e7a internacional            <\/div>\n            <div class=\"single-cifra single-cifra-3\">\n                 <p class=\"first\">18.000 m2<\/p>\n                Capacidade de produ\u00e7\u00e3o di\u00e1ria            <\/div>\n            <div class=\"single-cifra single-cifra-4\">\n                 <p class=\"first\">40% export<\/p>\n                            <\/div>\n            <div class=\"single-cifra single-cifra-5\">\n                 <p class=\"first\">Mais de 100<\/p>\n                Trabalhadores qualificados            <\/div>\n            <div class=\"single-cifra single-cifra-6\">\n                 <p class=\"first\">50.000 m2<\/p>\n                Superf\u00edcie para produ\u00e7\u00e3o            <\/div>\n        <\/div>\n    <\/div>\n   \n<\/div>\n\n","protected":false},"excerpt":{"rendered":"<p>Experi\u00eancia<\/p>\n","protected":false},"author":1,"featured_media":0,"parent":0,"menu_order":0,"comment_status":"closed","ping_status":"closed","template":"page-templates\/page-sobre-huurre.php","meta":{"_acf_changed":false,"_oasis_is_in_workflow":0,"_oasis_original":0,"_oasis_task_priority":"2normal","_genesis_hide_title":false,"_genesis_hide_breadcrumbs":false,"_genesis_hide_singular_image":false,"_genesis_hide_footer_widgets":false,"_genesis_custom_body_class":"","_genesis_custom_post_class":"","_genesis_layout":"","footnotes":""},"class_list":{"0":"post-543","1":"page","2":"type-page","3":"status-publish","5":"entry"},"acf":[],"yoast_head":"<!-- This site is optimized with the Yoast SEO plugin v27.3 - https:\/\/yoast.com\/product\/yoast-seo-wordpress\/ -->\n<title>Sobre Huurre - Huurre<\/title>\n<meta name=\"description\" content=\"Com uma longa trajet\u00f3ria e vasta experi\u00eancia, a Huurre consolida-se como fornecedora dos setores industrial, agroalimentar, terci\u00e1rio e da constru\u00e7\u00e3o, gra\u00e7as \u00e0 excel\u00eancia e qualidade dos seus produtos, \u00e0 sua forte voca\u00e7\u00e3o inovadora, ao seu excelente servi\u00e7o e \u00e0 sua fidelidade ao cliente.\" \/>\n<meta name=\"robots\" content=\"index, follow, max-snippet:-1, max-image-preview:large, max-video-preview:-1\" \/>\n<link rel=\"canonical\" href=\"https:\/\/www.huurreiberica.com\/pt-pt\/sobre-huuree\/\" \/>\n<meta property=\"og:locale\" content=\"pt_PT\" \/>\n<meta property=\"og:type\" content=\"article\" \/>\n<meta property=\"og:title\" content=\"Sobre Huurre - Huurre\" \/>\n<meta property=\"og:description\" content=\"Com uma longa trajet\u00f3ria e vasta experi\u00eancia, a Huurre consolida-se como fornecedora dos setores industrial, agroalimentar, terci\u00e1rio e da constru\u00e7\u00e3o, gra\u00e7as \u00e0 excel\u00eancia e qualidade dos seus produtos, \u00e0 sua forte voca\u00e7\u00e3o inovadora, ao seu excelente servi\u00e7o e \u00e0 sua fidelidade ao cliente.\" \/>\n<meta property=\"og:url\" content=\"https:\/\/www.huurreiberica.com\/pt-pt\/sobre-huuree\/\" \/>\n<meta property=\"og:site_name\" content=\"Huurre\" \/>\n<meta property=\"article:modified_time\" content=\"2026-04-16T10:00:48+00:00\" \/>\n<meta name=\"twitter:card\" content=\"summary_large_image\" \/>\n<meta name=\"twitter:label1\" content=\"Tempo estimado de leitura\" \/>\n\t<meta name=\"twitter:data1\" content=\"1 minuto\" \/>\n<script type=\"application\/ld+json\" class=\"yoast-schema-graph\">{\"@context\":\"https:\\\/\\\/schema.org\",\"@graph\":[{\"@type\":\"WebPage\",\"@id\":\"https:\\\/\\\/www.huurreiberica.com\\\/pt-pt\\\/sobre-huuree\\\/\",\"url\":\"https:\\\/\\\/www.huurreiberica.com\\\/pt-pt\\\/sobre-huuree\\\/\",\"name\":\"Sobre Huurre - Huurre\",\"isPartOf\":{\"@id\":\"https:\\\/\\\/www.huurreiberica.com\\\/pt-pt\\\/#website\"},\"datePublished\":\"2024-01-08T10:35:00+00:00\",\"dateModified\":\"2026-04-16T10:00:48+00:00\",\"description\":\"Com uma longa trajet\u00f3ria e vasta experi\u00eancia, a Huurre consolida-se como fornecedora dos setores industrial, agroalimentar, terci\u00e1rio e da constru\u00e7\u00e3o, gra\u00e7as \u00e0 excel\u00eancia e qualidade dos seus produtos, \u00e0 sua forte voca\u00e7\u00e3o inovadora, ao seu excelente servi\u00e7o e \u00e0 sua fidelidade ao cliente.\",\"breadcrumb\":{\"@id\":\"https:\\\/\\\/www.huurreiberica.com\\\/pt-pt\\\/sobre-huuree\\\/#breadcrumb\"},\"inLanguage\":\"pt-PT\",\"potentialAction\":[{\"@type\":\"ReadAction\",\"target\":[\"https:\\\/\\\/www.huurreiberica.com\\\/pt-pt\\\/sobre-huuree\\\/\"]}]},{\"@type\":\"BreadcrumbList\",\"@id\":\"https:\\\/\\\/www.huurreiberica.com\\\/pt-pt\\\/sobre-huuree\\\/#breadcrumb\",\"itemListElement\":[{\"@type\":\"ListItem\",\"position\":1,\"name\":\"Home\",\"item\":\"https:\\\/\\\/www.huurreiberica.com\\\/pt-pt\\\/\"},{\"@type\":\"ListItem\",\"position\":2,\"name\":\"Sobre Huurre\"}]},{\"@type\":\"WebSite\",\"@id\":\"https:\\\/\\\/www.huurreiberica.com\\\/pt-pt\\\/#website\",\"url\":\"https:\\\/\\\/www.huurreiberica.com\\\/pt-pt\\\/\",\"name\":\"Huurre\",\"description\":\"Paneles aislantes para edificios eficientes y sostenibles | Fabricamos paneles para fachadas, paredes interiores,\",\"potentialAction\":[{\"@type\":\"SearchAction\",\"target\":{\"@type\":\"EntryPoint\",\"urlTemplate\":\"https:\\\/\\\/www.huurreiberica.com\\\/pt-pt\\\/?s={search_term_string}\"},\"query-input\":{\"@type\":\"PropertyValueSpecification\",\"valueRequired\":true,\"valueName\":\"search_term_string\"}}],\"inLanguage\":\"pt-PT\"}]}<\/script>\n<!-- \/ Yoast SEO plugin. -->","yoast_head_json":{"title":"Sobre Huurre - Huurre","description":"Com uma longa trajet\u00f3ria e vasta experi\u00eancia, a Huurre consolida-se como fornecedora dos setores industrial, agroalimentar, terci\u00e1rio e da constru\u00e7\u00e3o, gra\u00e7as \u00e0 excel\u00eancia e qualidade dos seus produtos, \u00e0 sua forte voca\u00e7\u00e3o inovadora, ao seu excelente servi\u00e7o e \u00e0 sua fidelidade ao cliente.","robots":{"index":"index","follow":"follow","max-snippet":"max-snippet:-1","max-image-preview":"max-image-preview:large","max-video-preview":"max-video-preview:-1"},"canonical":"https:\/\/www.huurreiberica.com\/pt-pt\/sobre-huuree\/","og_locale":"pt_PT","og_type":"article","og_title":"Sobre Huurre - Huurre","og_description":"Com uma longa trajet\u00f3ria e vasta experi\u00eancia, a Huurre consolida-se como fornecedora dos setores industrial, agroalimentar, terci\u00e1rio e da constru\u00e7\u00e3o, gra\u00e7as \u00e0 excel\u00eancia e qualidade dos seus produtos, \u00e0 sua forte voca\u00e7\u00e3o inovadora, ao seu excelente servi\u00e7o e \u00e0 sua fidelidade ao cliente.","og_url":"https:\/\/www.huurreiberica.com\/pt-pt\/sobre-huuree\/","og_site_name":"Huurre","article_modified_time":"2026-04-16T10:00:48+00:00","twitter_card":"summary_large_image","twitter_misc":{"Tempo estimado de leitura":"1 minuto"},"schema":{"@context":"https:\/\/schema.org","@graph":[{"@type":"WebPage","@id":"https:\/\/www.huurreiberica.com\/pt-pt\/sobre-huuree\/","url":"https:\/\/www.huurreiberica.com\/pt-pt\/sobre-huuree\/","name":"Sobre Huurre - Huurre","isPartOf":{"@id":"https:\/\/www.huurreiberica.com\/pt-pt\/#website"},"datePublished":"2024-01-08T10:35:00+00:00","dateModified":"2026-04-16T10:00:48+00:00","description":"Com uma longa trajet\u00f3ria e vasta experi\u00eancia, a Huurre consolida-se como fornecedora dos setores industrial, agroalimentar, terci\u00e1rio e da constru\u00e7\u00e3o, gra\u00e7as \u00e0 excel\u00eancia e qualidade dos seus produtos, \u00e0 sua forte voca\u00e7\u00e3o inovadora, ao seu excelente servi\u00e7o e \u00e0 sua fidelidade ao cliente.","breadcrumb":{"@id":"https:\/\/www.huurreiberica.com\/pt-pt\/sobre-huuree\/#breadcrumb"},"inLanguage":"pt-PT","potentialAction":[{"@type":"ReadAction","target":["https:\/\/www.huurreiberica.com\/pt-pt\/sobre-huuree\/"]}]},{"@type":"BreadcrumbList","@id":"https:\/\/www.huurreiberica.com\/pt-pt\/sobre-huuree\/#breadcrumb","itemListElement":[{"@type":"ListItem","position":1,"name":"Home","item":"https:\/\/www.huurreiberica.com\/pt-pt\/"},{"@type":"ListItem","position":2,"name":"Sobre Huurre"}]},{"@type":"WebSite","@id":"https:\/\/www.huurreiberica.com\/pt-pt\/#website","url":"https:\/\/www.huurreiberica.com\/pt-pt\/","name":"Huurre","description":"Paneles aislantes para edificios eficientes y sostenibles | Fabricamos paneles para fachadas, paredes interiores,","potentialAction":[{"@type":"SearchAction","target":{"@type":"EntryPoint","urlTemplate":"https:\/\/www.huurreiberica.com\/pt-pt\/?s={search_term_string}"},"query-input":{"@type":"PropertyValueSpecification","valueRequired":true,"valueName":"search_term_string"}}],"inLanguage":"pt-PT"}]}},"featured_image_src":null,"featured_image_src_square":null,"_links":{"self":[{"href":"https:\/\/www.huurreiberica.com\/pt-pt\/wp-json\/wp\/v2\/pages\/543","targetHints":{"allow":["GET"]}}],"collection":[{"href":"https:\/\/www.huurreiberica.com\/pt-pt\/wp-json\/wp\/v2\/pages"}],"about":[{"href":"https:\/\/www.huurreiberica.com\/pt-pt\/wp-json\/wp\/v2\/types\/page"}],"author":[{"embeddable":true,"href":"https:\/\/www.huurreiberica.com\/pt-pt\/wp-json\/wp\/v2\/users\/1"}],"replies":[{"embeddable":true,"href":"https:\/\/www.huurreiberica.com\/pt-pt\/wp-json\/wp\/v2\/comments?post=543"}],"version-history":[{"count":45,"href":"https:\/\/www.huurreiberica.com\/pt-pt\/wp-json\/wp\/v2\/pages\/543\/revisions"}],"predecessor-version":[{"id":20025,"href":"https:\/\/www.huurreiberica.com\/pt-pt\/wp-json\/wp\/v2\/pages\/543\/revisions\/20025"}],"wp:attachment":[{"href":"https:\/\/www.huurreiberica.com\/pt-pt\/wp-json\/wp\/v2\/media?parent=543"}],"curies":[{"name":"wp","href":"https:\/\/api.w.org\/{rel}","templated":true}]}}