{"id":8255,"date":"2026-04-17T09:09:00","date_gmt":"2026-04-17T07:09:00","guid":{"rendered":"https:\/\/www.huurreiberica.com\/?page_id=8255"},"modified":"2026-04-16T13:28:44","modified_gmt":"2026-04-16T11:28:44","slug":"sustentabilidade","status":"publish","type":"page","link":"https:\/\/www.huurreiberica.com\/pt-pt\/sustentabilidade\/","title":{"rendered":"Sustentabilidade"},"content":{"rendered":"\n<h2 class=\"wp-block-heading\">Sustentabilidade<\/h2>\n\n\n\n<script type=\"text\/javascript\">\n    \n    jQuery(function($) {\n        $( \"#accordion\" ).accordion({\n          heightStyle: \"content\",\n        });\n    });\n\n<\/script>\n\n\n<div id=\"block-acordeon-block_183c2affc1eadaad839b898fb9b974e7\" class=\"block-acordeon\">\n\n    <div id=\"accordion\" class=\"list-acordeon\">\n                    <h3><span>Planet Passionate<\/span><\/h3>\n            <div class=\"texto\">\n                <div class=\"control\">\n                    <p>Planet Passionate \u00e9 o programa global de sustentabilidade ambiental da Kingspan. Atrav\u00e9s do Planet Passionate, a Kingspan aborda os desafios relacionados com as altera\u00e7\u00f5es clim\u00e1ticas, a utiliza\u00e7\u00e3o eficiente dos recursos e a conserva\u00e7\u00e3o do mundo natural.<br \/>\nO programa estabelece igualmente metas para 2030 em quatro \u00e1reas definidas: carbono, energia, circularidade e \u00e1gua.<\/p>\n<p><strong>Carbono<\/strong><\/p>\n<ul>\n<li>&#8211; Redu\u00e7\u00e3o de 65% das emiss\u00f5es de GEE de \u00e2mbito 1 e 2 em compara\u00e7\u00e3o com 2020<\/li>\n<li>&#8211; Redu\u00e7\u00e3o de 15% da intensidade de CO\u2082 das principais mat\u00e9rias-primas em compara\u00e7\u00e3o com 2020<\/li>\n<li>&#8211; \u2265\u202f90% da frota de ve\u00edculos da empresa com emiss\u00f5es zero<\/li>\n<\/ul>\n<p>&nbsp;<\/p>\n<p><strong>Energia<\/strong><\/p>\n<ul>\n<li>&#8211; 60% de consumo de energia renov\u00e1vel<\/li>\n<li>&#8211; Certifica\u00e7\u00e3o ISO 50001 em grandes unidades<\/li>\n<li>&#8211; Sistemas solares fotovoltaicos em todas as unidades pr\u00f3prias<\/li>\n<\/ul>\n<p>&nbsp;<\/p>\n<p><strong>Circularidade<\/strong><\/p>\n<ul>\n<li>&#8211; Zero res\u00edduos enviados para aterro<\/li>\n<li>&#8211; 1,5 milh\u00f5es de toneladas de mat\u00e9rias-primas recicladas ou renov\u00e1veis utilizadas anualmente<\/li>\n<li>&#8211; Implementa\u00e7\u00e3o de 20 programas de recolha e reciclagem de produtos<\/li>\n<\/ul>\n<p>&nbsp;<\/p>\n<p><strong>\u00c1gua<\/strong><\/p>\n<ul>\n<li>&#8211; Capta\u00e7\u00e3o de 100 milh\u00f5es de litros de \u00e1gua da chuva<\/li>\n<\/ul>\n<p>&nbsp;<\/p>\n<p>O relat\u00f3rio \u00abPlanet Passionate 2025\u00bb da Kingspan apresenta os progressos realizados relativamente \u00e0s metas definidas para 2030. Estes progressos incluem uma redu\u00e7\u00e3o de 70% das emiss\u00f5es de \u00e2mbito 1 e 2 em compara\u00e7\u00e3o com os n\u00edveis de 2020, a utiliza\u00e7\u00e3o de 63% de energias renov\u00e1veis e a incorpora\u00e7\u00e3o de 1,05 milh\u00f5es de toneladas de mat\u00e9rias-primas recicladas e renov\u00e1veis nas opera\u00e7\u00f5es.<\/p>\n<p><a href=\"https:\/\/viewer.ipaper.io\/kingspan\/c2510682-planet-passionate-report-2025\/c2510682-planet-passionate-report-2025\/\" target=\"_blank\" rel=\"noopener\">Consultar o relat\u00f3rio completo de 2025.<\/a><\/p>\n<div class=\"ewa-rteLine\"><\/div>\n<div class=\"ewa-rteLine\">\n<p><iframe loading=\"lazy\" title=\"El grupo Kingspan se compromete con el Planeta: Conoce Planet Passionate\" width=\"500\" height=\"281\" src=\"https:\/\/www.youtube.com\/embed\/JduRNBzpCNI?start=128&#038;feature=oembed\" frameborder=\"0\" allow=\"accelerometer; autoplay; clipboard-write; encrypted-media; gyroscope; picture-in-picture; web-share\" referrerpolicy=\"strict-origin-when-cross-origin\" allowfullscreen><\/iframe><\/p>\n<p style=\"text-align: left\">\n<\/div>\n                <\/div>\n            <\/div>\n                    <h3><span>Pol\u00edtica ambiental da Huurre<\/span><\/h3>\n            <div class=\"texto\">\n                <div class=\"control\">\n                    <p>Na Huurre, ambicionamos ser respons\u00e1veis \u200b\u200be sustent\u00e1veis \u200b\u200bem todas as nossas a\u00e7\u00f5es. O nosso compromisso reflete-se em pol\u00edticas fundamentais que integram o crescimento, a responsabilidade e o respeito pelo ambiente.<\/p>\n<p><strong>Principais linhas de atua\u00e7\u00e3o:<\/strong><\/p>\n<p><strong>Aprovisionamento respons\u00e1vel:<\/strong> A Huurre exige aos seus fornecedores o cumprimento de determinados padr\u00f5es, incluindo certifica\u00e7\u00f5es ISO quando aplic\u00e1veis, com o objetivo de promover pr\u00e1ticas relacionadas com a prote\u00e7\u00e3o ambiental, a sa\u00fade, a seguran\u00e7a e a qualidade.<\/p>\n<p><strong>Rela\u00e7\u00e3o com o enquadramento e a comunidade:<\/strong> A empresa mant\u00e9m canais de di\u00e1logo com o contexto local e as autoridades competentes, promove a contrata\u00e7\u00e3o de fornecedores locais sempre que poss\u00edvel e aplica crit\u00e9rios de igualdade e diversidade nos seus processos de recrutamento.<\/p>\n<p><strong>Utiliza\u00e7\u00e3o eficiente dos recursos:<\/strong> No processo produtivo s\u00e3o incorporados materiais reciclados, como garrafas PET em determinados produtos; os sistemas de embalagem s\u00e3o otimizados; e s\u00e3o implementadas medidas orientadas para a redu\u00e7\u00e3o e gest\u00e3o de res\u00edduos.<\/p>\n<p><strong>Gest\u00e3o da \u00e1gua:<\/strong> A Huurre monitoriza o consumo de \u00e1gua e implementa medidas de controlo para detetar e corrigir eventuais desvios, considerando a gest\u00e3o respons\u00e1vel dos recursos h\u00eddricos como um aspeto relevante da sua atividade.<\/p>\n<p><strong>Energia e emiss\u00f5es:<\/strong> A empresa avalia oportunidades de melhoria e de integra\u00e7\u00e3o de energias renov\u00e1veis, com o objetivo de reduzir as emiss\u00f5es associadas \u00e0s suas opera\u00e7\u00f5es.<\/p>\n<p><strong>Transporte:<\/strong> S\u00e3o aplicadas medidas orientadas para melhorar a efici\u00eancia do transporte e das desloca\u00e7\u00f5es associadas \u00e0 atividade empresarial.<\/p>\n<p>O desenvolvimento destas a\u00e7\u00f5es \u00e9 apoiado pela colabora\u00e7\u00e3o de colaboradores, fornecedores, clientes e outros grupos de interesse, no \u00e2mbito de uma abordagem de melhoria cont\u00ednua.<\/p>\n<p><a href=\"Pol\u00edticas%20de%20Qualidade,%20Sustentabilidade%20e%20Ambiente\">Aceda \u00e0s Pol\u00edticas de Qualidade, Sustentabilidade e Ambiente<\/a><\/p>\n<div class=\"ewa-rteLine\" style=\"text-align: center\"><\/div>\n<div>\n<p><iframe loading=\"lazy\" title=\"Instalaci\u00f3n fotovoltaica instalaciones Huurre Ib\u00e9rica (Cass\u00e0 de la Selva)\" width=\"500\" height=\"281\" src=\"https:\/\/www.youtube.com\/embed\/9J0mmwQk05c?feature=oembed\" frameborder=\"0\" allow=\"accelerometer; autoplay; clipboard-write; encrypted-media; gyroscope; picture-in-picture; web-share\" referrerpolicy=\"strict-origin-when-cross-origin\" allowfullscreen><\/iframe><\/p>\n<\/div>\n<p>&nbsp;<\/p>\n                <\/div>\n            <\/div>\n                    <h3><span>Planet Passionate Communities<\/span><\/h3>\n            <div class=\"texto\">\n                <div class=\"control\">\n                    <p>A Planet Passionate Communities \u00e9 a iniciativa comunit\u00e1ria e filantr\u00f3pica integrada no programa global de sustentabilidade da Kingspan, o Planet Passionate.<\/p>\n<p>O programa Planet Passionate Communities baseia-se no apoio a iniciativas destinadas a gerar um impacto social positivo e duradouro nas nossas comunidades.<\/p>\n<p>Neste contexto, a Huurre dedica tempo e recursos ao apoio de projetos comunit\u00e1rios na sua \u00e1rea de atua\u00e7\u00e3o, de acordo com as caracter\u00edsticas e necessidades locais.<\/p>\n<p><a href=\"https:\/\/www.huurreiberica.com\/pt-pt\/fundo-comunitario-planet-passionate\/\" target=\"_blank\" rel=\"noopener\">Conhe\u00e7a a iniciativa do Fundo Comunit\u00e1rio Planet Passionate<\/a><\/p>\n<p><img loading=\"lazy\" decoding=\"async\" class=\"alignnone size-medium wp-image-5030\" src=\"https:\/\/www.huurreiberica.com\/wp-content\/uploads\/2024\/03\/cq5dam.web_.1280.1280-1-300x193.jpeg\" alt=\"\" width=\"300\" height=\"193\" srcset=\"https:\/\/www.huurreiberica.com\/wp-content\/uploads\/2024\/03\/cq5dam.web_.1280.1280-1-300x193.jpeg 300w, https:\/\/www.huurreiberica.com\/wp-content\/uploads\/2024\/03\/cq5dam.web_.1280.1280-1-1024x658.jpeg 1024w, https:\/\/www.huurreiberica.com\/wp-content\/uploads\/2024\/03\/cq5dam.web_.1280.1280-1-768x493.jpeg 768w, https:\/\/www.huurreiberica.com\/wp-content\/uploads\/2024\/03\/cq5dam.web_.1280.1280-1.jpeg 1280w\" sizes=\"auto, (max-width: 300px) 100vw, 300px\" \/><\/p>\n<p>&nbsp;<\/p>\n<p>&nbsp;<\/p>\n                <\/div>\n            <\/div>\n                    <h3><span>Declara\u00e7\u00e3o Ambiental do Produto (EPD)<\/span><\/h3>\n            <div class=\"texto\">\n                <div class=\"control\">\n                    <p><strong>Abordagem \u00e0 sustentabilidade<\/strong><\/p>\n<p>A EPD \u00e9 uma declara\u00e7\u00e3o ambiental verificada por um organismo independente que fornece informa\u00e7\u00f5es objetivas sobre o impacto ambiental de um produto ao longo de todo o seu ciclo de vida. Recolhe dados relativos \u00e0 utiliza\u00e7\u00e3o de recursos, ao consumo energ\u00e9tico, \u00e0s emiss\u00f5es de CO\u2082 e a outros indicadores ambientais relevantes. A obten\u00e7\u00e3o desta certifica\u00e7\u00e3o demonstra a coer\u00eancia dos processos produtivos e o compromisso da Huurre com uma gest\u00e3o respons\u00e1vel do ambiente.<\/p>\n<p>Para mais informa\u00e7\u00f5es, as EPD da Huurre est\u00e3o dispon\u00edveis publicamente na seguinte plataforma: <a href=\"https:\/\/www.environdec.com\/library?q=Huurre\" target=\"_blank\" rel=\"noopener\">https:\/\/www.environdec.com\/library<\/a><\/p>\n<p><img loading=\"lazy\" decoding=\"async\" class=\"alignnone size-medium wp-image-8243\" src=\"https:\/\/www.huurreiberica.com\/wp-content\/uploads\/2024\/09\/EPD-logo-300x210.png\" alt=\"\" width=\"300\" height=\"210\" srcset=\"https:\/\/www.huurreiberica.com\/wp-content\/uploads\/2024\/09\/EPD-logo-300x210.png 300w, https:\/\/www.huurreiberica.com\/wp-content\/uploads\/2024\/09\/EPD-logo-768x538.png 768w, https:\/\/www.huurreiberica.com\/wp-content\/uploads\/2024\/09\/EPD-logo.png 850w\" sizes=\"auto, (max-width: 300px) 100vw, 300px\" \/><\/p>\n                <\/div>\n            <\/div>\n            <\/div>\n       \n   \n<\/div>\n\n","protected":false},"excerpt":{"rendered":"<p>Sustentabilidade<\/p>\n","protected":false},"author":11,"featured_media":0,"parent":0,"menu_order":0,"comment_status":"closed","ping_status":"closed","template":"page-templates\/page-sobre-huurre.php","meta":{"_acf_changed":false,"_oasis_is_in_workflow":0,"_oasis_original":0,"_oasis_task_priority":"2normal","_genesis_hide_title":false,"_genesis_hide_breadcrumbs":false,"_genesis_hide_singular_image":false,"_genesis_hide_footer_widgets":false,"_genesis_custom_body_class":"","_genesis_custom_post_class":"","_genesis_layout":"","footnotes":""},"class_list":{"0":"post-8255","1":"page","2":"type-page","3":"status-publish","5":"entry"},"acf":[],"yoast_head":"<!-- This site is optimized with the Yoast SEO plugin v27.3 - https:\/\/yoast.com\/product\/yoast-seo-wordpress\/ -->\n<title>Sustentabilidade - Huurre<\/title>\n<meta name=\"description\" content=\"Na Huurre, aspiramos ser respons\u00e1veis e sustent\u00e1veis em todas as nossas a\u00e7\u00f5es.O nosso compromisso reflete-se em pol\u00edticas fundamentais que integram crescimento, responsabilidade e respeito pelo ambiente.\" \/>\n<meta name=\"robots\" content=\"index, follow, max-snippet:-1, max-image-preview:large, max-video-preview:-1\" \/>\n<link rel=\"canonical\" href=\"https:\/\/www.huurreiberica.com\/pt-pt\/sustentabilidade\/\" \/>\n<meta property=\"og:locale\" content=\"pt_PT\" \/>\n<meta property=\"og:type\" content=\"article\" \/>\n<meta property=\"og:title\" content=\"Sustentabilidade - Huurre\" \/>\n<meta property=\"og:description\" content=\"Na Huurre, aspiramos ser respons\u00e1veis e sustent\u00e1veis em todas as nossas a\u00e7\u00f5es.O nosso compromisso reflete-se em pol\u00edticas fundamentais que integram crescimento, responsabilidade e respeito pelo ambiente.\" \/>\n<meta property=\"og:url\" content=\"https:\/\/www.huurreiberica.com\/pt-pt\/sustentabilidade\/\" \/>\n<meta property=\"og:site_name\" content=\"Huurre\" \/>\n<meta name=\"twitter:card\" content=\"summary_large_image\" \/>\n<meta name=\"twitter:label1\" content=\"Tempo estimado de leitura\" \/>\n\t<meta name=\"twitter:data1\" content=\"1 minuto\" \/>\n<script type=\"application\/ld+json\" class=\"yoast-schema-graph\">{\"@context\":\"https:\\\/\\\/schema.org\",\"@graph\":[{\"@type\":\"WebPage\",\"@id\":\"https:\\\/\\\/www.huurreiberica.com\\\/pt-pt\\\/sustentabilidade\\\/\",\"url\":\"https:\\\/\\\/www.huurreiberica.com\\\/pt-pt\\\/sustentabilidade\\\/\",\"name\":\"Sustentabilidade - Huurre\",\"isPartOf\":{\"@id\":\"https:\\\/\\\/www.huurreiberica.com\\\/pt-pt\\\/#website\"},\"datePublished\":\"2026-04-17T07:09:00+00:00\",\"description\":\"Na Huurre, aspiramos ser respons\u00e1veis e sustent\u00e1veis em todas as nossas a\u00e7\u00f5es.O nosso compromisso reflete-se em pol\u00edticas fundamentais que integram crescimento, responsabilidade e respeito pelo ambiente.\",\"breadcrumb\":{\"@id\":\"https:\\\/\\\/www.huurreiberica.com\\\/pt-pt\\\/sustentabilidade\\\/#breadcrumb\"},\"inLanguage\":\"pt-PT\",\"potentialAction\":[{\"@type\":\"ReadAction\",\"target\":[\"https:\\\/\\\/www.huurreiberica.com\\\/pt-pt\\\/sustentabilidade\\\/\"]}]},{\"@type\":\"BreadcrumbList\",\"@id\":\"https:\\\/\\\/www.huurreiberica.com\\\/pt-pt\\\/sustentabilidade\\\/#breadcrumb\",\"itemListElement\":[{\"@type\":\"ListItem\",\"position\":1,\"name\":\"Home\",\"item\":\"https:\\\/\\\/www.huurreiberica.com\\\/pt-pt\\\/\"},{\"@type\":\"ListItem\",\"position\":2,\"name\":\"Sustentabilidade\"}]},{\"@type\":\"WebSite\",\"@id\":\"https:\\\/\\\/www.huurreiberica.com\\\/pt-pt\\\/#website\",\"url\":\"https:\\\/\\\/www.huurreiberica.com\\\/pt-pt\\\/\",\"name\":\"Huurre\",\"description\":\"Paneles aislantes para edificios eficientes y sostenibles | Fabricamos paneles para fachadas, paredes interiores,\",\"potentialAction\":[{\"@type\":\"SearchAction\",\"target\":{\"@type\":\"EntryPoint\",\"urlTemplate\":\"https:\\\/\\\/www.huurreiberica.com\\\/pt-pt\\\/?s={search_term_string}\"},\"query-input\":{\"@type\":\"PropertyValueSpecification\",\"valueRequired\":true,\"valueName\":\"search_term_string\"}}],\"inLanguage\":\"pt-PT\"}]}<\/script>\n<!-- \/ Yoast SEO plugin. -->","yoast_head_json":{"title":"Sustentabilidade - Huurre","description":"Na Huurre, aspiramos ser respons\u00e1veis e sustent\u00e1veis em todas as nossas a\u00e7\u00f5es.O nosso compromisso reflete-se em pol\u00edticas fundamentais que integram crescimento, responsabilidade e respeito pelo ambiente.","robots":{"index":"index","follow":"follow","max-snippet":"max-snippet:-1","max-image-preview":"max-image-preview:large","max-video-preview":"max-video-preview:-1"},"canonical":"https:\/\/www.huurreiberica.com\/pt-pt\/sustentabilidade\/","og_locale":"pt_PT","og_type":"article","og_title":"Sustentabilidade - Huurre","og_description":"Na Huurre, aspiramos ser respons\u00e1veis e sustent\u00e1veis em todas as nossas a\u00e7\u00f5es.O nosso compromisso reflete-se em pol\u00edticas fundamentais que integram crescimento, responsabilidade e respeito pelo ambiente.","og_url":"https:\/\/www.huurreiberica.com\/pt-pt\/sustentabilidade\/","og_site_name":"Huurre","twitter_card":"summary_large_image","twitter_misc":{"Tempo estimado de leitura":"1 minuto"},"schema":{"@context":"https:\/\/schema.org","@graph":[{"@type":"WebPage","@id":"https:\/\/www.huurreiberica.com\/pt-pt\/sustentabilidade\/","url":"https:\/\/www.huurreiberica.com\/pt-pt\/sustentabilidade\/","name":"Sustentabilidade - Huurre","isPartOf":{"@id":"https:\/\/www.huurreiberica.com\/pt-pt\/#website"},"datePublished":"2026-04-17T07:09:00+00:00","description":"Na Huurre, aspiramos ser respons\u00e1veis e sustent\u00e1veis em todas as nossas a\u00e7\u00f5es.O nosso compromisso reflete-se em pol\u00edticas fundamentais que integram crescimento, responsabilidade e respeito pelo ambiente.","breadcrumb":{"@id":"https:\/\/www.huurreiberica.com\/pt-pt\/sustentabilidade\/#breadcrumb"},"inLanguage":"pt-PT","potentialAction":[{"@type":"ReadAction","target":["https:\/\/www.huurreiberica.com\/pt-pt\/sustentabilidade\/"]}]},{"@type":"BreadcrumbList","@id":"https:\/\/www.huurreiberica.com\/pt-pt\/sustentabilidade\/#breadcrumb","itemListElement":[{"@type":"ListItem","position":1,"name":"Home","item":"https:\/\/www.huurreiberica.com\/pt-pt\/"},{"@type":"ListItem","position":2,"name":"Sustentabilidade"}]},{"@type":"WebSite","@id":"https:\/\/www.huurreiberica.com\/pt-pt\/#website","url":"https:\/\/www.huurreiberica.com\/pt-pt\/","name":"Huurre","description":"Paneles aislantes para edificios eficientes y sostenibles | Fabricamos paneles para fachadas, paredes interiores,","potentialAction":[{"@type":"SearchAction","target":{"@type":"EntryPoint","urlTemplate":"https:\/\/www.huurreiberica.com\/pt-pt\/?s={search_term_string}"},"query-input":{"@type":"PropertyValueSpecification","valueRequired":true,"valueName":"search_term_string"}}],"inLanguage":"pt-PT"}]}},"featured_image_src":null,"featured_image_src_square":null,"_links":{"self":[{"href":"https:\/\/www.huurreiberica.com\/pt-pt\/wp-json\/wp\/v2\/pages\/8255","targetHints":{"allow":["GET"]}}],"collection":[{"href":"https:\/\/www.huurreiberica.com\/pt-pt\/wp-json\/wp\/v2\/pages"}],"about":[{"href":"https:\/\/www.huurreiberica.com\/pt-pt\/wp-json\/wp\/v2\/types\/page"}],"author":[{"embeddable":true,"href":"https:\/\/www.huurreiberica.com\/pt-pt\/wp-json\/wp\/v2\/users\/11"}],"replies":[{"embeddable":true,"href":"https:\/\/www.huurreiberica.com\/pt-pt\/wp-json\/wp\/v2\/comments?post=8255"}],"version-history":[{"count":29,"href":"https:\/\/www.huurreiberica.com\/pt-pt\/wp-json\/wp\/v2\/pages\/8255\/revisions"}],"predecessor-version":[{"id":20110,"href":"https:\/\/www.huurreiberica.com\/pt-pt\/wp-json\/wp\/v2\/pages\/8255\/revisions\/20110"}],"wp:attachment":[{"href":"https:\/\/www.huurreiberica.com\/pt-pt\/wp-json\/wp\/v2\/media?parent=8255"}],"curies":[{"name":"wp","href":"https:\/\/api.w.org\/{rel}","templated":true}]}}