{"id":8785,"date":"2026-04-17T09:09:00","date_gmt":"2026-04-17T07:09:00","guid":{"rendered":"https:\/\/www.huurreiberica.com\/?page_id=8785"},"modified":"2026-04-20T09:30:38","modified_gmt":"2026-04-20T07:30:38","slug":"qualidade-e-desenvolvimento","status":"publish","type":"page","link":"https:\/\/www.huurreiberica.com\/pt-pt\/qualidade-e-desenvolvimento\/","title":{"rendered":"Qualidade e desenvolvimento"},"content":{"rendered":"\n<h2 class=\"wp-block-heading\">Qualidade e desenvolvimento<\/h2>\n\n\n\n<script type=\"text\/javascript\">\n    \n    jQuery(function($) {\n        $( \"#accordion\" ).accordion({\n          heightStyle: \"content\",\n        });\n    });\n\n<\/script>\n\n\n<div id=\"block-acordeon-block_081be6810be2aac442e15b2edeca3bb6\" class=\"block-acordeon\">\n\n    <div id=\"accordion\" class=\"list-acordeon\">\n                    <h3><span>Compromisso com a qualidade<\/span><\/h3>\n            <div class=\"texto\">\n                <div class=\"control\">\n                    <div class=\"ewa-rteLine\">\n<p>O compromisso com a qualidade \u00e9 uma parte fundamental da filosofia da Huurre, estando profundamente enraizado em todos os n\u00edveis da empresa.<\/p>\n<p>A Huurre implementa um rigoroso controlo de qualidade em todos os seus produtos e processos de produ\u00e7\u00e3o. No caso da produ\u00e7\u00e3o de pain\u00e9is sandwich, s\u00e3o realizados diversos ensaios, como testes estruturais, medi\u00e7\u00e3o da densidade do n\u00facleo, condutividade t\u00e9rmica, estabilidade dimensional, absor\u00e7\u00e3o de \u00e1gua, entre outros.<\/p>\n<p>Al\u00e9m disso, os sistemas de gest\u00e3o internos relacionados com o meio ambiente, a seguran\u00e7a e a gest\u00e3o de Compliance est\u00e3o certificados, sempre em busca da melhoria cont\u00ednua.<\/p>\n<p>Aceda aqui a todas as certifica\u00e7\u00f5es da empresa obtidas nas nossas f\u00e1bricas:<\/p>\n<\/div>\n<div><\/div>\n<div class=\"ewa-rteLine\"><a href=\"\/wp-content\/uploads\/2024\/09\/HUURRE-Certificado_ISO_9001-1.pdf\" target=\"_blank\" rel=\"noopener\">ISO 9001 &#8211; Sistema de Gest\u00e3o da Qualidade<\/a><\/div>\n<div><a href=\"\/wp-content\/uploads\/2024\/09\/HUURRE-Certificado_ISO_14001-1.pdf\" target=\"_blank\" rel=\"noopener\">ISO 14001 &#8211; Sistema de Gest\u00e3o Ambiental<\/a><\/div>\n<div><a href=\"https:\/\/www.huurreiberica.com\/wp-content\/uploads\/2024\/12\/Certificat-ISO-45001-28.09.2027.pdf\" target=\"_blank\" rel=\"noopener\">ISO 45001 &#8211; <\/a><a href=\"\/wp-content\/uploads\/2024\/09\/Huurre-Certificado-ISO-37301-3.pdf\" target=\"_blank\" rel=\"noopener\">Sistema de Gest\u00e3o de Seguran\u00e7a e Sa\u00fade<\/a><\/div>\n                <\/div>\n            <\/div>\n                    <h3><span>Inova\u00e7\u00e3o e investiga\u00e7\u00e3o<\/span><\/h3>\n            <div class=\"texto\">\n                <div class=\"control\">\n                    <p>A Huurre concebe a inova\u00e7\u00e3o como um processo integral e transversal de melhoria cont\u00ednua, n\u00e3o apenas dos seus produtos, mas tamb\u00e9m dos seus processos produtivos e da gest\u00e3o de equipas.<\/p>\n<p>Consequentemente, desenvolveu m\u00e9todos de fabrico mais eficientes e implementou um sistema de produ\u00e7\u00e3o flex\u00edvel que lhe permite reduzir os prazos de entrega, otimizar os custos e obter, nos seus produtos, certifica\u00e7\u00f5es de garantia de qualidade do setor.<\/p>\n<p>&nbsp;<\/p>\n<p><img loading=\"lazy\" decoding=\"async\" class=\"wp-image-7832 aligncenter\" src=\"https:\/\/www.huurreiberica.com\/wp-content\/uploads\/2024\/09\/Huurre-innovacion-infografia-es-300x148.png\" alt=\"\" width=\"523\" height=\"258\" srcset=\"https:\/\/www.huurreiberica.com\/wp-content\/uploads\/2024\/09\/Huurre-innovacion-infografia-es-300x148.png 300w, https:\/\/www.huurreiberica.com\/wp-content\/uploads\/2024\/09\/Huurre-innovacion-infografia-es-768x378.png 768w, https:\/\/www.huurreiberica.com\/wp-content\/uploads\/2024\/09\/Huurre-innovacion-infografia-es.png 851w\" sizes=\"auto, (max-width: 523px) 100vw, 523px\" \/><\/p>\n                <\/div>\n            <\/div>\n                    <h3><span>N\u00facleo QuadCore<\/span><\/h3>\n            <div class=\"texto\">\n                <div class=\"control\">\n                    <p>Em 2018, a Huurre juntou-se ao Grupo Kingspan e especializou-se na pesquisa e desenvolvimento de n\u00facleos isolantes de alto desempenho.<\/p>\n<p>QuadCore\u00ae \u00e9 a nova tecnologia desenvolvida pela Huurre, um n\u00facleo isolante autoformulado com uma estrutura \u00fanica de microc\u00e9lulas cinzas, que oferece alto desempenho t\u00e9rmico e contra fogo para o painel sandu\u00edche.<\/p>\n<p>A estrutura exclusiva de microc\u00e9lulas cinzas do n\u00facleo isolante QuadCore \u00e9 o que lhe confere seu alto desempenho de isolamento t\u00e9rmico, com uma condutividade t\u00e9rmica lambda de apenas 0,019 W\/m.K, alta resist\u00eancia ao fogo, sustentabilidade ambiental e durabilidade ao longo do tempo de uso.<\/p>\n<table style=\"height: 700px\" width=\"515\">\n<tbody>\n<tr>\n<td colspan=\"4\">\n<h3>As vantagens do QuadCore\u00ae<\/h3>\n<\/td>\n<\/tr>\n<tr>\n<td><img loading=\"lazy\" decoding=\"async\" class=\"size-medium wp-image-8309 alignleft\" src=\"https:\/\/www.huurreiberica.com\/wp-content\/uploads\/2024\/09\/huurre-icon-eficiencia-termica-1-300x300.jpg\" alt=\"\" width=\"150\" height=\"150\" srcset=\"https:\/\/www.huurreiberica.com\/wp-content\/uploads\/2024\/09\/huurre-icon-eficiencia-termica-1-300x300.jpg 300w, https:\/\/www.huurreiberica.com\/wp-content\/uploads\/2024\/09\/huurre-icon-eficiencia-termica-1-150x150.jpg 150w, https:\/\/www.huurreiberica.com\/wp-content\/uploads\/2024\/09\/huurre-icon-eficiencia-termica-1-75x75.jpg 75w, https:\/\/www.huurreiberica.com\/wp-content\/uploads\/2024\/09\/huurre-icon-eficiencia-termica-1.jpg 418w\" sizes=\"auto, (max-width: 150px) 100vw, 150px\" \/><\/td>\n<td><img loading=\"lazy\" decoding=\"async\" class=\"size-medium wp-image-8313 alignleft\" src=\"https:\/\/www.huurreiberica.com\/wp-content\/uploads\/2024\/09\/huurre-icon-foc-1-300x300.jpg\" alt=\"\" width=\"150\" height=\"150\" srcset=\"https:\/\/www.huurreiberica.com\/wp-content\/uploads\/2024\/09\/huurre-icon-foc-1-300x300.jpg 300w, https:\/\/www.huurreiberica.com\/wp-content\/uploads\/2024\/09\/huurre-icon-foc-1-150x150.jpg 150w, https:\/\/www.huurreiberica.com\/wp-content\/uploads\/2024\/09\/huurre-icon-foc-1-75x75.jpg 75w, https:\/\/www.huurreiberica.com\/wp-content\/uploads\/2024\/09\/huurre-icon-foc-1.jpg 417w\" sizes=\"auto, (max-width: 150px) 100vw, 150px\" \/><\/td>\n<td><img loading=\"lazy\" decoding=\"async\" class=\"size-medium wp-image-8317 alignleft\" src=\"https:\/\/www.huurreiberica.com\/wp-content\/uploads\/2024\/09\/huurre-icon-sostenibilitat-1-300x300.jpg\" alt=\"\" width=\"150\" height=\"150\" srcset=\"https:\/\/www.huurreiberica.com\/wp-content\/uploads\/2024\/09\/huurre-icon-sostenibilitat-1-300x300.jpg 300w, https:\/\/www.huurreiberica.com\/wp-content\/uploads\/2024\/09\/huurre-icon-sostenibilitat-1-150x150.jpg 150w, https:\/\/www.huurreiberica.com\/wp-content\/uploads\/2024\/09\/huurre-icon-sostenibilitat-1-75x75.jpg 75w, https:\/\/www.huurreiberica.com\/wp-content\/uploads\/2024\/09\/huurre-icon-sostenibilitat-1.jpg 417w\" sizes=\"auto, (max-width: 150px) 100vw, 150px\" \/><\/td>\n<td><img loading=\"lazy\" decoding=\"async\" class=\"size-medium wp-image-8321 alignleft\" src=\"https:\/\/www.huurreiberica.com\/wp-content\/uploads\/2024\/09\/huurre-icon-alta-durabilitat-1-300x300.jpg\" alt=\"\" width=\"150\" height=\"150\" srcset=\"https:\/\/www.huurreiberica.com\/wp-content\/uploads\/2024\/09\/huurre-icon-alta-durabilitat-1-300x300.jpg 300w, https:\/\/www.huurreiberica.com\/wp-content\/uploads\/2024\/09\/huurre-icon-alta-durabilitat-1-150x150.jpg 150w, https:\/\/www.huurreiberica.com\/wp-content\/uploads\/2024\/09\/huurre-icon-alta-durabilitat-1-75x75.jpg 75w, https:\/\/www.huurreiberica.com\/wp-content\/uploads\/2024\/09\/huurre-icon-alta-durabilitat-1.jpg 417w\" sizes=\"auto, (max-width: 150px) 100vw, 150px\" \/><\/td>\n<\/tr>\n<tr>\n<td>\n<h6>Elevada efici\u00eancia t\u00e9rmica<\/h6>\n<\/td>\n<td>\n<h6>Elevado n\u00edvel de prote\u00e7\u00e3o contra inc\u00eandios<\/h6>\n<\/td>\n<td>\n<h6>Elevada<br \/>\nsustentabilidade<br \/>\nambiental<\/h6>\n<\/td>\n<td>\n<h6><\/h6>\n<h6>Alta durabilidade<\/h6>\n<p>&nbsp;<\/td>\n<\/tr>\n<tr>\n<td>O n\u00facleo isolante<br \/>\nQuadCore 2.0 tem gran<br \/>\ndesempenho t\u00e9rmico,<br \/>\ncom uma condutividade<br \/>\nt\u00e9rmica envelhecida de<br \/>\napenas 0,019W\/m\u00b7 K.<\/td>\n<td>O n\u00facleo QuadCore 2.0<br \/>\ntem um desempenho<br \/>\nsuperior ao fogo,<br \/>\nproporcionando uma<br \/>\nmelhor prote\u00e7\u00e3o em<br \/>\ncaso de inc\u00eandio.<\/td>\n<td>O uso da linha de pain\u00e9is<br \/>\nHI-QuadCore 2.0 DUAL<br \/>\nda Huurre permite reduzir<br \/>\nas perdas de energia<br \/>\noperacional e reduzir as<br \/>\nemiss\u00f5es de transporte<br \/>\nassociadas.<\/td>\n<td>Como n\u00e3o absorve<br \/>\nhumidade, as<br \/>\npresta\u00e7\u00f5es funcionais<br \/>\ndo n\u00facleo QuadCore<br \/>\n2.0 n\u00e3o diminuem com<br \/>\na passagem do tempo,<br \/>\ngarantindo a sua alta<br \/>\ndurabilidade.<\/td>\n<\/tr>\n<\/tbody>\n<\/table>\n<p>&nbsp;<\/p>\n                <\/div>\n            <\/div>\n                    <h3><span>Compromisso Compliance &#8211; as nossas pol\u00edticas<\/span><\/h3>\n            <div class=\"texto\">\n                <div class=\"control\">\n                    <div class=\"ewa-rteLine\">\n<p>Na Huurre, comprometemo-nos a realizar todos os testes e ensaios, tanto de desempenho ao fogo como de outros aspetos de desempenho, com uma abordagem s\u00f3lida e consistente para garantir a integridade da informa\u00e7\u00e3o sobre os nossos produtos. Al\u00e9m disso, asseguramos que a aplica\u00e7\u00e3o segura dos nossos produtos nos edif\u00edcios do futuro seja apoiada por um marketing preciso e aconselhamento t\u00e9cnico competente. Este Compromisso de Conformidade baseia-se em tr\u00eas pilares fundamentais:<\/p>\n<ol>\n<li><strong>Honestidade, Integridade e Conformidade<\/strong><br \/>\nO nosso C\u00f3digo de Conduta atualizado, implementado em todas as empresas do Grupo Kingspan, estabelece expectativas claras para comunica\u00e7\u00f5es empresariais \u00e9ticas e cumprimento da lei.<\/li>\n<li style=\"padding-top: 15px\"><strong>Conformidade dos Produtos<\/strong><br \/>\nSob a lideran\u00e7a do nosso Diretor de Conformidade do Grupo Kingspan, implement\u00e1mos um programa de Gest\u00e3o de Conformidade de acordo com a norma ISO 37301, auditado internamente pelo nosso Grupo de Auditoria Interno e externamente por uma ag\u00eancia internacional especializada.<\/li>\n<li style=\"padding-top: 15px\"><strong>Rastreabilidade Digital<\/strong><br \/>\nO nosso programa de Transforma\u00e7\u00e3o Digital garante a exatid\u00e3o e rastreabilidade das informa\u00e7\u00f5es sobre produtos, incluindo conformidade regulamentar, certifica\u00e7\u00f5es e desempenho mec\u00e2nico.<\/li>\n<\/ol>\n<p>Estes pilares refor\u00e7am o nosso compromisso com a integridade e a transpar\u00eancia, assegurando que os nossos produtos cumpram os mais altos padr\u00f5es de qualidade e seguran\u00e7a.<\/p>\n<\/div>\n<p>&nbsp;<\/p>\n<div>\n<div class=\"ewa-rteLine\"><a href=\"\/wp-content\/uploads\/2024\/09\/Kingspan-fraud-anti-bribery-corruption-policy-en.pdf\" target=\"_blank\" rel=\"noopener\">Pol\u00edtica Anticorrup\u00e7\u00e3o do Grupo Kingspan (descarregar)<\/a><\/div>\n<div class=\"ewa-rteLine\"><a href=\"https:\/\/www.huurreiberica.com\/wp-content\/uploads\/2026\/03\/Kingspan-politica-compliance-2026-en.pdf\" target=\"_blank\" rel=\"noopener\">Pol\u00edtica de Conformidade do Grupo Kingspan (descarregar)<\/a><\/div>\n<div class=\"ewa-rteLine\"><a href=\"\/wp-content\/uploads\/2024\/09\/Huurre-Certificado-ISO-37301-3.pdf\" target=\"_blank\" rel=\"noopener\">ISO 37301 &#8211; <\/a><a href=\"\/wp-content\/uploads\/2024\/09\/Huurre-Certificado-ISO-37301-3.pdf\" target=\"_blank\" rel=\"noopener\">Sistema de Gest\u00e3o Compliance<\/a><a href=\"\/wp-content\/uploads\/2024\/09\/Huurre-Certificado-ISO-37301-3.pdf\" target=\"_blank\" rel=\"noopener\"> (descarregar)<\/a><\/div>\n<div><a href=\"https:\/\/www.huurreiberica.com\/wp-content\/uploads\/2025\/09\/kgr-group-supplier-code-of-conduct-en.pdf\"><span data-olk-copy-source=\"MessageBody\">Pol\u00edtica de fornecedores do Kingspan Group (descarregar)<\/span><\/a><\/div>\n<div><a href=\"https:\/\/www.huurreiberica.com\/wp-content\/uploads\/2025\/05\/kingspan-inclusion-diversity-policy-en.pdf\">Pol\u00edtica de inclus\u00e3o e diversidade do Grupo Kingspan (descarregar)<\/a><\/div>\n<div><a href=\"https:\/\/www.huurreiberica.com\/wp-content\/uploads\/2025\/05\/kingspan-2025-code-of-conduct-en.pdf\">C\u00f3digo de Conduta do Grupo Kingspan (descarregar)<\/a><\/div>\n<div><\/div>\n<\/div>\n                <\/div>\n            <\/div>\n            <\/div>\n       \n   \n<\/div>\n\n","protected":false},"excerpt":{"rendered":"<p>Qualidade e desenvolvimento<\/p>\n","protected":false},"author":11,"featured_media":0,"parent":0,"menu_order":0,"comment_status":"closed","ping_status":"closed","template":"page-templates\/page-sobre-huurre.php","meta":{"_acf_changed":false,"_oasis_is_in_workflow":0,"_oasis_original":0,"_oasis_task_priority":"2normal","_genesis_hide_title":false,"_genesis_hide_breadcrumbs":false,"_genesis_hide_singular_image":false,"_genesis_hide_footer_widgets":false,"_genesis_custom_body_class":"","_genesis_custom_post_class":"","_genesis_layout":"","footnotes":""},"class_list":{"0":"post-8785","1":"page","2":"type-page","3":"status-publish","5":"entry"},"acf":[],"yoast_head":"<!-- This site is optimized with the Yoast SEO plugin v27.3 - https:\/\/yoast.com\/product\/yoast-seo-wordpress\/ -->\n<title>Qualidade e desenvolvimento - Huurre<\/title>\n<meta name=\"description\" content=\"A Huurre implementa um rigoroso controlo de qualidade em todos os seus produtos e processos produtivos. No caso da produ\u00e7\u00e3o de pain\u00e9is sandu\u00edche, s\u00e3o realizados diversos ensaios, tais como testes estruturais, medi\u00e7\u00e3o da densidade do n\u00facleo, condutividade t\u00e9rmica, estabilidade dimensional, absor\u00e7\u00e3o de \u00e1gua, entre outros.\" \/>\n<meta name=\"robots\" content=\"index, follow, max-snippet:-1, max-image-preview:large, max-video-preview:-1\" \/>\n<link rel=\"canonical\" href=\"https:\/\/www.huurreiberica.com\/pt-pt\/qualidade-e-desenvolvimento\/\" \/>\n<meta property=\"og:locale\" content=\"pt_PT\" \/>\n<meta property=\"og:type\" content=\"article\" \/>\n<meta property=\"og:title\" content=\"Qualidade e desenvolvimento - Huurre\" \/>\n<meta property=\"og:description\" content=\"A Huurre implementa um rigoroso controlo de qualidade em todos os seus produtos e processos produtivos. No caso da produ\u00e7\u00e3o de pain\u00e9is sandu\u00edche, s\u00e3o realizados diversos ensaios, tais como testes estruturais, medi\u00e7\u00e3o da densidade do n\u00facleo, condutividade t\u00e9rmica, estabilidade dimensional, absor\u00e7\u00e3o de \u00e1gua, entre outros.\" \/>\n<meta property=\"og:url\" content=\"https:\/\/www.huurreiberica.com\/pt-pt\/qualidade-e-desenvolvimento\/\" \/>\n<meta property=\"og:site_name\" content=\"Huurre\" \/>\n<meta property=\"article:modified_time\" content=\"2026-04-20T07:30:38+00:00\" \/>\n<meta name=\"twitter:card\" content=\"summary_large_image\" \/>\n<meta name=\"twitter:label1\" content=\"Tempo estimado de leitura\" \/>\n\t<meta name=\"twitter:data1\" content=\"1 minuto\" \/>\n<script type=\"application\/ld+json\" class=\"yoast-schema-graph\">{\"@context\":\"https:\\\/\\\/schema.org\",\"@graph\":[{\"@type\":\"WebPage\",\"@id\":\"https:\\\/\\\/www.huurreiberica.com\\\/pt-pt\\\/qualidade-e-desenvolvimento\\\/\",\"url\":\"https:\\\/\\\/www.huurreiberica.com\\\/pt-pt\\\/qualidade-e-desenvolvimento\\\/\",\"name\":\"Qualidade e desenvolvimento - Huurre\",\"isPartOf\":{\"@id\":\"https:\\\/\\\/www.huurreiberica.com\\\/pt-pt\\\/#website\"},\"datePublished\":\"2026-04-17T07:09:00+00:00\",\"dateModified\":\"2026-04-20T07:30:38+00:00\",\"description\":\"A Huurre implementa um rigoroso controlo de qualidade em todos os seus produtos e processos produtivos. No caso da produ\u00e7\u00e3o de pain\u00e9is sandu\u00edche, s\u00e3o realizados diversos ensaios, tais como testes estruturais, medi\u00e7\u00e3o da densidade do n\u00facleo, condutividade t\u00e9rmica, estabilidade dimensional, absor\u00e7\u00e3o de \u00e1gua, entre outros.\",\"breadcrumb\":{\"@id\":\"https:\\\/\\\/www.huurreiberica.com\\\/pt-pt\\\/qualidade-e-desenvolvimento\\\/#breadcrumb\"},\"inLanguage\":\"pt-PT\",\"potentialAction\":[{\"@type\":\"ReadAction\",\"target\":[\"https:\\\/\\\/www.huurreiberica.com\\\/pt-pt\\\/qualidade-e-desenvolvimento\\\/\"]}]},{\"@type\":\"BreadcrumbList\",\"@id\":\"https:\\\/\\\/www.huurreiberica.com\\\/pt-pt\\\/qualidade-e-desenvolvimento\\\/#breadcrumb\",\"itemListElement\":[{\"@type\":\"ListItem\",\"position\":1,\"name\":\"Home\",\"item\":\"https:\\\/\\\/www.huurreiberica.com\\\/pt-pt\\\/\"},{\"@type\":\"ListItem\",\"position\":2,\"name\":\"Qualidade e desenvolvimento\"}]},{\"@type\":\"WebSite\",\"@id\":\"https:\\\/\\\/www.huurreiberica.com\\\/pt-pt\\\/#website\",\"url\":\"https:\\\/\\\/www.huurreiberica.com\\\/pt-pt\\\/\",\"name\":\"Huurre\",\"description\":\"Paneles aislantes para edificios eficientes y sostenibles | Fabricamos paneles para fachadas, paredes interiores,\",\"potentialAction\":[{\"@type\":\"SearchAction\",\"target\":{\"@type\":\"EntryPoint\",\"urlTemplate\":\"https:\\\/\\\/www.huurreiberica.com\\\/pt-pt\\\/?s={search_term_string}\"},\"query-input\":{\"@type\":\"PropertyValueSpecification\",\"valueRequired\":true,\"valueName\":\"search_term_string\"}}],\"inLanguage\":\"pt-PT\"}]}<\/script>\n<!-- \/ Yoast SEO plugin. -->","yoast_head_json":{"title":"Qualidade e desenvolvimento - Huurre","description":"A Huurre implementa um rigoroso controlo de qualidade em todos os seus produtos e processos produtivos. No caso da produ\u00e7\u00e3o de pain\u00e9is sandu\u00edche, s\u00e3o realizados diversos ensaios, tais como testes estruturais, medi\u00e7\u00e3o da densidade do n\u00facleo, condutividade t\u00e9rmica, estabilidade dimensional, absor\u00e7\u00e3o de \u00e1gua, entre outros.","robots":{"index":"index","follow":"follow","max-snippet":"max-snippet:-1","max-image-preview":"max-image-preview:large","max-video-preview":"max-video-preview:-1"},"canonical":"https:\/\/www.huurreiberica.com\/pt-pt\/qualidade-e-desenvolvimento\/","og_locale":"pt_PT","og_type":"article","og_title":"Qualidade e desenvolvimento - Huurre","og_description":"A Huurre implementa um rigoroso controlo de qualidade em todos os seus produtos e processos produtivos. No caso da produ\u00e7\u00e3o de pain\u00e9is sandu\u00edche, s\u00e3o realizados diversos ensaios, tais como testes estruturais, medi\u00e7\u00e3o da densidade do n\u00facleo, condutividade t\u00e9rmica, estabilidade dimensional, absor\u00e7\u00e3o de \u00e1gua, entre outros.","og_url":"https:\/\/www.huurreiberica.com\/pt-pt\/qualidade-e-desenvolvimento\/","og_site_name":"Huurre","article_modified_time":"2026-04-20T07:30:38+00:00","twitter_card":"summary_large_image","twitter_misc":{"Tempo estimado de leitura":"1 minuto"},"schema":{"@context":"https:\/\/schema.org","@graph":[{"@type":"WebPage","@id":"https:\/\/www.huurreiberica.com\/pt-pt\/qualidade-e-desenvolvimento\/","url":"https:\/\/www.huurreiberica.com\/pt-pt\/qualidade-e-desenvolvimento\/","name":"Qualidade e desenvolvimento - Huurre","isPartOf":{"@id":"https:\/\/www.huurreiberica.com\/pt-pt\/#website"},"datePublished":"2026-04-17T07:09:00+00:00","dateModified":"2026-04-20T07:30:38+00:00","description":"A Huurre implementa um rigoroso controlo de qualidade em todos os seus produtos e processos produtivos. No caso da produ\u00e7\u00e3o de pain\u00e9is sandu\u00edche, s\u00e3o realizados diversos ensaios, tais como testes estruturais, medi\u00e7\u00e3o da densidade do n\u00facleo, condutividade t\u00e9rmica, estabilidade dimensional, absor\u00e7\u00e3o de \u00e1gua, entre outros.","breadcrumb":{"@id":"https:\/\/www.huurreiberica.com\/pt-pt\/qualidade-e-desenvolvimento\/#breadcrumb"},"inLanguage":"pt-PT","potentialAction":[{"@type":"ReadAction","target":["https:\/\/www.huurreiberica.com\/pt-pt\/qualidade-e-desenvolvimento\/"]}]},{"@type":"BreadcrumbList","@id":"https:\/\/www.huurreiberica.com\/pt-pt\/qualidade-e-desenvolvimento\/#breadcrumb","itemListElement":[{"@type":"ListItem","position":1,"name":"Home","item":"https:\/\/www.huurreiberica.com\/pt-pt\/"},{"@type":"ListItem","position":2,"name":"Qualidade e desenvolvimento"}]},{"@type":"WebSite","@id":"https:\/\/www.huurreiberica.com\/pt-pt\/#website","url":"https:\/\/www.huurreiberica.com\/pt-pt\/","name":"Huurre","description":"Paneles aislantes para edificios eficientes y sostenibles | Fabricamos paneles para fachadas, paredes interiores,","potentialAction":[{"@type":"SearchAction","target":{"@type":"EntryPoint","urlTemplate":"https:\/\/www.huurreiberica.com\/pt-pt\/?s={search_term_string}"},"query-input":{"@type":"PropertyValueSpecification","valueRequired":true,"valueName":"search_term_string"}}],"inLanguage":"pt-PT"}]}},"featured_image_src":null,"featured_image_src_square":null,"_links":{"self":[{"href":"https:\/\/www.huurreiberica.com\/pt-pt\/wp-json\/wp\/v2\/pages\/8785","targetHints":{"allow":["GET"]}}],"collection":[{"href":"https:\/\/www.huurreiberica.com\/pt-pt\/wp-json\/wp\/v2\/pages"}],"about":[{"href":"https:\/\/www.huurreiberica.com\/pt-pt\/wp-json\/wp\/v2\/types\/page"}],"author":[{"embeddable":true,"href":"https:\/\/www.huurreiberica.com\/pt-pt\/wp-json\/wp\/v2\/users\/11"}],"replies":[{"embeddable":true,"href":"https:\/\/www.huurreiberica.com\/pt-pt\/wp-json\/wp\/v2\/comments?post=8785"}],"version-history":[{"count":34,"href":"https:\/\/www.huurreiberica.com\/pt-pt\/wp-json\/wp\/v2\/pages\/8785\/revisions"}],"predecessor-version":[{"id":20211,"href":"https:\/\/www.huurreiberica.com\/pt-pt\/wp-json\/wp\/v2\/pages\/8785\/revisions\/20211"}],"wp:attachment":[{"href":"https:\/\/www.huurreiberica.com\/pt-pt\/wp-json\/wp\/v2\/media?parent=8785"}],"curies":[{"name":"wp","href":"https:\/\/api.w.org\/{rel}","templated":true}]}}